{"id":2308,"date":"2025-05-23T12:00:48","date_gmt":"2025-05-23T04:00:48","guid":{"rendered":"https:\/\/www.andelutech.com\/?post_type=product&#038;p=2308"},"modified":"2026-01-09T13:21:12","modified_gmt":"2026-01-09T05:21:12","slug":"dynamically-tuned-inertial-navigation-system","status":"publish","type":"product","link":"https:\/\/www.andelutech.com\/es\/product\/dynamically-tuned-inertial-navigation-system\/","title":{"rendered":"AND-DINS Dynamically Tuned Inertial Navigation System"},"content":{"rendered":"","protected":false},"excerpt":{"rendered":"<p><strong><b>Introducci\u00f3n<\/b><\/strong><\/p>\n<p>Sintonizado din\u00e1micamente\u00a0<a href=\"https:\/\/www.ericcointernational.com\/inertial-navigation-system\/\">Sistema de navegaci\u00f3n inercial<\/a>\u00a0consiste en una unidad de medici\u00f3n inercial, sensor de encabezado magn\u00e9tico y controlar la pantalla, antena que recibe sat\u00e9lite, radar doppler y componente de soporte de instalaci\u00f3n. La antena receptora sat\u00e9lite se puede personalizar de acuerdo con las necesidades de BD2 \/GPS\/GLONASS triple antena receptora o antena anti-interferencia BD2. La unidad de medici\u00f3n inercial tambi\u00e9n puede ser una forma separada de unidad de medici\u00f3n inercial, para todo tipo de sistema de control de vuelo de misiles y sistema de orientaci\u00f3n.<\/p>\n<p>El sistema de navegaci\u00f3n inercial de STARPODN determina la posici\u00f3n de la aeronave, el rumbo, la altitud, la aceleraci\u00f3n. Como la navegaci\u00f3n de la aeronave, determina el control de vuelo, la gesti\u00f3n de rutas y proporciona ubicaci\u00f3n, velocidad, actitud e informaci\u00f3n de encabezado. El sistema de navegaci\u00f3n inercial sintonizado din\u00e1micamente tiene una alineaci\u00f3n r\u00e1pida de emergencia, alineaci\u00f3n normal, navegaci\u00f3n, correcci\u00f3n, calibraci\u00f3n de par\u00e1metros, pruebas, uni\u00f3n de par\u00e1metros y almacenamiento no vol\u00e1til.<\/p>","protected":false},"featured_media":2309,"comment_status":"open","ping_status":"closed","template":"","meta":[],"product_brand":[],"product_cat":[26],"product_tag":[],"class_list":{"0":"post-2308","1":"product","2":"type-product","3":"status-publish","4":"has-post-thumbnail","6":"product_cat-imu-mems-ins","8":"first","9":"instock","10":"shipping-taxable","11":"product-type-simple"},"_links":{"self":[{"href":"https:\/\/www.andelutech.com\/es\/wp-json\/wp\/v2\/product\/2308","targetHints":{"allow":["GET"]}}],"collection":[{"href":"https:\/\/www.andelutech.com\/es\/wp-json\/wp\/v2\/product"}],"about":[{"href":"https:\/\/www.andelutech.com\/es\/wp-json\/wp\/v2\/types\/product"}],"replies":[{"embeddable":true,"href":"https:\/\/www.andelutech.com\/es\/wp-json\/wp\/v2\/comments?post=2308"}],"wp:featuredmedia":[{"embeddable":true,"href":"https:\/\/www.andelutech.com\/es\/wp-json\/wp\/v2\/media\/2309"}],"wp:attachment":[{"href":"https:\/\/www.andelutech.com\/es\/wp-json\/wp\/v2\/media?parent=2308"}],"wp:term":[{"taxonomy":"product_brand","embeddable":true,"href":"https:\/\/www.andelutech.com\/es\/wp-json\/wp\/v2\/product_brand?post=2308"},{"taxonomy":"product_cat","embeddable":true,"href":"https:\/\/www.andelutech.com\/es\/wp-json\/wp\/v2\/product_cat?post=2308"},{"taxonomy":"product_tag","embeddable":true,"href":"https:\/\/www.andelutech.com\/es\/wp-json\/wp\/v2\/product_tag?post=2308"}],"curies":[{"name":"wp","href":"https:\/\/api.w.org\/{rel}","templated":true}]}}