{"id":2306,"date":"2025-05-23T11:57:43","date_gmt":"2025-05-23T03:57:43","guid":{"rendered":"https:\/\/www.andelutech.com\/?post_type=product&#038;p=2306"},"modified":"2025-06-30T15:51:28","modified_gmt":"2025-06-30T07:51:28","slug":"and-mins-5680-mems-integrated-ins","status":"publish","type":"product","link":"https:\/\/www.andelutech.com\/es\/product\/and-mins-5680-mems-integrated-ins\/","title":{"rendered":"Y mEMS-5680 MEMS integrado INS"},"content":{"rendered":"","protected":false},"excerpt":{"rendered":"<p>Introducci\u00f3n<br \/>\nEste INS MEMS Integrated tiene una temperatura completa integrada de 0.5 \u00b0 \/ h de giroscopio MEMS de alta precisi\u00f3n, un aceler\u00f3metro de cuarzo de alta precisi\u00f3n de 100ug y un receptor GNSS a nivel de encuesta de m\u00faltiples modiones y multifrequencia para la alineaci\u00f3n r\u00e1pida din\u00e1mica o la antena dual de GNSS que respalda la orientaci\u00f3n r\u00e1pida y de alta precisi\u00f3n de hasta 0.1 \u00b0. El producto admite alt\u00edmetro GNSS \/odometer\/DVL\/barometric y otros sensores externos, con excelente escalabilidad. Mediante el uso de la tecnolog\u00eda de fusi\u00f3n de datos multisensor, para combinar la medici\u00f3n y la fase inercial juntos, puede hacer que el sistema tenga una adaptabilidad geogr\u00e1fica y la robustez mejorada en gran medida. El producto puede cumplir con los requisitos de aplicaci\u00f3n de la topograf\u00eda y el mapeo marino y la topograf\u00eda y el mapeo de mapas, que coinciden con el almacenamiento de datos original, el nivel de topograf\u00eda y mapeo, y el software de postprocesamiento para la navegaci\u00f3n de topograf\u00eda y mapeo. Los usuarios pueden igualar seg\u00fan sus necesidades.<br \/>\nCaracter\u00edsticas<br \/>\nDispositivos MEMS de alta precisi\u00f3n: giroscopio de 0.5 \u00b0 \/ h, aceler\u00f3metro de 100ug<br \/>\nRECEPTOR GNSS Nivel de encuesta: GPS de soporte \/ BDS \/ GLONASS<br \/>\nAlineaci\u00f3n r\u00e1pida din\u00e1mica: soporte de alineaci\u00f3n r\u00e1pida, 1-2 minutos (debe ser una maniobra din\u00e1mica)<br \/>\nOrientaci\u00f3n r\u00e1pida de antena dual: admite una antena dual Orientaci\u00f3n asistida r\u00e1pida: precisi\u00f3n 0.1 \u00b0 (l\u00ednea de base 2m)<br \/>\nSoporte para el almacenamiento: admite hasta 16 g de extensiones de almacenamiento de datos, soporte de datos de navegaci\u00f3n \/raw datos \/ datos externos del usuario<\/p>","protected":false},"featured_media":2307,"comment_status":"open","ping_status":"closed","template":"","meta":[],"product_brand":[],"product_cat":[26],"product_tag":[],"class_list":{"0":"post-2306","1":"product","2":"type-product","3":"status-publish","4":"has-post-thumbnail","6":"product_cat-imu-mems-ins","8":"first","9":"instock","10":"shipping-taxable","11":"product-type-simple"},"_links":{"self":[{"href":"https:\/\/www.andelutech.com\/es\/wp-json\/wp\/v2\/product\/2306","targetHints":{"allow":["GET"]}}],"collection":[{"href":"https:\/\/www.andelutech.com\/es\/wp-json\/wp\/v2\/product"}],"about":[{"href":"https:\/\/www.andelutech.com\/es\/wp-json\/wp\/v2\/types\/product"}],"replies":[{"embeddable":true,"href":"https:\/\/www.andelutech.com\/es\/wp-json\/wp\/v2\/comments?post=2306"}],"wp:featuredmedia":[{"embeddable":true,"href":"https:\/\/www.andelutech.com\/es\/wp-json\/wp\/v2\/media\/2307"}],"wp:attachment":[{"href":"https:\/\/www.andelutech.com\/es\/wp-json\/wp\/v2\/media?parent=2306"}],"wp:term":[{"taxonomy":"product_brand","embeddable":true,"href":"https:\/\/www.andelutech.com\/es\/wp-json\/wp\/v2\/product_brand?post=2306"},{"taxonomy":"product_cat","embeddable":true,"href":"https:\/\/www.andelutech.com\/es\/wp-json\/wp\/v2\/product_cat?post=2306"},{"taxonomy":"product_tag","embeddable":true,"href":"https:\/\/www.andelutech.com\/es\/wp-json\/wp\/v2\/product_tag?post=2306"}],"curies":[{"name":"wp","href":"https:\/\/api.w.org\/{rel}","templated":true}]}}