{"id":2304,"date":"2025-05-23T11:53:01","date_gmt":"2025-05-23T03:53:01","guid":{"rendered":"https:\/\/www.andelutech.com\/?post_type=product&#038;p=2304"},"modified":"2025-06-30T15:54:17","modified_gmt":"2025-06-30T07:54:17","slug":"and-mins-210-230-mems-inertial-navigation-system","status":"publish","type":"product","link":"https:\/\/www.andelutech.com\/es\/product\/and-mins-210-230-mems-inertial-navigation-system\/","title":{"rendered":"Y-Mins-210 \/230 MEMS Sistema de navegaci\u00f3n inercial\u00a0"},"content":{"rendered":"","protected":false},"excerpt":{"rendered":"<p><strong><b>Introducci\u00f3n<\/b><\/strong><\/p>\n<p>AND-MINS-210 \/ 230\u00a0<a href=\"https:\/\/www.ericcointernational.com\/inertial-navigation-system\/mems-inertial-navigation-system\/\">Sistema de navegaci\u00f3n inercial de MEMS<\/a>\u00a0Utiliza un receptor GPS DE alta precisi\u00f3n y alta din\u00e1mica como sensor de se\u00f1al satelital. Adopta la tecnolog\u00eda de diferenciaci\u00f3n de fase portador y el c\u00e1lculo r\u00e1pido de la ambig\u00fcedad de todo el c\u00edrculo, que puede calcular con precisi\u00f3n el \u00e1ngulo de acimut del movimiento del portador. Cuando las se\u00f1ales GPS interfieren, el sistema a\u00fan puede generar datos de alta precisi\u00f3n manteniendo la unidad de medici\u00f3n inercial durante un per\u00edodo de tiempo.<\/p>\n<p><strong><b>Caracter\u00edsticas<\/b><\/strong><\/p>\n<p>Y-Mins-210 \/230 El sistema de navegaci\u00f3n inercial de MEMS supera la deficiencia de un solo dispositivo, proporciona un juego completo a la alta precisi\u00f3n del GPS, sin error de acumulaci\u00f3n, sin deriva, precio bajo y productos inerciales, buen rendimiento din\u00e1mico, una capacidad antiinterferencia fuerte. Sin la necesidad de una fuente de se\u00f1al externa, puede funcionar y mejorar la precisi\u00f3n general de la medici\u00f3n de la actitud, la precisi\u00f3n de la navegaci\u00f3n y el rendimiento del seguimiento en tiempo real del sistema. La prueba en la tierra, el mar y el aire una variedad de pruebas ambientales, la precisi\u00f3n de los t\u00edtulos de 0.1 grados, la precisi\u00f3n de rollo y tono 0.05 grados, y superar efectivamente el \u00e1ngulo de deriva del error de encabezado. Es compatible con un sistema m\u00faltiple y se complementa entre s\u00ed, productos de medici\u00f3n de acimut de alta fiabilidad de respaldo mutuo de respaldo para todo clima. Especialmente para el veh\u00edculo de comunicaci\u00f3n por sat\u00e9lite, el veh\u00edculo de radar meteorol\u00f3gico, el buque de guerra, el barco de expedici\u00f3n, la aeronave, la UAV, el sistema de control de incendios, el sistema de comando y el sistema de control de armas, tienen una competitividad muy fuerte.<\/p>\n<p><strong><b>Aplicaciones<\/b><\/strong><\/p>\n<p>Y-MINS-210 {{URL_PLECELDER_0}} El sistema de navegaci\u00f3n inercial MEMS puede proporcionar actitud horizontal, actitud de encabezado y otra informaci\u00f3n, longitud, latitud, altitud, informaci\u00f3n de posicionamiento, aceleraci\u00f3n 3D, informaci\u00f3n de medici\u00f3n de inercia de velocidad angular. Al extender el rango del medidor de kilometraje y la altura del bar\u00f3metro, mejora a\u00fan m\u00e1s la precisi\u00f3n y aplicabilidad del sistema y puede usarse ampliamente en veh\u00edculos a\u00e9reos no tripulados, navegaci\u00f3n de veh\u00edculos, control de estabilidad de aviaci\u00f3n y plataforma y otros campos.<\/p>","protected":false},"featured_media":2305,"comment_status":"open","ping_status":"closed","template":"","meta":[],"product_brand":[],"product_cat":[26],"product_tag":[],"class_list":{"0":"post-2304","1":"product","2":"type-product","3":"status-publish","4":"has-post-thumbnail","6":"product_cat-imu-mems-ins","8":"first","9":"instock","10":"shipping-taxable","11":"product-type-simple"},"_links":{"self":[{"href":"https:\/\/www.andelutech.com\/es\/wp-json\/wp\/v2\/product\/2304","targetHints":{"allow":["GET"]}}],"collection":[{"href":"https:\/\/www.andelutech.com\/es\/wp-json\/wp\/v2\/product"}],"about":[{"href":"https:\/\/www.andelutech.com\/es\/wp-json\/wp\/v2\/types\/product"}],"replies":[{"embeddable":true,"href":"https:\/\/www.andelutech.com\/es\/wp-json\/wp\/v2\/comments?post=2304"}],"wp:featuredmedia":[{"embeddable":true,"href":"https:\/\/www.andelutech.com\/es\/wp-json\/wp\/v2\/media\/2305"}],"wp:attachment":[{"href":"https:\/\/www.andelutech.com\/es\/wp-json\/wp\/v2\/media?parent=2304"}],"wp:term":[{"taxonomy":"product_brand","embeddable":true,"href":"https:\/\/www.andelutech.com\/es\/wp-json\/wp\/v2\/product_brand?post=2304"},{"taxonomy":"product_cat","embeddable":true,"href":"https:\/\/www.andelutech.com\/es\/wp-json\/wp\/v2\/product_cat?post=2304"},{"taxonomy":"product_tag","embeddable":true,"href":"https:\/\/www.andelutech.com\/es\/wp-json\/wp\/v2\/product_tag?post=2304"}],"curies":[{"name":"wp","href":"https:\/\/api.w.org\/{rel}","templated":true}]}}