{"id":2302,"date":"2025-05-23T11:51:03","date_gmt":"2025-05-23T03:51:03","guid":{"rendered":"https:\/\/www.andelutech.com\/?post_type=product&#038;p=2302"},"modified":"2025-06-30T15:55:43","modified_gmt":"2025-06-30T07:55:43","slug":"and-mins-5651-high-stability-mems-inertial-satellite-integrated-navigation-system","status":"publish","type":"product","link":"https:\/\/www.andelutech.com\/es\/product\/and-mins-5651-high-stability-mems-inertial-satellite-integrated-navigation-system\/","title":{"rendered":"Y MINS-5651 MEMS de alta estabilidad inercial \/Satellite Sistema de navegaci\u00f3n integrado\u00a0"},"content":{"rendered":"","protected":false},"excerpt":{"rendered":"<p>Introducci\u00f3n<br \/>\nMEMS de alta estabilidad Inercial \/Satellite El sistema de navegaci\u00f3n integrado est\u00e1 equipado con micro giroscopio, aceler\u00f3metro y receptores GNSS multimodo de topograf\u00eda m\u00f3vil y mappinglevel.<br \/>\nque admite LA funci\u00f3n GPS \/GLONSS\/BD. El producto tiene un excelente rendimiento de navegaci\u00f3n integrado, y el tama\u00f1o del sistema puede reducirse a una compacidad sin precedentes. Puede realizar una alineaci\u00f3n r\u00e1pida din\u00e1mica o la orientaci\u00f3n dual de antena GNSS asisti\u00f3 a la orientaci\u00f3n r\u00e1pida y de alta precisi\u00f3n, y la precisi\u00f3n de la orientaci\u00f3n puede alcanzar 0.1 \u00b0.<br \/>\nPara satisfacer la demanda de aplicaciones de mapeo m\u00f3vil de vistas a la calle, mapeo oce\u00e1nico y otras \u00e1reas de mapeo, con el almacenamiento de datos original y el software de postprocesamiento de navegaci\u00f3n a nivel de topograf\u00eda y mapeo, los usuarios pueden elegir de acuerdo con los requisitos.<br \/>\nEl producto admite alt\u00edmetro GNSS \/odometer\/DVL\/barometric y otros sensores externos, que tiene una excelente escalabilidad. Mediante el uso de la tecnolog\u00eda de fusi\u00f3n de datos de sensores m\u00faltiples integra datos de fuentes m\u00faltiples, el sistema de adaptabilidad y robustez regional se ha mejorado enormemente, mientras que tambi\u00e9n tiene la funci\u00f3n de referencia de navegaci\u00f3n AHRS. En ausencia de cualquier asistencia externa, puede lograr una actitud y encabezado de mucho tiempo. Es especialmente adecuado para veh\u00edculos a\u00e9reos no tripulados, veh\u00edculos submarinos y otra navegaci\u00f3n de veh\u00edculos a\u00e9reos no tripulados y determinaci\u00f3n de actitud.<br \/>\nCaracter\u00edsticas<br \/>\nEmprendi\u00f3 el receptor GNSS de nivel de topograf\u00eda y mapeo: soporte Beidou B1, B2;<br \/>\nMotor de algoritmo de fusi\u00f3n de datos integrados para oclusi\u00f3n GNSS, la interferencia multiplana de m\u00faltiples est\u00e1 especialmente optimizada;<br \/>\nSoftware de procesamiento posterior para la navegaci\u00f3n a nivel de topograf\u00eda y mapeo;<br \/>\nApoya la alineaci\u00f3n r\u00e1pida: precisi\u00f3n din\u00e1mica 0.1 \u00b0, tiempo 1 ~ 2 minutos (se necesita maniobra din\u00e1mica);<br \/>\nSoporte de entornos de aplicaci\u00f3n de bajo din\u00e1mico condici\u00f3n de sat\u00e9lite dual antena dentada Orientaci\u00f3n r\u00e1pida: precisi\u00f3n de 0.1 \u00b0 (l\u00ednea de base de 2 m);<br \/>\nInterfaz: rs232 \/RS422\/LAN\/CAN\/USB;<br \/>\nSoporte m\u00e1ximo para extensiones de almacenamiento de datos 16G, Datos de navegaci\u00f3n de soporte \/raw data \/external almacenamiento de datos de usuario;<br \/>\nAdmite m\u00faltiples combinaciones de sensores externas (od\u00f3metro \/DVL\/barometric altimeter);<br \/>\nSalida del protocolo est\u00e1ndar NMEA0183 y hasta 20 protocolos exclusivos disponibles de manera flexible.<\/p>","protected":false},"featured_media":2303,"comment_status":"open","ping_status":"closed","template":"","meta":[],"product_brand":[],"product_cat":[26],"product_tag":[],"class_list":{"0":"post-2302","1":"product","2":"type-product","3":"status-publish","4":"has-post-thumbnail","6":"product_cat-imu-mems-ins","8":"first","9":"instock","10":"shipping-taxable","11":"product-type-simple"},"_links":{"self":[{"href":"https:\/\/www.andelutech.com\/es\/wp-json\/wp\/v2\/product\/2302","targetHints":{"allow":["GET"]}}],"collection":[{"href":"https:\/\/www.andelutech.com\/es\/wp-json\/wp\/v2\/product"}],"about":[{"href":"https:\/\/www.andelutech.com\/es\/wp-json\/wp\/v2\/types\/product"}],"replies":[{"embeddable":true,"href":"https:\/\/www.andelutech.com\/es\/wp-json\/wp\/v2\/comments?post=2302"}],"wp:featuredmedia":[{"embeddable":true,"href":"https:\/\/www.andelutech.com\/es\/wp-json\/wp\/v2\/media\/2303"}],"wp:attachment":[{"href":"https:\/\/www.andelutech.com\/es\/wp-json\/wp\/v2\/media?parent=2302"}],"wp:term":[{"taxonomy":"product_brand","embeddable":true,"href":"https:\/\/www.andelutech.com\/es\/wp-json\/wp\/v2\/product_brand?post=2302"},{"taxonomy":"product_cat","embeddable":true,"href":"https:\/\/www.andelutech.com\/es\/wp-json\/wp\/v2\/product_cat?post=2302"},{"taxonomy":"product_tag","embeddable":true,"href":"https:\/\/www.andelutech.com\/es\/wp-json\/wp\/v2\/product_tag?post=2302"}],"curies":[{"name":"wp","href":"https:\/\/api.w.org\/{rel}","templated":true}]}}