{"id":2300,"date":"2025-05-23T09:15:56","date_gmt":"2025-05-23T01:15:56","guid":{"rendered":"https:\/\/www.andelutech.com\/?post_type=product&#038;p=2300"},"modified":"2025-06-30T15:59:24","modified_gmt":"2025-06-30T07:59:24","slug":"and-mins-5610-mems-inertial-satellite-integrated-navigation-system","status":"publish","type":"product","link":"https:\/\/www.andelutech.com\/es\/product\/and-mins-5610-mems-inertial-satellite-integrated-navigation-system\/","title":{"rendered":"Y MINS-5610 MEMS inercial \/Satellite Sistema de navegaci\u00f3n integrado"},"content":{"rendered":"","protected":false},"excerpt":{"rendered":"<p><strong><b>Introducci\u00f3n<\/b><\/strong><\/p>\n<p>Este mems inercial \/satellite\u00a0<a href=\"https:\/\/www.ericcointernational.com\/inertial-navigation-system\">sistema de navegaci\u00f3n integrado<\/a>\u00a0est\u00e1 equipado con GIROSCOPIO MEMS y aceler\u00f3metro y mapeo de receptor GNSS multi-frecuencia de modo m\u00faltiple. Puede lograr una sola alineaci\u00f3n din\u00e1mica de antena o una orientaci\u00f3n r\u00e1pida de alta precisi\u00f3n r\u00e1pida asistida por antena, y la precisi\u00f3n direccional puede alcanzar hasta 0.1 grados.<\/p>\n<p>Este producto est\u00e1 equipado con un nuevo motor de algoritmo de navegaci\u00f3n y fusi\u00f3n integrado. Haciendo uso de la SFE para la oclusi\u00f3n GNSS, la interferencia de m\u00faltiples rutas para optimizar el dise\u00f1o, se puede utilizar en ciudades, ca\u00f1ones y otros entornos complejos para cumplir con los requisitos de la aplicaci\u00f3n de navegaci\u00f3n de alta fiabilidad a largo plazo, alta precisi\u00f3n y alta fiabilidad.<\/p>\n<p>El producto puede admitir alt\u00edmetro GNSS \/odometer\/DVL\/barometric y otros sensores externos, con excelente escalabilidad. Mediante el uso de la tecnolog\u00eda de fusi\u00f3n de datos multisensor y la combinaci\u00f3n de la medici\u00f3n y fase inerciales, puede hacer que el sistema tenga una adaptabilidad y robustez geogr\u00e1fica en gran medida. El producto puede cumplir con los requisitos de aplicaci\u00f3n de la topograf\u00eda y el mapeo marino y la topograf\u00eda de mapas, que coinciden con el almacenamiento de datos original, el nivel de topograf\u00eda y mapeo, y el software de postprocesamiento para la encuesta y la navegaci\u00f3n de mapeo. Los usuarios pueden igualar seg\u00fan sus necesidades.<\/p>\n<p><strong><b>Caracter\u00edsticas<\/b><\/strong><\/p>\n<p>El puerto en serie lee los datos de IMU y GNSS<\/p>\n<p>Funci\u00f3n de navegaci\u00f3n combinada, c\u00e1lculo en tiempo real de la ubicaci\u00f3n del operador, velocidad, rumbo y actitud y otra informaci\u00f3n<\/p>\n<p>Admite la funci\u00f3n RTK de GNSS en tiempo real, capaz de almacenar datos de postprocesamiento<\/p>\n<p>Proporcionar un acuerdo general estandarizado del usuario para apoyar al usuario de acuerdo con sus propias necesidades<\/p>\n<p>Est\u00e1n disponibles dos interfaces seriales RS232 y RS422 para mejorar la estandarizaci\u00f3n y la versatilidad de las caracter\u00edsticas del producto<\/p>","protected":false},"featured_media":2301,"comment_status":"open","ping_status":"closed","template":"","meta":[],"product_brand":[],"product_cat":[26],"product_tag":[],"class_list":{"0":"post-2300","1":"product","2":"type-product","3":"status-publish","4":"has-post-thumbnail","6":"product_cat-imu-mems-ins","8":"first","9":"instock","10":"shipping-taxable","11":"product-type-simple"},"_links":{"self":[{"href":"https:\/\/www.andelutech.com\/es\/wp-json\/wp\/v2\/product\/2300","targetHints":{"allow":["GET"]}}],"collection":[{"href":"https:\/\/www.andelutech.com\/es\/wp-json\/wp\/v2\/product"}],"about":[{"href":"https:\/\/www.andelutech.com\/es\/wp-json\/wp\/v2\/types\/product"}],"replies":[{"embeddable":true,"href":"https:\/\/www.andelutech.com\/es\/wp-json\/wp\/v2\/comments?post=2300"}],"wp:featuredmedia":[{"embeddable":true,"href":"https:\/\/www.andelutech.com\/es\/wp-json\/wp\/v2\/media\/2301"}],"wp:attachment":[{"href":"https:\/\/www.andelutech.com\/es\/wp-json\/wp\/v2\/media?parent=2300"}],"wp:term":[{"taxonomy":"product_brand","embeddable":true,"href":"https:\/\/www.andelutech.com\/es\/wp-json\/wp\/v2\/product_brand?post=2300"},{"taxonomy":"product_cat","embeddable":true,"href":"https:\/\/www.andelutech.com\/es\/wp-json\/wp\/v2\/product_cat?post=2300"},{"taxonomy":"product_tag","embeddable":true,"href":"https:\/\/www.andelutech.com\/es\/wp-json\/wp\/v2\/product_tag?post=2300"}],"curies":[{"name":"wp","href":"https:\/\/api.w.org\/{rel}","templated":true}]}}