{"id":2298,"date":"2025-05-23T09:10:02","date_gmt":"2025-05-23T01:10:02","guid":{"rendered":"https:\/\/www.andelutech.com\/?post_type=product&#038;p=2298"},"modified":"2026-01-09T11:47:43","modified_gmt":"2026-01-09T03:47:43","slug":"high-precision-high-performance-fog-ins","status":"publish","type":"product","link":"https:\/\/www.andelutech.com\/es\/product\/high-precision-high-performance-fog-ins\/","title":{"rendered":"AND-FINS-120 High Precision &#038; High Performance"},"content":{"rendered":"","protected":false},"excerpt":{"rendered":"<p><strong><b>Introducci\u00f3n\u00a0<\/b><\/strong><\/p>\n<p>Y altas-2010 High Precision y alto rendimiento\u00a0<a href=\"https:\/\/www.ericcointernational.com\/inertial-navigation-system\/fog-inertial-navigation-system\/\">NIEBLA<\/a>\u00a0son todos los productos de navegaci\u00f3n inercial con correa. Los componentes b\u00e1sicos de la serie de productos de navegaci\u00f3n inercial son tres giroscopios de fibra \u00f3ptica de grado correspondiente, tres aceler\u00f3metro colgantes de cuarzo flexible, circuito de computadora de navegaci\u00f3n, circuito de procesamiento de informaci\u00f3n, circuito de conversi\u00f3n de frecuencia actual, dispositivo de cambio de potencia, plataforma estructural {{URL_PLACE_0}} de cuadro y dispositivo de amortiguaci\u00f3n de vibraciones. El producto se puede utilizar para la medici\u00f3n en tiempo real de tres informaci\u00f3n de traslaci\u00f3n y tres informaci\u00f3n m\u00f3vil de varios aviones o objetos m\u00f3viles, y puede generar informaci\u00f3n de navegaci\u00f3n en tiempo real, como incremento angular, incremento de velocidad aparente, actitud, velocidad y posici\u00f3n del transportista. Esta serie de productos tiene las caracter\u00edsticas del amplio rango de trabajo din\u00e1mico, una fuerte adaptabilidad al medio ambiente e informaci\u00f3n integral de navegaci\u00f3n.<\/p>","protected":false},"featured_media":2299,"comment_status":"open","ping_status":"closed","template":"","meta":[],"product_brand":[],"product_cat":[26],"product_tag":[],"class_list":{"0":"post-2298","1":"product","2":"type-product","3":"status-publish","4":"has-post-thumbnail","6":"product_cat-imu-mems-ins","8":"first","9":"instock","10":"shipping-taxable","11":"product-type-simple"},"_links":{"self":[{"href":"https:\/\/www.andelutech.com\/es\/wp-json\/wp\/v2\/product\/2298","targetHints":{"allow":["GET"]}}],"collection":[{"href":"https:\/\/www.andelutech.com\/es\/wp-json\/wp\/v2\/product"}],"about":[{"href":"https:\/\/www.andelutech.com\/es\/wp-json\/wp\/v2\/types\/product"}],"replies":[{"embeddable":true,"href":"https:\/\/www.andelutech.com\/es\/wp-json\/wp\/v2\/comments?post=2298"}],"wp:featuredmedia":[{"embeddable":true,"href":"https:\/\/www.andelutech.com\/es\/wp-json\/wp\/v2\/media\/2299"}],"wp:attachment":[{"href":"https:\/\/www.andelutech.com\/es\/wp-json\/wp\/v2\/media?parent=2298"}],"wp:term":[{"taxonomy":"product_brand","embeddable":true,"href":"https:\/\/www.andelutech.com\/es\/wp-json\/wp\/v2\/product_brand?post=2298"},{"taxonomy":"product_cat","embeddable":true,"href":"https:\/\/www.andelutech.com\/es\/wp-json\/wp\/v2\/product_cat?post=2298"},{"taxonomy":"product_tag","embeddable":true,"href":"https:\/\/www.andelutech.com\/es\/wp-json\/wp\/v2\/product_tag?post=2298"}],"curies":[{"name":"wp","href":"https:\/\/api.w.org\/{rel}","templated":true}]}}