{"id":2296,"date":"2025-05-23T09:02:39","date_gmt":"2025-05-23T01:02:39","guid":{"rendered":"https:\/\/www.andelutech.com\/?post_type=product&#038;p=2296"},"modified":"2025-06-30T15:46:54","modified_gmt":"2025-06-30T07:46:54","slug":"and-fins-98-high-performance-fog-ins-replace-phins","status":"publish","type":"product","link":"https:\/\/www.andelutech.com\/es\/product\/and-fins-98-high-performance-fog-ins-replace-phins\/","title":{"rendered":"Y al-98 FOG INS de alto rendimiento (reemplazar phins)\u00a0"},"content":{"rendered":"","protected":false},"excerpt":{"rendered":"<p><strong><b>Introducci\u00f3n<\/b><\/strong><\/p>\n<p>AND-FINS-98\u00a0<a href=\"https:\/\/www.ericcointernational.com\/inertial-navigation-system\/fog-inertial-navigation-system\/\">Sistema de navegaci\u00f3n inercial de niebla\u2002<\/a>(Sustituto de phins) utiliza un giroscopio de fibra \u00f3ptica de tres ejes para detectar el movimiento angular y generar una se\u00f1al digital proporcional a la velocidad angular del movimiento portador. Las tres colocaciones de la cuadratura del aceler\u00f3metro de cuarzo se utilizan para detectar la aceleraci\u00f3n lineal del portador y emitir una se\u00f1al de corriente proporcional, que se convierte en una se\u00f1al de frecuencia por el circuito de conversi\u00f3n I-F, y finalmente ingresa a la computadora de navegaci\u00f3n. La computadora completa la recepci\u00f3n de datos del giroscopio, el aceler\u00f3metro y el GPS externo, el c\u00e1lculo de errores de compensaci\u00f3n del sistema, la soluci\u00f3n de navegaci\u00f3n y env\u00eda la velocidad, la posici\u00f3n, la actitud y la navegaci\u00f3n en tiempo real de bucle al exterior a trav\u00e9s del puerto de monitoreo.<\/p>\n<p>La alineaci\u00f3n inicial de y las altas-98 se divide en dos modos: alineaci\u00f3n est\u00e1tica y alineaci\u00f3n de doble posici\u00f3n. La precisi\u00f3n de posici\u00f3n de la alineaci\u00f3n de dos posici\u00f3n es mayor que la de la alineaci\u00f3n est\u00e1tica.<\/p>\n<p>Y las altas-98 tiene una alta precisi\u00f3n y mejor estabilidad y mostraron un excelente rendimiento en la prueba de comparaci\u00f3n con productos INS relacionados con Phins.<\/p>","protected":false},"featured_media":2297,"comment_status":"open","ping_status":"closed","template":"","meta":[],"product_brand":[],"product_cat":[26],"product_tag":[],"class_list":{"0":"post-2296","1":"product","2":"type-product","3":"status-publish","4":"has-post-thumbnail","6":"product_cat-imu-mems-ins","8":"first","9":"instock","10":"shipping-taxable","11":"product-type-simple"},"_links":{"self":[{"href":"https:\/\/www.andelutech.com\/es\/wp-json\/wp\/v2\/product\/2296","targetHints":{"allow":["GET"]}}],"collection":[{"href":"https:\/\/www.andelutech.com\/es\/wp-json\/wp\/v2\/product"}],"about":[{"href":"https:\/\/www.andelutech.com\/es\/wp-json\/wp\/v2\/types\/product"}],"replies":[{"embeddable":true,"href":"https:\/\/www.andelutech.com\/es\/wp-json\/wp\/v2\/comments?post=2296"}],"wp:featuredmedia":[{"embeddable":true,"href":"https:\/\/www.andelutech.com\/es\/wp-json\/wp\/v2\/media\/2297"}],"wp:attachment":[{"href":"https:\/\/www.andelutech.com\/es\/wp-json\/wp\/v2\/media?parent=2296"}],"wp:term":[{"taxonomy":"product_brand","embeddable":true,"href":"https:\/\/www.andelutech.com\/es\/wp-json\/wp\/v2\/product_brand?post=2296"},{"taxonomy":"product_cat","embeddable":true,"href":"https:\/\/www.andelutech.com\/es\/wp-json\/wp\/v2\/product_cat?post=2296"},{"taxonomy":"product_tag","embeddable":true,"href":"https:\/\/www.andelutech.com\/es\/wp-json\/wp\/v2\/product_tag?post=2296"}],"curies":[{"name":"wp","href":"https:\/\/api.w.org\/{rel}","templated":true}]}}