{"id":2293,"date":"2026-01-16T10:06:50","date_gmt":"2026-01-16T02:06:50","guid":{"rendered":"https:\/\/www.andelutech.com\/?post_type=product&#038;p=2293"},"modified":"2026-03-26T09:54:52","modified_gmt":"2026-03-26T01:54:52","slug":"and-fins-98-high-performance-fog-ins-replace-phins-2","status":"publish","type":"product","link":"https:\/\/www.andelutech.com\/es\/product\/and-fins-98-high-performance-fog-ins-replace-phins-2\/","title":{"rendered":"Y al-98 FOG INS de alto rendimiento (reemplazar phins)\u00a0"},"content":{"rendered":"<p>Si est\u00e1 interesado en el aceler\u00f3metro de cuarzo de alto rendimiento, por favor cont\u00e1ctenos:<strong><b> info@andelutech.com<\/b><\/strong><\/p>","protected":false},"excerpt":{"rendered":"<p>Introducci\u00f3n<br \/>\nAND-FINS-98\u00a0FOG inertial navigation system\u2002(Substitute of PHINS)\u00a0uses a three-axis fiber optic gyroscope to sense angular movement and output a digital signal proportional to the angular rate of carrier movement. The three quadrature collocations of the quartz accelerometer are used to sense the linear acceleration of the carrier and output a proportional current signal, which is converted into a frequency signal by the I-F conversion circuit, and finally input to the navigation computer. The computer completes the data reception of the gyroscope, accelerometer and external GPS, system compensation error calculation, navigation solution, and sends loop additional real-time speed, position, attitude and navigation information to the outside through the monitoring port.<br \/>\nLa alineaci\u00f3n inicial de y las altas-98 se divide en dos modos: alineaci\u00f3n est\u00e1tica y alineaci\u00f3n de doble posici\u00f3n. La precisi\u00f3n de posici\u00f3n de la alineaci\u00f3n de dos posici\u00f3n es mayor que la de la alineaci\u00f3n est\u00e1tica.<br \/>\nY las altas-98 tiene una alta precisi\u00f3n y mejor estabilidad y mostraron un excelente rendimiento en la prueba de comparaci\u00f3n con productos INS relacionados con Phins.<\/p>","protected":false},"featured_media":3680,"comment_status":"open","ping_status":"closed","template":"","meta":[],"product_brand":[],"product_cat":[26],"product_tag":[],"class_list":{"0":"post-2293","1":"product","2":"type-product","3":"status-publish","4":"has-post-thumbnail","6":"product_cat-imu-mems-ins","8":"first","9":"instock","10":"shipping-taxable","11":"product-type-simple"},"_links":{"self":[{"href":"https:\/\/www.andelutech.com\/es\/wp-json\/wp\/v2\/product\/2293","targetHints":{"allow":["GET"]}}],"collection":[{"href":"https:\/\/www.andelutech.com\/es\/wp-json\/wp\/v2\/product"}],"about":[{"href":"https:\/\/www.andelutech.com\/es\/wp-json\/wp\/v2\/types\/product"}],"replies":[{"embeddable":true,"href":"https:\/\/www.andelutech.com\/es\/wp-json\/wp\/v2\/comments?post=2293"}],"wp:featuredmedia":[{"embeddable":true,"href":"https:\/\/www.andelutech.com\/es\/wp-json\/wp\/v2\/media\/3680"}],"wp:attachment":[{"href":"https:\/\/www.andelutech.com\/es\/wp-json\/wp\/v2\/media?parent=2293"}],"wp:term":[{"taxonomy":"product_brand","embeddable":true,"href":"https:\/\/www.andelutech.com\/es\/wp-json\/wp\/v2\/product_brand?post=2293"},{"taxonomy":"product_cat","embeddable":true,"href":"https:\/\/www.andelutech.com\/es\/wp-json\/wp\/v2\/product_cat?post=2293"},{"taxonomy":"product_tag","embeddable":true,"href":"https:\/\/www.andelutech.com\/es\/wp-json\/wp\/v2\/product_tag?post=2293"}],"curies":[{"name":"wp","href":"https:\/\/api.w.org\/{rel}","templated":true}]}}