{"id":2276,"date":"2025-05-20T19:54:42","date_gmt":"2025-05-20T11:54:42","guid":{"rendered":"https:\/\/www.andelutech.com\/?post_type=product&#038;p=2276"},"modified":"2025-05-29T14:24:03","modified_gmt":"2025-05-29T06:24:03","slug":"y2-series-circular-electrical-connector","status":"publish","type":"product","link":"https:\/\/www.andelutech.com\/es\/product\/y2-series-circular-electrical-connector\/","title":{"rendered":"Conector el\u00e9ctrico circular de la serie Y2"},"content":{"rendered":"<p>Si est\u00e1 interesado en el aceler\u00f3metro de cuarzo de alto rendimiento, por favor cont\u00e1ctenos:<strong><b>\u00a0<\/b><\/strong><a href=\"mailto:info@joinsunny.cn\"><span style=\"color: #0000ff;\"><strong><b>info@andelu.cn<\/b><\/strong><\/span><\/a><\/p>","protected":false},"excerpt":{"rendered":"<p>Los productos de la serie se presentan por una conexi\u00f3n de baja volumen, peso ligero, bayoneta, buen rendimiento de contacto, corrosi\u00f3n<br \/>\nresistencia, buen rendimiento del aire y otros, y ampliamente utilizado para la conexi\u00f3n el\u00e9ctrica en los sistemas de equipos el\u00e9ctricos.<\/p>","protected":false},"featured_media":2464,"comment_status":"open","ping_status":"closed","template":"","meta":[],"product_brand":[],"product_cat":[36],"product_tag":[],"class_list":{"0":"post-2276","1":"product","2":"type-product","3":"status-publish","4":"has-post-thumbnail","6":"product_cat-electrical-connector","8":"first","9":"instock","10":"shipping-taxable","11":"product-type-simple"},"_links":{"self":[{"href":"https:\/\/www.andelutech.com\/es\/wp-json\/wp\/v2\/product\/2276","targetHints":{"allow":["GET"]}}],"collection":[{"href":"https:\/\/www.andelutech.com\/es\/wp-json\/wp\/v2\/product"}],"about":[{"href":"https:\/\/www.andelutech.com\/es\/wp-json\/wp\/v2\/types\/product"}],"replies":[{"embeddable":true,"href":"https:\/\/www.andelutech.com\/es\/wp-json\/wp\/v2\/comments?post=2276"}],"wp:featuredmedia":[{"embeddable":true,"href":"https:\/\/www.andelutech.com\/es\/wp-json\/wp\/v2\/media\/2464"}],"wp:attachment":[{"href":"https:\/\/www.andelutech.com\/es\/wp-json\/wp\/v2\/media?parent=2276"}],"wp:term":[{"taxonomy":"product_brand","embeddable":true,"href":"https:\/\/www.andelutech.com\/es\/wp-json\/wp\/v2\/product_brand?post=2276"},{"taxonomy":"product_cat","embeddable":true,"href":"https:\/\/www.andelutech.com\/es\/wp-json\/wp\/v2\/product_cat?post=2276"},{"taxonomy":"product_tag","embeddable":true,"href":"https:\/\/www.andelutech.com\/es\/wp-json\/wp\/v2\/product_tag?post=2276"}],"curies":[{"name":"wp","href":"https:\/\/api.w.org\/{rel}","templated":true}]}}