{"id":2267,"date":"2025-05-20T19:48:15","date_gmt":"2025-05-20T11:48:15","guid":{"rendered":"https:\/\/www.andelutech.com\/?post_type=product&#038;p=2267"},"modified":"2025-05-29T14:59:39","modified_gmt":"2025-05-29T06:59:39","slug":"gp-series-circular-electrical-connector","status":"publish","type":"product","link":"https:\/\/www.andelutech.com\/es\/product\/gp-series-circular-electrical-connector\/","title":{"rendered":"Conector el\u00e9ctrico circular de la serie GP"},"content":{"rendered":"<p>Si est\u00e1 interesado en, pls p\u00f3ngase en contacto con nosotros:<strong><b>\u00a0<\/b><\/strong><a href=\"mailto:info@joinsunny.cn\"><span style=\"color: #0000ff;\"><strong><b>info@andelu.cn<\/b><\/strong><\/span><\/a><\/p>","protected":false},"excerpt":{"rendered":"<p>Producto modificado del conector el\u00e9ctrico P<br \/>\nEl tama\u00f1o de montaje y posicionamiento es totalmente consistente con P<br \/>\n10 tama\u00f1os de caparaz\u00f3n y 5 especificaciones de contacto Conexi\u00f3n r\u00e1pida de la bayoneta<br \/>\nPosicionamiento de cinco teclas con funci\u00f3n de inserci\u00f3n ciega<br \/>\nLa identificaci\u00f3n de posicionamiento de cinco teclas puede evitar que la inserci\u00f3n incorrecta de SpringTactM de doble curva altamente confiable<br \/>\nLa abrazadera de cable de flexi\u00f3n totalmente cerrada es con la funci\u00f3n antirrotativa<br \/>\nEl contacto con el pasador y el contacto con el socket est\u00e1n disponibles para enchufe y enchufe<\/p>","protected":false},"featured_media":2476,"comment_status":"open","ping_status":"closed","template":"","meta":[],"product_brand":[],"product_cat":[36],"product_tag":[],"class_list":{"0":"post-2267","1":"product","2":"type-product","3":"status-publish","4":"has-post-thumbnail","6":"product_cat-electrical-connector","8":"first","9":"instock","10":"shipping-taxable","11":"product-type-simple"},"_links":{"self":[{"href":"https:\/\/www.andelutech.com\/es\/wp-json\/wp\/v2\/product\/2267","targetHints":{"allow":["GET"]}}],"collection":[{"href":"https:\/\/www.andelutech.com\/es\/wp-json\/wp\/v2\/product"}],"about":[{"href":"https:\/\/www.andelutech.com\/es\/wp-json\/wp\/v2\/types\/product"}],"replies":[{"embeddable":true,"href":"https:\/\/www.andelutech.com\/es\/wp-json\/wp\/v2\/comments?post=2267"}],"wp:featuredmedia":[{"embeddable":true,"href":"https:\/\/www.andelutech.com\/es\/wp-json\/wp\/v2\/media\/2476"}],"wp:attachment":[{"href":"https:\/\/www.andelutech.com\/es\/wp-json\/wp\/v2\/media?parent=2267"}],"wp:term":[{"taxonomy":"product_brand","embeddable":true,"href":"https:\/\/www.andelutech.com\/es\/wp-json\/wp\/v2\/product_brand?post=2267"},{"taxonomy":"product_cat","embeddable":true,"href":"https:\/\/www.andelutech.com\/es\/wp-json\/wp\/v2\/product_cat?post=2267"},{"taxonomy":"product_tag","embeddable":true,"href":"https:\/\/www.andelutech.com\/es\/wp-json\/wp\/v2\/product_tag?post=2267"}],"curies":[{"name":"wp","href":"https:\/\/api.w.org\/{rel}","templated":true}]}}