{"id":2258,"date":"2025-05-20T19:39:19","date_gmt":"2025-05-20T11:39:19","guid":{"rendered":"https:\/\/www.andelutech.com\/?post_type=product&#038;p=2258"},"modified":"2025-05-29T14:25:46","modified_gmt":"2025-05-29T06:25:46","slug":"ty-4-electrical-connector","status":"publish","type":"product","link":"https:\/\/www.andelutech.com\/es\/product\/ty-4-electrical-connector\/","title":{"rendered":"Conector el\u00e9ctrico TY-4"},"content":{"rendered":"<p>Si est\u00e1 interesado en el aceler\u00f3metro de cuarzo de alto rendimiento, por favor cont\u00e1ctenos:<strong><b>\u00a0<\/b><\/strong><a href=\"mailto:info@joinsunny.cn\"><span style=\"color: #0000ff;\"><strong><b>info@andelu.cn<\/b><\/strong><\/span><\/a><\/p>","protected":false},"excerpt":{"rendered":"<p>Conector el\u00e9ctrico TY-4<\/p>\n<p>Los productos de la serie se ajustan a los requisitos del est\u00e1ndar Q \/3E20032-2003, y se aplica ampliamente en aviaci\u00f3n, aeroespacial, carro y otras unidades el\u00e9ctricas, y se utiliza para la conexi\u00f3n el\u00e9ctrica de la l\u00ednea de plomo de comunicaci\u00f3n en el casco de la aeronave.<\/p>","protected":false},"featured_media":2465,"comment_status":"open","ping_status":"closed","template":"","meta":[],"product_brand":[],"product_cat":[36],"product_tag":[],"class_list":{"0":"post-2258","1":"product","2":"type-product","3":"status-publish","4":"has-post-thumbnail","6":"product_cat-electrical-connector","8":"first","9":"instock","10":"shipping-taxable","11":"product-type-simple"},"_links":{"self":[{"href":"https:\/\/www.andelutech.com\/es\/wp-json\/wp\/v2\/product\/2258","targetHints":{"allow":["GET"]}}],"collection":[{"href":"https:\/\/www.andelutech.com\/es\/wp-json\/wp\/v2\/product"}],"about":[{"href":"https:\/\/www.andelutech.com\/es\/wp-json\/wp\/v2\/types\/product"}],"replies":[{"embeddable":true,"href":"https:\/\/www.andelutech.com\/es\/wp-json\/wp\/v2\/comments?post=2258"}],"wp:featuredmedia":[{"embeddable":true,"href":"https:\/\/www.andelutech.com\/es\/wp-json\/wp\/v2\/media\/2465"}],"wp:attachment":[{"href":"https:\/\/www.andelutech.com\/es\/wp-json\/wp\/v2\/media?parent=2258"}],"wp:term":[{"taxonomy":"product_brand","embeddable":true,"href":"https:\/\/www.andelutech.com\/es\/wp-json\/wp\/v2\/product_brand?post=2258"},{"taxonomy":"product_cat","embeddable":true,"href":"https:\/\/www.andelutech.com\/es\/wp-json\/wp\/v2\/product_cat?post=2258"},{"taxonomy":"product_tag","embeddable":true,"href":"https:\/\/www.andelutech.com\/es\/wp-json\/wp\/v2\/product_tag?post=2258"}],"curies":[{"name":"wp","href":"https:\/\/api.w.org\/{rel}","templated":true}]}}