{"id":2244,"date":"2025-05-20T19:24:33","date_gmt":"2025-05-20T11:24:33","guid":{"rendered":"https:\/\/www.andelutech.com\/?post_type=product&#038;p=2244"},"modified":"2025-05-29T15:18:17","modified_gmt":"2025-05-29T07:18:17","slug":"p-c-series-through-wall-hermetic-electrical-connector","status":"publish","type":"product","link":"https:\/\/www.andelutech.com\/es\/product\/p-c-series-through-wall-hermetic-electrical-connector\/","title":{"rendered":"Conector el\u00e9ctrico herm\u00e9tico de la serie P-C a trav\u00e9s de la pared"},"content":{"rendered":"<p>Si est\u00e1 interesado en, pls p\u00f3ngase en contacto con nosotros:<strong><b>\u00a0<\/b><\/strong><a href=\"mailto:info@joinsunny.cn\"><span style=\"color: #0000ff;\"><strong><b>info@andelu.cn<\/b><\/strong><\/span><\/a><\/p>","protected":false},"excerpt":{"rendered":"<p>El producto se ajusta a los requisitos de Q \/3E 20006-2003 est\u00e1ndar y corresponde a conectores el\u00e9ctricos con el c\u00f3digo de nombre ruso de 2pm, 2 pm\u03b3, etc., y cumple con las especificaciones t\u00e9cnicas de \u0433ano.  Se aplica ampliamente en aviaci\u00f3n, armas y otros campos militares y civiles, y se usa para conectar y desconectar de manera confiable equipos el\u00e9ctricos y circuitos de radio<\/p>","protected":false},"featured_media":2482,"comment_status":"open","ping_status":"closed","template":"","meta":[],"product_brand":[],"product_cat":[36],"product_tag":[],"class_list":{"0":"post-2244","1":"product","2":"type-product","3":"status-publish","4":"has-post-thumbnail","6":"product_cat-electrical-connector","8":"first","9":"instock","10":"shipping-taxable","11":"product-type-simple"},"_links":{"self":[{"href":"https:\/\/www.andelutech.com\/es\/wp-json\/wp\/v2\/product\/2244","targetHints":{"allow":["GET"]}}],"collection":[{"href":"https:\/\/www.andelutech.com\/es\/wp-json\/wp\/v2\/product"}],"about":[{"href":"https:\/\/www.andelutech.com\/es\/wp-json\/wp\/v2\/types\/product"}],"replies":[{"embeddable":true,"href":"https:\/\/www.andelutech.com\/es\/wp-json\/wp\/v2\/comments?post=2244"}],"wp:featuredmedia":[{"embeddable":true,"href":"https:\/\/www.andelutech.com\/es\/wp-json\/wp\/v2\/media\/2482"}],"wp:attachment":[{"href":"https:\/\/www.andelutech.com\/es\/wp-json\/wp\/v2\/media?parent=2244"}],"wp:term":[{"taxonomy":"product_brand","embeddable":true,"href":"https:\/\/www.andelutech.com\/es\/wp-json\/wp\/v2\/product_brand?post=2244"},{"taxonomy":"product_cat","embeddable":true,"href":"https:\/\/www.andelutech.com\/es\/wp-json\/wp\/v2\/product_cat?post=2244"},{"taxonomy":"product_tag","embeddable":true,"href":"https:\/\/www.andelutech.com\/es\/wp-json\/wp\/v2\/product_tag?post=2244"}],"curies":[{"name":"wp","href":"https:\/\/api.w.org\/{rel}","templated":true}]}}