{"id":2240,"date":"2025-05-20T19:21:33","date_gmt":"2025-05-20T11:21:33","guid":{"rendered":"https:\/\/www.andelutech.com\/?post_type=product&#038;p=2240"},"modified":"2025-05-29T15:21:02","modified_gmt":"2025-05-29T07:21:02","slug":"pd-series-common-low-voltage-electrical-connector","status":"publish","type":"product","link":"https:\/\/www.andelutech.com\/es\/product\/pd-series-common-low-voltage-electrical-connector\/","title":{"rendered":"Serie PD Conector el\u00e9ctrico de bajo voltaje com\u00fan"},"content":{"rendered":"<p>Si est\u00e1 interesado en, pls p\u00f3ngase en contacto con nosotros:<strong><b>\u00a0<\/b><\/strong><a href=\"mailto:info@joinsunny.cn\"><span style=\"color: #0000ff;\"><strong><b>info@andelu.cn<\/b><\/strong><\/span><\/a><\/p>","protected":false},"excerpt":{"rendered":"<p>Los productos de la serie se utilizan para aviaci\u00f3n y otros fines militares, y para la conexi\u00f3n el\u00e9ctrica de circuitos el\u00e9ctricos de bajo voltaje para uso civil.<\/p>\n<p>El producto se ajusta a los requisitos del est\u00e1ndar Q \/3E20025-2003, y corresponde al producto ruso con el c\u00f3digo de nombre de \u043d\u0449\u0440, \u043d\u0449\u0440\u0433 y especificaci\u00f3n t\u00e9cnica de B\u043b0.364.003\u0442.<\/p>\n<p>&nbsp;<\/p>","protected":false},"featured_media":2485,"comment_status":"open","ping_status":"closed","template":"","meta":[],"product_brand":[],"product_cat":[36],"product_tag":[],"class_list":{"0":"post-2240","1":"product","2":"type-product","3":"status-publish","4":"has-post-thumbnail","6":"product_cat-electrical-connector","8":"first","9":"instock","10":"shipping-taxable","11":"product-type-simple"},"_links":{"self":[{"href":"https:\/\/www.andelutech.com\/es\/wp-json\/wp\/v2\/product\/2240","targetHints":{"allow":["GET"]}}],"collection":[{"href":"https:\/\/www.andelutech.com\/es\/wp-json\/wp\/v2\/product"}],"about":[{"href":"https:\/\/www.andelutech.com\/es\/wp-json\/wp\/v2\/types\/product"}],"replies":[{"embeddable":true,"href":"https:\/\/www.andelutech.com\/es\/wp-json\/wp\/v2\/comments?post=2240"}],"wp:featuredmedia":[{"embeddable":true,"href":"https:\/\/www.andelutech.com\/es\/wp-json\/wp\/v2\/media\/2485"}],"wp:attachment":[{"href":"https:\/\/www.andelutech.com\/es\/wp-json\/wp\/v2\/media?parent=2240"}],"wp:term":[{"taxonomy":"product_brand","embeddable":true,"href":"https:\/\/www.andelutech.com\/es\/wp-json\/wp\/v2\/product_brand?post=2240"},{"taxonomy":"product_cat","embeddable":true,"href":"https:\/\/www.andelutech.com\/es\/wp-json\/wp\/v2\/product_cat?post=2240"},{"taxonomy":"product_tag","embeddable":true,"href":"https:\/\/www.andelutech.com\/es\/wp-json\/wp\/v2\/product_tag?post=2240"}],"curies":[{"name":"wp","href":"https:\/\/api.w.org\/{rel}","templated":true}]}}