{"id":2231,"date":"2025-05-20T19:15:00","date_gmt":"2025-05-20T11:15:00","guid":{"rendered":"https:\/\/www.andelutech.com\/?post_type=product&#038;p=2231"},"modified":"2025-08-29T14:55:54","modified_gmt":"2025-08-29T06:55:54","slug":"wm-electrical-connector","status":"publish","type":"product","link":"https:\/\/www.andelutech.com\/es\/product\/wm-electrical-connector\/","title":{"rendered":"Conector el\u00e9ctrico WM"},"content":{"rendered":"<p>Si est\u00e1 interesado en, pls p\u00f3ngase en contacto con nosotros:<strong><b>\u00a0<\/b><\/strong><a href=\"mailto:info@joinsunny.cn\"><span style=\"color: #0000ff;\"><strong><b>info@andelu.cn<\/b><\/strong><\/span><\/a><\/p>","protected":false},"excerpt":{"rendered":"<p>El conector el\u00e9ctrico de \u0448\u043f\u043bm se utiliza para la conexi\u00f3n el\u00e9ctrica entre la aviaci\u00f3n<br \/>\ninstrumento el\u00e9ctrico y accesorio el\u00e9ctrico. Se ajusta a los est\u00e1ndares t\u00e9cnicos rusos de conector el\u00e9ctrico.<br \/>\nModelo dom\u00e9stico: WM<\/p>","protected":false},"featured_media":2488,"comment_status":"closed","ping_status":"closed","template":"","meta":[],"product_brand":[],"product_cat":[36],"product_tag":[],"class_list":{"0":"post-2231","1":"product","2":"type-product","3":"status-publish","4":"has-post-thumbnail","6":"product_cat-electrical-connector","8":"first","9":"instock","10":"shipping-taxable","11":"product-type-simple"},"_links":{"self":[{"href":"https:\/\/www.andelutech.com\/es\/wp-json\/wp\/v2\/product\/2231","targetHints":{"allow":["GET"]}}],"collection":[{"href":"https:\/\/www.andelutech.com\/es\/wp-json\/wp\/v2\/product"}],"about":[{"href":"https:\/\/www.andelutech.com\/es\/wp-json\/wp\/v2\/types\/product"}],"replies":[{"embeddable":true,"href":"https:\/\/www.andelutech.com\/es\/wp-json\/wp\/v2\/comments?post=2231"}],"wp:featuredmedia":[{"embeddable":true,"href":"https:\/\/www.andelutech.com\/es\/wp-json\/wp\/v2\/media\/2488"}],"wp:attachment":[{"href":"https:\/\/www.andelutech.com\/es\/wp-json\/wp\/v2\/media?parent=2231"}],"wp:term":[{"taxonomy":"product_brand","embeddable":true,"href":"https:\/\/www.andelutech.com\/es\/wp-json\/wp\/v2\/product_brand?post=2231"},{"taxonomy":"product_cat","embeddable":true,"href":"https:\/\/www.andelutech.com\/es\/wp-json\/wp\/v2\/product_cat?post=2231"},{"taxonomy":"product_tag","embeddable":true,"href":"https:\/\/www.andelutech.com\/es\/wp-json\/wp\/v2\/product_tag?post=2231"}],"curies":[{"name":"wp","href":"https:\/\/api.w.org\/{rel}","templated":true}]}}