{"id":2214,"date":"2025-05-20T19:01:41","date_gmt":"2025-05-20T11:01:41","guid":{"rendered":"https:\/\/www.andelutech.com\/?post_type=product&#038;p=2214"},"modified":"2025-08-29T14:18:58","modified_gmt":"2025-08-29T06:18:58","slug":"pc-series-subminiature-electrical-connector","status":"publish","type":"product","link":"https:\/\/www.andelutech.com\/es\/product\/pc-series-subminiature-electrical-connector\/","title":{"rendered":"Conector el\u00e9ctrico de subminiatura de la serie PC"},"content":{"rendered":"<p>Si est\u00e1 interesado, pls p\u00f3ngase en contacto con nosotros:<strong><b>\u00a0<\/b><\/strong><a href=\"mailto:info@joinsunny.cn\"><span style=\"color: #0000ff;\"><strong><b>info@andelu.cn<\/b><\/strong><\/span><\/a><\/p>","protected":false},"excerpt":{"rendered":"<p>El conector el\u00e9ctrico circular de subminiatura de la serie PC se utiliza para la conexi\u00f3n el\u00e9ctrica en la radio y los dispositivos el\u00e9ctricos. La tuerca de conexi\u00f3n de rosca se usa para conectar el enchufe del cable al z\u00f3calo fijado en el dispositivo. Ambos dispositivos se pueden insertar directamente con el enchufe y el z\u00f3calo montados en dispositivos para realizar la conexi\u00f3n (junta contundente).<br \/>\nEl conector el\u00e9ctrico circular de subminiatura cubre el tipo sellado y no sellado, y el enchufe y el z\u00f3calo son accesorios de cola equipados, respectivamente. El enchufe es para contacto con el pin y el enchufe es para contacto de socket.<br \/>\nModelo dom\u00e9stico: PC<\/p>","protected":false},"featured_media":2494,"comment_status":"closed","ping_status":"closed","template":"","meta":[],"product_brand":[],"product_cat":[36],"product_tag":[],"class_list":{"0":"post-2214","1":"product","2":"type-product","3":"status-publish","4":"has-post-thumbnail","6":"product_cat-electrical-connector","8":"first","9":"instock","10":"shipping-taxable","11":"product-type-simple"},"_links":{"self":[{"href":"https:\/\/www.andelutech.com\/es\/wp-json\/wp\/v2\/product\/2214","targetHints":{"allow":["GET"]}}],"collection":[{"href":"https:\/\/www.andelutech.com\/es\/wp-json\/wp\/v2\/product"}],"about":[{"href":"https:\/\/www.andelutech.com\/es\/wp-json\/wp\/v2\/types\/product"}],"replies":[{"embeddable":true,"href":"https:\/\/www.andelutech.com\/es\/wp-json\/wp\/v2\/comments?post=2214"}],"wp:featuredmedia":[{"embeddable":true,"href":"https:\/\/www.andelutech.com\/es\/wp-json\/wp\/v2\/media\/2494"}],"wp:attachment":[{"href":"https:\/\/www.andelutech.com\/es\/wp-json\/wp\/v2\/media?parent=2214"}],"wp:term":[{"taxonomy":"product_brand","embeddable":true,"href":"https:\/\/www.andelutech.com\/es\/wp-json\/wp\/v2\/product_brand?post=2214"},{"taxonomy":"product_cat","embeddable":true,"href":"https:\/\/www.andelutech.com\/es\/wp-json\/wp\/v2\/product_cat?post=2214"},{"taxonomy":"product_tag","embeddable":true,"href":"https:\/\/www.andelutech.com\/es\/wp-json\/wp\/v2\/product_tag?post=2214"}],"curies":[{"name":"wp","href":"https:\/\/api.w.org\/{rel}","templated":true}]}}