{"id":2210,"date":"2025-05-20T18:57:54","date_gmt":"2025-05-20T10:57:54","guid":{"rendered":"https:\/\/www.andelutech.com\/?post_type=product&#038;p=2210"},"modified":"2025-08-29T14:17:05","modified_gmt":"2025-08-29T06:17:05","slug":"ohs-series-subminiature-electrical-connector","status":"publish","type":"product","link":"https:\/\/www.andelutech.com\/es\/product\/ohs-series-subminiature-electrical-connector\/","title":{"rendered":"Conector el\u00e9ctrico de subminiatura de la serie OHS"},"content":{"rendered":"<p>Si est\u00e1 interesado en el aceler\u00f3metro de cuarzo de alto rendimiento, por favor cont\u00e1ctenos:<strong><b>\u00a0<\/b><\/strong><a href=\"mailto:info@joinsunny.cn\"><span style=\"color: #0000ff;\"><strong><b>info@andelu.cn<\/b><\/strong><\/span><\/a><\/p>","protected":false},"excerpt":{"rendered":"<p>OH\u0446-ech-1 (2) El conector el\u00e9ctrico se utiliza para los circuitos DC AndAC, y el enchufe y el enchufe adoptan la conexi\u00f3n de la bayoneta.<br \/>\nEl enchufe no est\u00e1 equipado con accesorio de cola, y el enchufe est\u00e1 equipado con accesorio de cola de pl\u00e1stico recto.<br \/>\nModelo dom\u00e9stico: OHS<\/p>","protected":false},"featured_media":2461,"comment_status":"closed","ping_status":"closed","template":"","meta":[],"product_brand":[],"product_cat":[36],"product_tag":[],"class_list":{"0":"post-2210","1":"product","2":"type-product","3":"status-publish","4":"has-post-thumbnail","6":"product_cat-electrical-connector","8":"first","9":"instock","10":"shipping-taxable","11":"product-type-simple"},"_links":{"self":[{"href":"https:\/\/www.andelutech.com\/es\/wp-json\/wp\/v2\/product\/2210","targetHints":{"allow":["GET"]}}],"collection":[{"href":"https:\/\/www.andelutech.com\/es\/wp-json\/wp\/v2\/product"}],"about":[{"href":"https:\/\/www.andelutech.com\/es\/wp-json\/wp\/v2\/types\/product"}],"replies":[{"embeddable":true,"href":"https:\/\/www.andelutech.com\/es\/wp-json\/wp\/v2\/comments?post=2210"}],"wp:featuredmedia":[{"embeddable":true,"href":"https:\/\/www.andelutech.com\/es\/wp-json\/wp\/v2\/media\/2461"}],"wp:attachment":[{"href":"https:\/\/www.andelutech.com\/es\/wp-json\/wp\/v2\/media?parent=2210"}],"wp:term":[{"taxonomy":"product_brand","embeddable":true,"href":"https:\/\/www.andelutech.com\/es\/wp-json\/wp\/v2\/product_brand?post=2210"},{"taxonomy":"product_cat","embeddable":true,"href":"https:\/\/www.andelutech.com\/es\/wp-json\/wp\/v2\/product_cat?post=2210"},{"taxonomy":"product_tag","embeddable":true,"href":"https:\/\/www.andelutech.com\/es\/wp-json\/wp\/v2\/product_tag?post=2210"}],"curies":[{"name":"wp","href":"https:\/\/api.w.org\/{rel}","templated":true}]}}