{"id":2206,"date":"2025-05-20T18:13:03","date_gmt":"2025-05-20T10:13:03","guid":{"rendered":"https:\/\/www.andelutech.com\/?post_type=product&#038;p=2206"},"modified":"2025-08-29T14:15:41","modified_gmt":"2025-08-29T06:15:41","slug":"pm4-series-bayonet-quick-electrical-connector","status":"publish","type":"product","link":"https:\/\/www.andelutech.com\/es\/product\/pm4-series-bayonet-quick-electrical-connector\/","title":{"rendered":"Conector el\u00e9ctrico r\u00e1pido de la bayoneta de la serie PM4"},"content":{"rendered":"<p>Si est\u00e1 interesado en, pls p\u00f3ngase en contacto con nosotros:<strong><b>\u00a0<\/b><\/strong><a href=\"mailto:info@joinsunny.cn\"><span style=\"color: #0000ff;\"><strong><b>info@andelu.cn<\/b><\/strong><\/span><\/a><\/p>","protected":false},"excerpt":{"rendered":"<p>El conector el\u00e9ctrico Plu4 se usa para el circuito AC {{URL_PLOCELDER_0}}, y se ajusta a la especificaci\u00f3n t\u00e9cnica rusa \u0433e0.364.196ty.<\/p>\n<p>Modelo dom\u00e9stico: PM4<\/p>","protected":false},"featured_media":2469,"comment_status":"closed","ping_status":"closed","template":"","meta":[],"product_brand":[],"product_cat":[36],"product_tag":[],"class_list":{"0":"post-2206","1":"product","2":"type-product","3":"status-publish","4":"has-post-thumbnail","6":"product_cat-electrical-connector","8":"first","9":"instock","10":"shipping-taxable","11":"product-type-simple"},"_links":{"self":[{"href":"https:\/\/www.andelutech.com\/es\/wp-json\/wp\/v2\/product\/2206","targetHints":{"allow":["GET"]}}],"collection":[{"href":"https:\/\/www.andelutech.com\/es\/wp-json\/wp\/v2\/product"}],"about":[{"href":"https:\/\/www.andelutech.com\/es\/wp-json\/wp\/v2\/types\/product"}],"replies":[{"embeddable":true,"href":"https:\/\/www.andelutech.com\/es\/wp-json\/wp\/v2\/comments?post=2206"}],"wp:featuredmedia":[{"embeddable":true,"href":"https:\/\/www.andelutech.com\/es\/wp-json\/wp\/v2\/media\/2469"}],"wp:attachment":[{"href":"https:\/\/www.andelutech.com\/es\/wp-json\/wp\/v2\/media?parent=2206"}],"wp:term":[{"taxonomy":"product_brand","embeddable":true,"href":"https:\/\/www.andelutech.com\/es\/wp-json\/wp\/v2\/product_brand?post=2206"},{"taxonomy":"product_cat","embeddable":true,"href":"https:\/\/www.andelutech.com\/es\/wp-json\/wp\/v2\/product_cat?post=2206"},{"taxonomy":"product_tag","embeddable":true,"href":"https:\/\/www.andelutech.com\/es\/wp-json\/wp\/v2\/product_tag?post=2206"}],"curies":[{"name":"wp","href":"https:\/\/api.w.org\/{rel}","templated":true}]}}