{"id":2197,"date":"2025-05-20T18:03:30","date_gmt":"2025-05-20T10:03:30","guid":{"rendered":"https:\/\/www.andelutech.com\/?post_type=product&#038;p=2197"},"modified":"2025-08-29T14:12:11","modified_gmt":"2025-08-29T06:12:11","slug":"pbh-series-push-pull-electrical-connector","status":"publish","type":"product","link":"https:\/\/www.andelutech.com\/es\/product\/pbh-series-push-pull-electrical-connector\/","title":{"rendered":"Conector el\u00e9ctrico PBH Series Push-Pull"},"content":{"rendered":"<p>Si est\u00e1 interesado, pls p\u00f3ngase en contacto con nosotros:<strong><b>\u00a0<\/b><\/strong><a href=\"mailto:info@joinsunny.cn\"><span style=\"color: #0000ff;\"><strong><b>info@andelu.cn<\/b><\/strong><\/span><\/a><\/p>","protected":false},"excerpt":{"rendered":"<p>PBH1, PBH2 y PBH3 se utilizan para la conexi\u00f3n el\u00e9ctrica de los circuitos de CA y DC. En donde, el contacto con PBH1 es una aleaci\u00f3n de pala de plata chapada en la aleaci\u00f3n, el contacto con PBH2 est\u00e1 plateado y el contacto PBH3 est\u00e1 chapado en oro. El enchufe y el z\u00f3calo adopta el m\u00e9todo Push-Pull Connect y Desconecte.<\/p>\n<p>Modelo dom\u00e9stico: TY (PBH2)<\/p>","protected":false},"featured_media":2497,"comment_status":"closed","ping_status":"closed","template":"","meta":[],"product_brand":[],"product_cat":[36],"product_tag":[],"class_list":{"0":"post-2197","1":"product","2":"type-product","3":"status-publish","4":"has-post-thumbnail","6":"product_cat-electrical-connector","8":"first","9":"instock","10":"shipping-taxable","11":"product-type-simple"},"_links":{"self":[{"href":"https:\/\/www.andelutech.com\/es\/wp-json\/wp\/v2\/product\/2197","targetHints":{"allow":["GET"]}}],"collection":[{"href":"https:\/\/www.andelutech.com\/es\/wp-json\/wp\/v2\/product"}],"about":[{"href":"https:\/\/www.andelutech.com\/es\/wp-json\/wp\/v2\/types\/product"}],"replies":[{"embeddable":true,"href":"https:\/\/www.andelutech.com\/es\/wp-json\/wp\/v2\/comments?post=2197"}],"wp:featuredmedia":[{"embeddable":true,"href":"https:\/\/www.andelutech.com\/es\/wp-json\/wp\/v2\/media\/2497"}],"wp:attachment":[{"href":"https:\/\/www.andelutech.com\/es\/wp-json\/wp\/v2\/media?parent=2197"}],"wp:term":[{"taxonomy":"product_brand","embeddable":true,"href":"https:\/\/www.andelutech.com\/es\/wp-json\/wp\/v2\/product_brand?post=2197"},{"taxonomy":"product_cat","embeddable":true,"href":"https:\/\/www.andelutech.com\/es\/wp-json\/wp\/v2\/product_cat?post=2197"},{"taxonomy":"product_tag","embeddable":true,"href":"https:\/\/www.andelutech.com\/es\/wp-json\/wp\/v2\/product_tag?post=2197"}],"curies":[{"name":"wp","href":"https:\/\/api.w.org\/{rel}","templated":true}]}}