{"id":2183,"date":"2025-05-20T17:51:43","date_gmt":"2025-05-20T09:51:43","guid":{"rendered":"https:\/\/www.andelutech.com\/?post_type=product&#038;p=2183"},"modified":"2025-08-29T14:04:04","modified_gmt":"2025-08-29T06:04:04","slug":"zh23-series-environment-resistant-bayonet-electrical-connector","status":"publish","type":"product","link":"https:\/\/www.andelutech.com\/es\/product\/zh23-series-environment-resistant-bayonet-electrical-connector\/","title":{"rendered":"Conector el\u00e9ctrico de bayoneta resistente al entorno de la serie Zh23"},"content":{"rendered":"<p>Si est\u00e1 interesado en, pls p\u00f3ngase en contacto con nosotros:<strong><b>\u00a0<\/b><\/strong><a href=\"mailto:info@joinsunny.cn\"><span style=\"color: #0000ff;\"><strong><b>info@andelu.cn<\/b><\/strong><\/span><\/a><\/p>","protected":false},"excerpt":{"rendered":"<p>El conector el\u00e9ctrico de la serie CH\u044623 se presenta mediante resistencia al medio ambiente, al posicionamiento de cinco teclas anti-Misinserci\u00f3n, conexi\u00f3n r\u00e1pida de la bayoneta y otros. El contacto es el tipo de liberaci\u00f3n trasera y el \u00faltimo tipo de descanso, y se usa para circuitos AC {{URL_PLOCELLITER_0}} de baja frecuencia.<\/p>\n<p>Modelo dom\u00e9stico: ZH23<\/p>","protected":false},"featured_media":2503,"comment_status":"closed","ping_status":"closed","template":"","meta":[],"product_brand":[],"product_cat":[36],"product_tag":[],"class_list":{"0":"post-2183","1":"product","2":"type-product","3":"status-publish","4":"has-post-thumbnail","6":"product_cat-electrical-connector","8":"first","9":"instock","10":"shipping-taxable","11":"product-type-simple"},"_links":{"self":[{"href":"https:\/\/www.andelutech.com\/es\/wp-json\/wp\/v2\/product\/2183","targetHints":{"allow":["GET"]}}],"collection":[{"href":"https:\/\/www.andelutech.com\/es\/wp-json\/wp\/v2\/product"}],"about":[{"href":"https:\/\/www.andelutech.com\/es\/wp-json\/wp\/v2\/types\/product"}],"replies":[{"embeddable":true,"href":"https:\/\/www.andelutech.com\/es\/wp-json\/wp\/v2\/comments?post=2183"}],"wp:featuredmedia":[{"embeddable":true,"href":"https:\/\/www.andelutech.com\/es\/wp-json\/wp\/v2\/media\/2503"}],"wp:attachment":[{"href":"https:\/\/www.andelutech.com\/es\/wp-json\/wp\/v2\/media?parent=2183"}],"wp:term":[{"taxonomy":"product_brand","embeddable":true,"href":"https:\/\/www.andelutech.com\/es\/wp-json\/wp\/v2\/product_brand?post=2183"},{"taxonomy":"product_cat","embeddable":true,"href":"https:\/\/www.andelutech.com\/es\/wp-json\/wp\/v2\/product_cat?post=2183"},{"taxonomy":"product_tag","embeddable":true,"href":"https:\/\/www.andelutech.com\/es\/wp-json\/wp\/v2\/product_tag?post=2183"}],"curies":[{"name":"wp","href":"https:\/\/api.w.org\/{rel}","templated":true}]}}