{"id":2172,"date":"2025-05-20T17:41:01","date_gmt":"2025-05-20T09:41:01","guid":{"rendered":"https:\/\/www.andelutech.com\/?post_type=product&#038;p=2172"},"modified":"2025-08-29T14:00:05","modified_gmt":"2025-08-29T06:00:05","slug":"p-zp-pr-series-electrical-connector","status":"publish","type":"product","link":"https:\/\/www.andelutech.com\/es\/product\/p-zp-pr-series-electrical-connector\/","title":{"rendered":"Conector el\u00e9ctrico de la serie P.ZP.PR"},"content":{"rendered":"<p>Si est\u00e1 interesado en, pls p\u00f3ngase en contacto con nosotros:<strong><b>\u00a0<\/b><\/strong><a href=\"mailto:info@joinsunny.cn\"><span style=\"color: #0000ff;\"><strong><b>info@andelu.cn<\/b><\/strong><\/span><\/a><\/p>","protected":false},"excerpt":{"rendered":"<p>El conector el\u00e9ctrico circular com\u00fan es un conector el\u00e9ctrico est\u00e1ndar y cubre el tipo sellado y no sellado. El conector generalmente consiste en la pieza (enchufe) fijada en el instrumento y la parte (enchufe) fijada en el cable, y conectada a trav\u00e9s de tuercas de acoplamiento.<\/p>\n<p>Modelo dom\u00e9stico: P (\u0448P, ZP (C\u0448P), PR-B (2PTT)<\/p>","protected":false},"featured_media":2507,"comment_status":"closed","ping_status":"closed","template":"","meta":[],"product_brand":[],"product_cat":[36],"product_tag":[],"class_list":{"0":"post-2172","1":"product","2":"type-product","3":"status-publish","4":"has-post-thumbnail","6":"product_cat-electrical-connector","8":"first","9":"instock","10":"shipping-taxable","11":"product-type-simple"},"_links":{"self":[{"href":"https:\/\/www.andelutech.com\/es\/wp-json\/wp\/v2\/product\/2172","targetHints":{"allow":["GET"]}}],"collection":[{"href":"https:\/\/www.andelutech.com\/es\/wp-json\/wp\/v2\/product"}],"about":[{"href":"https:\/\/www.andelutech.com\/es\/wp-json\/wp\/v2\/types\/product"}],"replies":[{"embeddable":true,"href":"https:\/\/www.andelutech.com\/es\/wp-json\/wp\/v2\/comments?post=2172"}],"wp:featuredmedia":[{"embeddable":true,"href":"https:\/\/www.andelutech.com\/es\/wp-json\/wp\/v2\/media\/2507"}],"wp:attachment":[{"href":"https:\/\/www.andelutech.com\/es\/wp-json\/wp\/v2\/media?parent=2172"}],"wp:term":[{"taxonomy":"product_brand","embeddable":true,"href":"https:\/\/www.andelutech.com\/es\/wp-json\/wp\/v2\/product_brand?post=2172"},{"taxonomy":"product_cat","embeddable":true,"href":"https:\/\/www.andelutech.com\/es\/wp-json\/wp\/v2\/product_cat?post=2172"},{"taxonomy":"product_tag","embeddable":true,"href":"https:\/\/www.andelutech.com\/es\/wp-json\/wp\/v2\/product_tag?post=2172"}],"curies":[{"name":"wp","href":"https:\/\/api.w.org\/{rel}","templated":true}]}}