{"id":2160,"date":"2025-05-20T14:45:31","date_gmt":"2025-05-20T06:45:31","guid":{"rendered":"https:\/\/www.andelutech.com\/?post_type=product&#038;p=2160"},"modified":"2025-08-04T09:41:18","modified_gmt":"2025-08-04T01:41:18","slug":"k-series-hermetic-electrical-connector","status":"publish","type":"product","link":"https:\/\/www.andelutech.com\/es\/product\/k-series-hermetic-electrical-connector\/","title":{"rendered":"K Serie Hermetic Electrical Conector"},"content":{"rendered":"<p>Si est\u00e1 interesado, pls p\u00f3ngase en contacto con nosotros:<strong><b>\u00a0<\/b><\/strong><a href=\"mailto:info@joinsunny.cn\"><span style=\"color: #0000ff;\"><strong><b>info@andelu.cn<\/b><\/strong><\/span><\/a><\/p>","protected":false},"excerpt":{"rendered":"<p>Introducci\u00f3n al producto<\/p>\n<p>Los productos de la serie se ajustan a los requisitos de GJB598A-1996 (MIL-C-26482G de EE. UU. Y la industria est\u00e1ndar de la industria HB6-77-83), y se puede combinar y usar conjuntamente con el enchufe con el mismo tama\u00f1o de carcasa y el n\u00famero de inserci\u00f3n de la serie Zh8525. El contacto k se envuelve mientras el contacto K-F se suelde, que son adecuados para conectar y desconectar de manera r\u00e1pida y confiable de equipos el\u00e9ctricos de aeronaves y circuitos de dispositivos de radio.<\/p>\n<p>&nbsp;<\/p>","protected":false},"featured_media":2498,"comment_status":"closed","ping_status":"closed","template":"","meta":[],"product_brand":[],"product_cat":[36],"product_tag":[],"class_list":{"0":"post-2160","1":"product","2":"type-product","3":"status-publish","4":"has-post-thumbnail","6":"product_cat-electrical-connector","8":"first","9":"instock","10":"shipping-taxable","11":"product-type-simple"},"_links":{"self":[{"href":"https:\/\/www.andelutech.com\/es\/wp-json\/wp\/v2\/product\/2160","targetHints":{"allow":["GET"]}}],"collection":[{"href":"https:\/\/www.andelutech.com\/es\/wp-json\/wp\/v2\/product"}],"about":[{"href":"https:\/\/www.andelutech.com\/es\/wp-json\/wp\/v2\/types\/product"}],"replies":[{"embeddable":true,"href":"https:\/\/www.andelutech.com\/es\/wp-json\/wp\/v2\/comments?post=2160"}],"wp:featuredmedia":[{"embeddable":true,"href":"https:\/\/www.andelutech.com\/es\/wp-json\/wp\/v2\/media\/2498"}],"wp:attachment":[{"href":"https:\/\/www.andelutech.com\/es\/wp-json\/wp\/v2\/media?parent=2160"}],"wp:term":[{"taxonomy":"product_brand","embeddable":true,"href":"https:\/\/www.andelutech.com\/es\/wp-json\/wp\/v2\/product_brand?post=2160"},{"taxonomy":"product_cat","embeddable":true,"href":"https:\/\/www.andelutech.com\/es\/wp-json\/wp\/v2\/product_cat?post=2160"},{"taxonomy":"product_tag","embeddable":true,"href":"https:\/\/www.andelutech.com\/es\/wp-json\/wp\/v2\/product_tag?post=2160"}],"curies":[{"name":"wp","href":"https:\/\/api.w.org\/{rel}","templated":true}]}}