{"id":2151,"date":"2025-05-19T11:07:14","date_gmt":"2025-05-19T03:07:14","guid":{"rendered":"https:\/\/www.andelutech.com\/?post_type=product&#038;p=2151"},"modified":"2026-01-16T10:06:17","modified_gmt":"2026-01-16T02:06:17","slug":"and-3qa-02e-high-performance-triaxial-quartz-accelerometer","status":"publish","type":"product","link":"https:\/\/www.andelutech.com\/es\/product\/and-3qa-02e-high-performance-triaxial-quartz-accelerometer\/","title":{"rendered":"Y -3QA -02E Aceler\u00f3metro de cuarzo triaxial de alto rendimiento"},"content":{"rendered":"<p>Si est\u00e1 interesado en el aceler\u00f3metro de cuarzo de alto rendimiento, por favor cont\u00e1ctenos:<strong><b> info@andelutech.com<\/b><\/strong><\/p>","protected":false},"excerpt":{"rendered":"<p><strong><b>Introducci\u00f3n<\/b><\/strong><\/p>\n<p>Y -3qa -02E cuarzo triaxial de alto rendimiento\u00a0<a href=\"https:\/\/www.ericcointernational.com\/accelerometer\/\">Aceler\u00f3metro<\/a>\u00a0Con un alto rendimiento se compone de TRES sensores de ACELERACI\u00d3N A15, un convertidor DE 24 BITS de alta precisi\u00f3n de una \/D, microcomputador de chips \u00fanico de consumo ultra bajo de 16 bits y estructura mec\u00e1nica. Y -3QA -02E tiene las caracter\u00edsticas de salida digital, error de instalaci\u00f3n de alta precisi\u00f3n, compensaci\u00f3n de temperatura y bajo consumo de energ\u00eda.<\/p>","protected":false},"featured_media":3560,"comment_status":"open","ping_status":"closed","template":"","meta":[],"product_brand":[],"product_cat":[25],"product_tag":[],"class_list":{"0":"post-2151","1":"product","2":"type-product","3":"status-publish","4":"has-post-thumbnail","6":"product_cat-accelerometer","8":"first","9":"instock","10":"shipping-taxable","11":"product-type-simple"},"_links":{"self":[{"href":"https:\/\/www.andelutech.com\/es\/wp-json\/wp\/v2\/product\/2151","targetHints":{"allow":["GET"]}}],"collection":[{"href":"https:\/\/www.andelutech.com\/es\/wp-json\/wp\/v2\/product"}],"about":[{"href":"https:\/\/www.andelutech.com\/es\/wp-json\/wp\/v2\/types\/product"}],"replies":[{"embeddable":true,"href":"https:\/\/www.andelutech.com\/es\/wp-json\/wp\/v2\/comments?post=2151"}],"wp:featuredmedia":[{"embeddable":true,"href":"https:\/\/www.andelutech.com\/es\/wp-json\/wp\/v2\/media\/3560"}],"wp:attachment":[{"href":"https:\/\/www.andelutech.com\/es\/wp-json\/wp\/v2\/media?parent=2151"}],"wp:term":[{"taxonomy":"product_brand","embeddable":true,"href":"https:\/\/www.andelutech.com\/es\/wp-json\/wp\/v2\/product_brand?post=2151"},{"taxonomy":"product_cat","embeddable":true,"href":"https:\/\/www.andelutech.com\/es\/wp-json\/wp\/v2\/product_cat?post=2151"},{"taxonomy":"product_tag","embeddable":true,"href":"https:\/\/www.andelutech.com\/es\/wp-json\/wp\/v2\/product_tag?post=2151"}],"curies":[{"name":"wp","href":"https:\/\/api.w.org\/{rel}","templated":true}]}}