{"id":2144,"date":"2025-05-19T10:47:56","date_gmt":"2025-05-19T02:47:56","guid":{"rendered":"https:\/\/www.andelutech.com\/?post_type=product&#038;p=2144"},"modified":"2026-01-16T10:02:56","modified_gmt":"2026-01-16T02:02:56","slug":"and-qa-01c-low-cost-quartz-accelerometer","status":"publish","type":"product","link":"https:\/\/www.andelutech.com\/es\/product\/and-qa-01c-low-cost-quartz-accelerometer\/","title":{"rendered":"Y -QA -01C Aceler\u00f3metro de cuarzo de bajo costo\u00a0"},"content":{"rendered":"<p>Si est\u00e1 interesado en el aceler\u00f3metro de cuarzo de alto rendimiento, por favor cont\u00e1ctenos:<strong><b> info@andelutech.com<\/b><\/strong><\/p>","protected":false},"excerpt":{"rendered":"<p>El aceler\u00f3metro de cuarzo de bajo costo se puede utilizar ampliamente en el sistema de navegaci\u00f3n inercial que tiene una amplia aplicaci\u00f3n en veh\u00edculos aeroespaciales, sistema de navegaci\u00f3n inercial y sistema de control de barcos.<\/p>\n<p><strong><b>Aplicaciones<\/b><\/strong><\/p>\n<p>Sistema de navegaci\u00f3n del tanque<\/p>\n<p>Veh\u00edculo militar<\/p>","protected":false},"featured_media":3562,"comment_status":"open","ping_status":"closed","template":"","meta":[],"product_brand":[],"product_cat":[25],"product_tag":[],"class_list":{"0":"post-2144","1":"product","2":"type-product","3":"status-publish","4":"has-post-thumbnail","6":"product_cat-accelerometer","8":"first","9":"instock","10":"shipping-taxable","11":"product-type-simple"},"_links":{"self":[{"href":"https:\/\/www.andelutech.com\/es\/wp-json\/wp\/v2\/product\/2144","targetHints":{"allow":["GET"]}}],"collection":[{"href":"https:\/\/www.andelutech.com\/es\/wp-json\/wp\/v2\/product"}],"about":[{"href":"https:\/\/www.andelutech.com\/es\/wp-json\/wp\/v2\/types\/product"}],"replies":[{"embeddable":true,"href":"https:\/\/www.andelutech.com\/es\/wp-json\/wp\/v2\/comments?post=2144"}],"wp:featuredmedia":[{"embeddable":true,"href":"https:\/\/www.andelutech.com\/es\/wp-json\/wp\/v2\/media\/3562"}],"wp:attachment":[{"href":"https:\/\/www.andelutech.com\/es\/wp-json\/wp\/v2\/media?parent=2144"}],"wp:term":[{"taxonomy":"product_brand","embeddable":true,"href":"https:\/\/www.andelutech.com\/es\/wp-json\/wp\/v2\/product_brand?post=2144"},{"taxonomy":"product_cat","embeddable":true,"href":"https:\/\/www.andelutech.com\/es\/wp-json\/wp\/v2\/product_cat?post=2144"},{"taxonomy":"product_tag","embeddable":true,"href":"https:\/\/www.andelutech.com\/es\/wp-json\/wp\/v2\/product_tag?post=2144"}],"curies":[{"name":"wp","href":"https:\/\/api.w.org\/{rel}","templated":true}]}}