{"id":2140,"date":"2025-05-19T10:29:24","date_gmt":"2025-05-19T02:29:24","guid":{"rendered":"https:\/\/www.andelutech.com\/?post_type=product&#038;p=2140"},"modified":"2026-01-16T10:01:52","modified_gmt":"2026-01-16T02:01:52","slug":"and-qa-01a-aerospace-quartz-accelerometer","status":"publish","type":"product","link":"https:\/\/www.andelutech.com\/es\/product\/and-qa-01a-aerospace-quartz-accelerometer\/","title":{"rendered":"Y -qa -01A aceler\u00f3metro de cuarzo aeroespacial"},"content":{"rendered":"<p>Si est\u00e1 interesado en el aceler\u00f3metro de cuarzo de alto rendimiento, por favor cont\u00e1ctenos:<strong><b> info@andelutech.com<\/b><\/strong><\/p>","protected":false},"excerpt":{"rendered":"<p><strong><b>Solicitud<\/b><\/strong><\/p>\n<p>Y -qa -01a aeroespacial\u00a0<a href=\"https:\/\/www.ericcointernational.com\/accelerometer\/quartz-accelerometer\/\">Aceler\u00f3metro de cuarzo<\/a>\u00a0con una alta precisi\u00f3n se utiliza en el sistema de medici\u00f3n de microgravedad de portador, sistema de navegaci\u00f3n inercial, sistema de medici\u00f3n de \u00e1ngulo est\u00e1tico.<\/p>\n<p><strong><b>Caracter\u00edsticas<\/b><\/strong><\/p>\n<p>Alta precisi\u00f3n<\/p>\n<p>Rendimiento alto<\/p>","protected":false},"featured_media":3564,"comment_status":"open","ping_status":"closed","template":"","meta":[],"product_brand":[],"product_cat":[25],"product_tag":[],"class_list":{"0":"post-2140","1":"product","2":"type-product","3":"status-publish","4":"has-post-thumbnail","6":"product_cat-accelerometer","8":"first","9":"instock","10":"shipping-taxable","11":"product-type-simple"},"_links":{"self":[{"href":"https:\/\/www.andelutech.com\/es\/wp-json\/wp\/v2\/product\/2140","targetHints":{"allow":["GET"]}}],"collection":[{"href":"https:\/\/www.andelutech.com\/es\/wp-json\/wp\/v2\/product"}],"about":[{"href":"https:\/\/www.andelutech.com\/es\/wp-json\/wp\/v2\/types\/product"}],"replies":[{"embeddable":true,"href":"https:\/\/www.andelutech.com\/es\/wp-json\/wp\/v2\/comments?post=2140"}],"wp:featuredmedia":[{"embeddable":true,"href":"https:\/\/www.andelutech.com\/es\/wp-json\/wp\/v2\/media\/3564"}],"wp:attachment":[{"href":"https:\/\/www.andelutech.com\/es\/wp-json\/wp\/v2\/media?parent=2140"}],"wp:term":[{"taxonomy":"product_brand","embeddable":true,"href":"https:\/\/www.andelutech.com\/es\/wp-json\/wp\/v2\/product_brand?post=2140"},{"taxonomy":"product_cat","embeddable":true,"href":"https:\/\/www.andelutech.com\/es\/wp-json\/wp\/v2\/product_cat?post=2140"},{"taxonomy":"product_tag","embeddable":true,"href":"https:\/\/www.andelutech.com\/es\/wp-json\/wp\/v2\/product_tag?post=2140"}],"curies":[{"name":"wp","href":"https:\/\/api.w.org\/{rel}","templated":true}]}}