{"id":2128,"date":"2025-05-19T10:14:31","date_gmt":"2025-05-19T02:14:31","guid":{"rendered":"https:\/\/www.andelutech.com\/?post_type=product&#038;p=2128"},"modified":"2025-12-24T15:52:05","modified_gmt":"2025-12-24T07:52:05","slug":"and-qa-03d-anti-shock-and-high-temp-quartz-accelerometer-for-oil-and-gas","status":"publish","type":"product","link":"https:\/\/www.andelutech.com\/es\/product\/and-qa-03d-anti-shock-and-high-temp-quartz-accelerometer-for-oil-and-gas\/","title":{"rendered":"Y -QA-03D Anti-Shock y aceler\u00f3metro de cuarzo de alta temperatura para petr\u00f3leo y gas\u00a0"},"content":{"rendered":"<p><strong><b>Aplicaciones\u00a0<\/b><\/strong><\/p>\n<p>Herramientas MWD<\/p>\n<p>Herramientas LWD<\/p>\n<p>Navegaci\u00f3n inercial<\/p>\n<p>Registro de pozos de petr\u00f3leo<\/p>\n<p>Inclin\u00f3metro girosc\u00f3pico<\/p>\n<p>Orientaci\u00f3n y control<\/p>","protected":false},"excerpt":{"rendered":"<p><strong><b>Introducci\u00f3n<\/b><\/strong><\/p>\n<p>Y -QA-03D alta temperatura\u00a0<a href=\"https:\/\/www.ericcointernational.com\/accelerometer\/quartz-accelerometer\/\">Aceler\u00f3metro de cuarzo<\/a>\u00a0para el petr\u00f3leo y el gas con un alto rendimiento anti-shock y alto de confiabilidad de alto gusto, no solo se puede usar en aviaci\u00f3n y pruebas de inercia aeroespacial, sino tambi\u00e9n en mediciones de aceleraci\u00f3n est\u00e1tica y din\u00e1mica. Adem\u00e1s, el aceler\u00f3metro utiliza un sensor de temperatura, que el operador puede usar para compensar los par\u00e1metros de sesgo y factor de escala para reducir la influencia de los factores de temperatura.<\/p>\n<p>Applications \uff1aThe products are widely used for aerospace inertial navigation, guidance and control, industrial measurement and for measurement-while-drilling (MWD) in oil and gas fields.<\/p>\n<p>&nbsp;<\/p>","protected":false},"featured_media":2130,"comment_status":"open","ping_status":"closed","template":"","meta":[],"product_brand":[],"product_cat":[25],"product_tag":[],"class_list":{"0":"post-2128","1":"product","2":"type-product","3":"status-publish","4":"has-post-thumbnail","6":"product_cat-accelerometer","8":"first","9":"instock","10":"shipping-taxable","11":"product-type-simple"},"_links":{"self":[{"href":"https:\/\/www.andelutech.com\/es\/wp-json\/wp\/v2\/product\/2128","targetHints":{"allow":["GET"]}}],"collection":[{"href":"https:\/\/www.andelutech.com\/es\/wp-json\/wp\/v2\/product"}],"about":[{"href":"https:\/\/www.andelutech.com\/es\/wp-json\/wp\/v2\/types\/product"}],"replies":[{"embeddable":true,"href":"https:\/\/www.andelutech.com\/es\/wp-json\/wp\/v2\/comments?post=2128"}],"wp:featuredmedia":[{"embeddable":true,"href":"https:\/\/www.andelutech.com\/es\/wp-json\/wp\/v2\/media\/2130"}],"wp:attachment":[{"href":"https:\/\/www.andelutech.com\/es\/wp-json\/wp\/v2\/media?parent=2128"}],"wp:term":[{"taxonomy":"product_brand","embeddable":true,"href":"https:\/\/www.andelutech.com\/es\/wp-json\/wp\/v2\/product_brand?post=2128"},{"taxonomy":"product_cat","embeddable":true,"href":"https:\/\/www.andelutech.com\/es\/wp-json\/wp\/v2\/product_cat?post=2128"},{"taxonomy":"product_tag","embeddable":true,"href":"https:\/\/www.andelutech.com\/es\/wp-json\/wp\/v2\/product_tag?post=2128"}],"curies":[{"name":"wp","href":"https:\/\/api.w.org\/{rel}","templated":true}]}}