{"id":2123,"date":"2025-05-19T10:03:54","date_gmt":"2025-05-19T02:03:54","guid":{"rendered":"https:\/\/www.andelutech.com\/?post_type=product&#038;p=2123"},"modified":"2025-12-24T15:56:12","modified_gmt":"2025-12-24T07:56:12","slug":"and-qa-03b-wide-range-quartz-accelerometer","status":"publish","type":"product","link":"https:\/\/www.andelutech.com\/es\/product\/and-qa-03b-wide-range-quartz-accelerometer\/","title":{"rendered":"Y aceler\u00f3metro de cuarzo de amplio alcance -qa-03B\u00a0"},"content":{"rendered":"<p>&nbsp;<\/p>","protected":false},"excerpt":{"rendered":"<p><strong><b>Introducci\u00f3n<\/b><\/strong><\/p>\n<p>Y -QA-03B de amplio rango\u00a0<a href=\"https:\/\/www.ericcointernational.com\/accelerometer\/quartz-accelerometer\/\">Aceler\u00f3metro de cuarzo<\/a>\u00a0para el aeroespacial con amplio rango, alta precisi\u00f3n, alta confiabilidad, no solo se puede usar en la aviaci\u00f3n y la prueba de inercia aeroespacial, sino tambi\u00e9n en la medici\u00f3n de aceleraci\u00f3n est\u00e1tica y din\u00e1mica. Adem\u00e1s, el aceler\u00f3metro utiliza un sensor de temperatura, que el operador puede usar para compensar los par\u00e1metros de sesgo y factor de escala para reducir la influencia de los factores de temperatura.<\/p>\n<p><strong><b>Aplicaciones<\/b><\/strong><\/p>\n<p>Control de vuelo<\/p>\n<p>Estabilizaci\u00f3n<\/p>\n<p>Sistemas de navegaci\u00f3n de aviones<\/p>\n<p>Sistemas de referencia de encabezado de actitud (AHRS)<\/p>\n<p>Prueba de vibraci\u00f3n de tierra (GVT)-Prueba de t\u00fanel de viento<\/p>","protected":false},"featured_media":2126,"comment_status":"closed","ping_status":"closed","template":"","meta":[],"product_brand":[],"product_cat":[25],"product_tag":[],"class_list":{"0":"post-2123","1":"product","2":"type-product","3":"status-publish","4":"has-post-thumbnail","6":"product_cat-accelerometer","8":"first","9":"instock","10":"shipping-taxable","11":"product-type-simple"},"_links":{"self":[{"href":"https:\/\/www.andelutech.com\/es\/wp-json\/wp\/v2\/product\/2123","targetHints":{"allow":["GET"]}}],"collection":[{"href":"https:\/\/www.andelutech.com\/es\/wp-json\/wp\/v2\/product"}],"about":[{"href":"https:\/\/www.andelutech.com\/es\/wp-json\/wp\/v2\/types\/product"}],"replies":[{"embeddable":true,"href":"https:\/\/www.andelutech.com\/es\/wp-json\/wp\/v2\/comments?post=2123"}],"wp:featuredmedia":[{"embeddable":true,"href":"https:\/\/www.andelutech.com\/es\/wp-json\/wp\/v2\/media\/2126"}],"wp:attachment":[{"href":"https:\/\/www.andelutech.com\/es\/wp-json\/wp\/v2\/media?parent=2123"}],"wp:term":[{"taxonomy":"product_brand","embeddable":true,"href":"https:\/\/www.andelutech.com\/es\/wp-json\/wp\/v2\/product_brand?post=2123"},{"taxonomy":"product_cat","embeddable":true,"href":"https:\/\/www.andelutech.com\/es\/wp-json\/wp\/v2\/product_cat?post=2123"},{"taxonomy":"product_tag","embeddable":true,"href":"https:\/\/www.andelutech.com\/es\/wp-json\/wp\/v2\/product_tag?post=2123"}],"curies":[{"name":"wp","href":"https:\/\/api.w.org\/{rel}","templated":true}]}}