{"id":1855,"date":"2025-04-11T17:49:33","date_gmt":"2025-04-11T09:49:33","guid":{"rendered":"https:\/\/www.andelutech.com\/?post_type=product&#038;p=1855"},"modified":"2026-01-16T10:22:01","modified_gmt":"2026-01-16T02:22:01","slug":"and-fins-70-high-performance-low-cost-fog-ins","status":"publish","type":"product","link":"https:\/\/www.andelutech.com\/es\/product\/and-fins-70-high-performance-low-cost-fog-ins\/","title":{"rendered":"Y al-70 de alto rendimiento y bajo costo Fog Ins"},"content":{"rendered":"<p><strong><b>Estructura y funciones del sistema<\/b><\/strong><\/p>\n<p>El sistema consiste en un chasis, un cuerpo de IMU (con un giroscopio de fibra \u00f3ptica de tres ejes, un aceler\u00f3metro de tres ejes), una placa base de giroscopio, una placa base medida, una fuente de alimentaci\u00f3n secundaria, una computadora de navegaci\u00f3n y conectores.<\/p>\n<p>Puede cumplir con los requisitos de la medici\u00f3n de actitud de tres ejes completo para todo clima de tres ejes del portador y tiene funci\u00f3n de autoalineaci\u00f3n. Puede realizar una navegaci\u00f3n inercial pura a corto plazo y funciones combinadas de navegaci\u00f3n, y datos de actitud de tiempo real del operador de salida.<\/p>\n<p><strong><b>Presupuesto<\/b><\/strong><\/p>\n<p><strong><b>3.1 Especificaciones de rendimiento<\/b><\/strong><\/p>\n<p>3.1.1 Par\u00e1metro del sensor de temperatura completa<\/p>\n<p>El Gyro es mejor que 0.05 \u00b0 \/ h, y el aceler\u00f3metro es mejor que 200ug (10s, 1\u03c3).<\/p>\n<p>3.1.2 Alineaci\u00f3n inicial (a temperatura normal 25 \u00b0 C)<\/p>\n<p>Modo de alineaci\u00f3n: autoalineaci\u00f3n;<\/p>\n<p>Tiempo de alineaci\u00f3n: menos de 5 minutos (base est\u00e1tica);<\/p>\n<p>Actitud horizontal (tono, rollo) Precisi\u00f3n de alineaci\u00f3n (1\u03c3): \u22640.03 \u00b0;<\/p>\n<p>Precisi\u00f3n de alineaci\u00f3n del encabezado (1\u03c3): \u22640.3 \u00b0.<\/p>\n<p>3.1.3 Mantenimiento de actitud de actitud<\/p>\n<p>1h estado de inercia pura;<\/p>\n<p>Actitud horizontal (tono, rollo) Manteniendo la precisi\u00f3n (1\u03c3): \u22640.05 \u00b0;<\/p>\n<p>Precisi\u00f3n del encabezado (1\u03c3): \u22640.2 \u00b0;<\/p>\n<p>8h estado de combinaci\u00f3n de posici\u00f3n;<\/p>\n<p>Precisi\u00f3n de posici\u00f3n (CEP): 10m;<\/p>\n<p><strong><b>3.2 Volumen, peso<\/b><\/strong><\/p>\n<p>3.2.1 Y FINS-70A<\/p>\n<p>El volumen del sistema es: 237 mm \u00d7 157 mm \u00d7 122 mm;<\/p>\n<p>Peso del sistema: menos de 5 kg.<\/p>\n<p>3.2.2 Y FINS-70B<\/p>\n<p>El volumen del sistema es: 140 mm \u00d7 140 mm \u00d7 100 mm;<\/p>\n<p>Peso del sistema: menos de 3 kg.<\/p>\n<p><strong><b>3.3 Requisitos de condiciones ambientales<\/b><\/strong><\/p>\n<p>Rango de temperatura de funcionamiento: -40 \u00b0 C ~+60 \u00b0 C.<\/p>\n<p><strong><b>3.4 Fuente de energ\u00eda y consumo de energ\u00eda<\/b><\/strong><\/p>\n<p>El consumo promedio de energ\u00eda es de 15W, 10 W a temperatura normal;<\/p>\n<p>Fuente de alimentaci\u00f3n 24 V, voltaje de trabajo 16 ~ 32V.<\/p>\n<p><strong><b>3.5 Interfaz de entrada y salida<\/b><\/strong><\/p>\n<p>Interfaz de entrada y salida RS422: env\u00ede par\u00e1metros de navegaci\u00f3n y reciba comandos de control<\/p>\n<p>Si est\u00e1 interesado en Ins de alto rendimiento y de bajo costo, por favor cont\u00e1ctenos:<b> <\/b><a href=\"mailto:info@joinsunny.cn\"><span style=\"color: #0000ff;\"><strong><b>info@andelutech.com<\/b><\/strong><\/span><\/a><\/p>","protected":false},"excerpt":{"rendered":"<p><strong><b>Introducci\u00f3n<\/b><\/strong><\/p>\n<p>Y al-70 alto rendimiento y\u00a0<span style=\"color: #0000ff;\">Fog INS de bajo costo<\/span>\u00a0is mainly composed of three solid fiber optic gyroscopes, three quartz flexible accelerometers, data packing plates, body structural parts and related software.<\/p>\n<p>It can measure the angular velocity and linear acceleration of the carrier motion; performs the error compensation of temperature, installation misalignment angle, non-linearity and zero position etc.; automatically searches and outputs true north heading; provides three-dimensional attitude; provides information for carrier attitude and navigation control and the measurement result is output through RS422 serial interface.<\/p>","protected":false},"featured_media":1863,"comment_status":"open","ping_status":"closed","template":"","meta":[],"product_brand":[],"product_cat":[22],"product_tag":[],"class_list":{"0":"post-1855","1":"product","2":"type-product","3":"status-publish","4":"has-post-thumbnail","6":"product_cat-gyro-sensor","8":"first","9":"instock","10":"shipping-taxable","11":"product-type-simple"},"_links":{"self":[{"href":"https:\/\/www.andelutech.com\/es\/wp-json\/wp\/v2\/product\/1855","targetHints":{"allow":["GET"]}}],"collection":[{"href":"https:\/\/www.andelutech.com\/es\/wp-json\/wp\/v2\/product"}],"about":[{"href":"https:\/\/www.andelutech.com\/es\/wp-json\/wp\/v2\/types\/product"}],"replies":[{"embeddable":true,"href":"https:\/\/www.andelutech.com\/es\/wp-json\/wp\/v2\/comments?post=1855"}],"wp:featuredmedia":[{"embeddable":true,"href":"https:\/\/www.andelutech.com\/es\/wp-json\/wp\/v2\/media\/1863"}],"wp:attachment":[{"href":"https:\/\/www.andelutech.com\/es\/wp-json\/wp\/v2\/media?parent=1855"}],"wp:term":[{"taxonomy":"product_brand","embeddable":true,"href":"https:\/\/www.andelutech.com\/es\/wp-json\/wp\/v2\/product_brand?post=1855"},{"taxonomy":"product_cat","embeddable":true,"href":"https:\/\/www.andelutech.com\/es\/wp-json\/wp\/v2\/product_cat?post=1855"},{"taxonomy":"product_tag","embeddable":true,"href":"https:\/\/www.andelutech.com\/es\/wp-json\/wp\/v2\/product_tag?post=1855"}],"curies":[{"name":"wp","href":"https:\/\/api.w.org\/{rel}","templated":true}]}}