{"id":1851,"date":"2025-04-11T17:40:51","date_gmt":"2025-04-11T09:40:51","guid":{"rendered":"https:\/\/www.andelutech.com\/?post_type=product&#038;p=1851"},"modified":"2026-01-09T11:42:36","modified_gmt":"2026-01-09T03:42:36","slug":"electronic-compass","status":"publish","type":"product","link":"https:\/\/www.andelutech.com\/es\/product\/electronic-compass\/","title":{"rendered":"AND-EC-220 Electronic Compass"},"content":{"rendered":"<p><strong><b>Caracter\u00edsticas<\/b><\/strong><\/p>\n<p>Rango de medici\u00f3n 0 ~ 360 \u00b0<\/p>\n<p>Precisi\u00f3n de encabezado 1 \u00b0, rango de inclinaci\u00f3n \u00b1 5 \u00b0<\/p>\n<p>Dise\u00f1o de grado industrial<\/p>\n<p>Voltaje de entrada DC 5V<\/p>\n<p>Trabajo de temperatura amplia -40 ~+85 \u2103<\/p>\n<p>Con compensaci\u00f3n magn\u00e9tica, suave magn\u00e9tica e inclinaci\u00f3n<\/p>\n<p>BAUD TASA 2400 ~ 115200 (ajustable)<\/p>\n<p>Corriente de trabajo: 40 mA<\/p>\n<p>Nivel de protecci\u00f3n IP67<\/p>\n<p>Salida rs232 \/RS485\/TTL\/MODBUS (opcional)<\/p>\n<p>Volumen peque\u00f1o (33*27*8 mm) (personalizable)<\/p>\n<p>El producto tiene un tama\u00f1o peque\u00f1o y bajo consumo de energ\u00eda, y puede usarse en muchos campos, como la estabilidad de la antena, la integraci\u00f3n automotriz e del sistema. Una fuerte resistencia al choque puede funcionar normalmente en entornos extremadamente duros, que es m\u00e1s adecuado para la medici\u00f3n de alta precisi\u00f3n miniaturizada de hoy.<\/p>\n<p>Si est\u00e1 interesado en la br\u00fajula electr\u00f3nica 2D de alta precisi\u00f3n y 220 de alta precisi\u00f3n-Tipo digital, por favor cont\u00e1ctenos:<strong><b>\u00a0<\/b><\/strong><a href=\"mailto:info@joinsunny.cn\"><span style=\"color: #0000ff;\"><strong><b>info@joinsunny.cn<\/b><\/strong><\/span><\/a><\/p>","protected":false},"excerpt":{"rendered":"<p><strong><b>Introducci\u00f3n<\/b><\/strong><\/p>\n<p>Es una br\u00fajula electr\u00f3nica bidimensional de alta precisi\u00f3n, que mide el acimut de 0 a 360 \u00b0, y ha introducido la tecnolog\u00eda de patentes estadounidense. Se compone de microcontrolador industrial con alta confiabilidad y fuerte capacidad anti-interferencia, magn\u00e9tica de alta precisi\u00f3n\u00a0<span style=\"color: #0000ff;\">sensor<\/span>\u00a0drive chips e integra interferencia magn\u00e9tica dura y tecnolog\u00eda de compensaci\u00f3n de interferencia magn\u00e9tica suave. Se puede personalizar de acuerdo con las necesidades del cliente, y es muy conveniente integrar r\u00e1pidamente la funci\u00f3n de br\u00fajula electr\u00f3nica en varios productos.<\/p>\n<p><strong><b>Aplicaciones<\/b><\/strong><\/p>\n<p>Equipo de combate individual<\/p>\n<p>Posicionamiento por antena solar satelital<\/p>\n<p>Coche degv bajo<\/p>\n<p>Maquinaria minera, equipo de registro de aceite<\/p>\n<p>Equipo m\u00e9dico<\/p>\n<p>Nivelaci\u00f3n de gimp<\/p>\n<p>Posicionamiento y navegaci\u00f3n de UAV<\/p>\n<p>Monitoreo basado en inclinaci\u00f3n<\/p>\n<p>Varios control del \u00e1ngulo de maquinaria de construcci\u00f3n<\/p>\n<p>Inspecci\u00f3n de puentes y presas<\/p>\n<p>&nbsp;<\/p>","protected":false},"featured_media":1853,"comment_status":"open","ping_status":"closed","template":"","meta":[],"product_brand":[],"product_cat":[41],"product_tag":[],"class_list":{"0":"post-1851","1":"product","2":"type-product","3":"status-publish","4":"has-post-thumbnail","6":"product_cat-compass","8":"first","9":"instock","10":"shipping-taxable","11":"product-type-simple"},"_links":{"self":[{"href":"https:\/\/www.andelutech.com\/es\/wp-json\/wp\/v2\/product\/1851","targetHints":{"allow":["GET"]}}],"collection":[{"href":"https:\/\/www.andelutech.com\/es\/wp-json\/wp\/v2\/product"}],"about":[{"href":"https:\/\/www.andelutech.com\/es\/wp-json\/wp\/v2\/types\/product"}],"replies":[{"embeddable":true,"href":"https:\/\/www.andelutech.com\/es\/wp-json\/wp\/v2\/comments?post=1851"}],"wp:featuredmedia":[{"embeddable":true,"href":"https:\/\/www.andelutech.com\/es\/wp-json\/wp\/v2\/media\/1853"}],"wp:attachment":[{"href":"https:\/\/www.andelutech.com\/es\/wp-json\/wp\/v2\/media?parent=1851"}],"wp:term":[{"taxonomy":"product_brand","embeddable":true,"href":"https:\/\/www.andelutech.com\/es\/wp-json\/wp\/v2\/product_brand?post=1851"},{"taxonomy":"product_cat","embeddable":true,"href":"https:\/\/www.andelutech.com\/es\/wp-json\/wp\/v2\/product_cat?post=1851"},{"taxonomy":"product_tag","embeddable":true,"href":"https:\/\/www.andelutech.com\/es\/wp-json\/wp\/v2\/product_tag?post=1851"}],"curies":[{"name":"wp","href":"https:\/\/api.w.org\/{rel}","templated":true}]}}