{"id":1839,"date":"2025-04-11T17:31:08","date_gmt":"2025-04-11T09:31:08","guid":{"rendered":"https:\/\/www.andelutech.com\/?post_type=product&#038;p=1839"},"modified":"2026-01-09T13:50:23","modified_gmt":"2026-01-09T05:50:23","slug":"low-costfog-rate-gyroscope","status":"publish","type":"product","link":"https:\/\/www.andelutech.com\/es\/product\/low-costfog-rate-gyroscope\/","title":{"rendered":"AND-FOG-25 Low Cost FOG Rate Gyroscope"},"content":{"rendered":"<p><strong><b>Presupuesto<\/b><\/strong><\/p>\n<p>Rango de medici\u00f3n: 500 \u00b0 \/ s, ajustable;<br \/>\nEstabilidad de sesgo de (1\u03c3): 1-5 \u00b0 \/ h;<br \/>\nResoluci\u00f3n: 0.5 \u00b0 \/ h;<br \/>\nFactor de escala no linealidad (1\u03c3): 300ppm;<br \/>\nCoeficiente de caminata aleatoria: 0.1 (\u00b0 \/ \u221aH);<br \/>\nAncho de banda: no menos de 400Hz;<br \/>\nConsumo de energ\u00eda: menos de 3W;<br \/>\nTemperatura de trabajo: M1A: -40 \u00b0 C a +60 \u00b0 C;<br \/>\nFuente de alimentaci\u00f3n: \u00b1 5V DC (precisi\u00f3n de potencia \u00b1 5%, onda menos de 30 mv)<br \/>\nInterfaz: RS-422<br \/>\nDimensiones: \u03c625 mm*40 mm<br \/>\nPeso: 60 \u00b1 5G<\/p>","protected":false},"excerpt":{"rendered":"<p>Y FOG-25 Alto precisi\u00f3n y bajo costo La tasa de niebla Gyro (sustituto especialmente dise\u00f1ado de tasa flotante l\u00edquida Gyro) est\u00e1 especialmente dise\u00f1ado para la medici\u00f3n de actitud del veh\u00edculo, y puede sustituir el giroscopio flotante l\u00edquido o flotante semi-l\u00edquido. Es simple de instalar, f\u00e1cil de usar, estable y confiable. Los usuarios solo necesitan usar un enchufe para proporcionar fuente de alimentaci\u00f3n, placa base externa y recibir datos de salida Gyro. El producto tambi\u00e9n se puede utilizar para navegaci\u00f3n, orientaci\u00f3n y otros campos.<\/p>","protected":false},"featured_media":1841,"comment_status":"closed","ping_status":"closed","template":"","meta":[],"product_brand":[],"product_cat":[22],"product_tag":[],"class_list":{"0":"post-1839","1":"product","2":"type-product","3":"status-publish","4":"has-post-thumbnail","6":"product_cat-gyro-sensor","8":"first","9":"instock","10":"shipping-taxable","11":"product-type-simple"},"_links":{"self":[{"href":"https:\/\/www.andelutech.com\/es\/wp-json\/wp\/v2\/product\/1839","targetHints":{"allow":["GET"]}}],"collection":[{"href":"https:\/\/www.andelutech.com\/es\/wp-json\/wp\/v2\/product"}],"about":[{"href":"https:\/\/www.andelutech.com\/es\/wp-json\/wp\/v2\/types\/product"}],"replies":[{"embeddable":true,"href":"https:\/\/www.andelutech.com\/es\/wp-json\/wp\/v2\/comments?post=1839"}],"wp:featuredmedia":[{"embeddable":true,"href":"https:\/\/www.andelutech.com\/es\/wp-json\/wp\/v2\/media\/1841"}],"wp:attachment":[{"href":"https:\/\/www.andelutech.com\/es\/wp-json\/wp\/v2\/media?parent=1839"}],"wp:term":[{"taxonomy":"product_brand","embeddable":true,"href":"https:\/\/www.andelutech.com\/es\/wp-json\/wp\/v2\/product_brand?post=1839"},{"taxonomy":"product_cat","embeddable":true,"href":"https:\/\/www.andelutech.com\/es\/wp-json\/wp\/v2\/product_cat?post=1839"},{"taxonomy":"product_tag","embeddable":true,"href":"https:\/\/www.andelutech.com\/es\/wp-json\/wp\/v2\/product_tag?post=1839"}],"curies":[{"name":"wp","href":"https:\/\/api.w.org\/{rel}","templated":true}]}}