{"id":1837,"date":"2025-04-11T17:33:19","date_gmt":"2025-04-11T09:33:19","guid":{"rendered":"https:\/\/www.andelutech.com\/?post_type=product&#038;p=1837"},"modified":"2026-01-15T20:26:37","modified_gmt":"2026-01-15T12:26:37","slug":"high-accuracy-north-seeking-mems-imu","status":"publish","type":"product","link":"https:\/\/www.andelutech.com\/es\/product\/high-accuracy-north-seeking-mems-imu\/","title":{"rendered":"AND-MIMU-01\u00a0 High Accuracy North-Seeking MEMS IMU"},"content":{"rendered":"<p><strong><b>\u00c1reas de aplicaci\u00f3n<\/b><\/strong><\/p>\n<p>Exploraci\u00f3n del petr\u00f3leo;<\/p>\n<p>Puente, edificio alto, torre, monitoreo de presas<\/p>\n<p>Monitoreo de rocas y suelo<\/p>\n<p>Miner\u00eda<\/p>\n<p><strong><b>Caracter\u00edsticas<\/b><\/strong><\/p>\n<p>Volumen: 38.6 mm \u00d7 44.8 mm \u00d7 21.8 mm;<\/p>\n<p>Fuente de alimentaci\u00f3n de 5V, bajo consumo de energ\u00eda 1.0W;<\/p>\n<p>Peso ligero: \u226460g;<\/p>\n<p>Los productos incluyen X, Y, Z MEMS de tres ejes Gyro y X, Y, Z Aceler\u00f3metro MEMS de tres ejes;<\/p>\n<p>Comunicaci\u00f3n de bus RS422, se puede establecer una tasa de baudios de 9600 ~ 921600.<\/p>\n<p>Si est\u00e1 interesado en MEMS de alta precisi\u00f3n de la b\u00fasqueda del norte, por favor cont\u00e1ctenos:\u00a0<a href=\"mailto:info@joinsunny.cn\"><span style=\"color: #0000ff;\"><strong><b>info@andelutech.com<\/b><\/strong><\/span><\/a><\/p>","protected":false},"excerpt":{"rendered":"<p><strong><b>Introducci\u00f3n al producto<\/b><\/strong><\/p>\n<p>La unidad de medici\u00f3n inercial, denominada IMU, es un dispositivo para medir el \u00e1ngulo de actitud (o velocidad angular) y la aceleraci\u00f3n de los tres eje del objeto. El giroscopio y el aceler\u00f3metro son los dispositivos centrales del sistema de navegaci\u00f3n inercial (INS). Con el sensor de aceler\u00f3metro incorporado y el giroscopio, el IMU puede medir la velocidad angular de aceleraci\u00f3n y rotaci\u00f3n lineales de tres direcciones y puede obtener la actitud, la velocidad y la informaci\u00f3n de desplazamiento del portador a trav\u00e9s de la resoluci\u00f3n.<\/p>\n<p>Y usos-01\u00a0<span style=\"color: #0000ff;\">Aceler\u00f3metro MEMS\u00a0<\/span>y\u00a0<span style=\"color: #0000ff;\">giroscopio<\/span>\u00a0Con alta calidad y confiabilidad, RS422 y comunicaci\u00f3n externa, la tasa de baudios se puede establecer DE manera flexible entre 9600 ~ 921600, a trav\u00e9s del protocolo de comunicaci\u00f3n para establecer la tasa de baudios de comunicaci\u00f3n requerida del usuario. Con el aceler\u00f3metro de tres ejes de tres ejes X, Y, Z de tres ejes, X, X, Y, Z de tres ejes con alta resoluci\u00f3n, se puede emitir por Rs422 X, Y, Z tres eje de giroscopio y los datos del complemento hexadecimal original del aceler\u00f3metro (la temperatura del complemento hexadecimal de Gyro Hexadecimal.<\/p>","protected":false},"featured_media":1845,"comment_status":"open","ping_status":"closed","template":"","meta":[],"product_brand":[],"product_cat":[26],"product_tag":[],"class_list":{"0":"post-1837","1":"product","2":"type-product","3":"status-publish","4":"has-post-thumbnail","6":"product_cat-imu-mems-ins","8":"first","9":"instock","10":"shipping-taxable","11":"product-type-simple"},"_links":{"self":[{"href":"https:\/\/www.andelutech.com\/es\/wp-json\/wp\/v2\/product\/1837","targetHints":{"allow":["GET"]}}],"collection":[{"href":"https:\/\/www.andelutech.com\/es\/wp-json\/wp\/v2\/product"}],"about":[{"href":"https:\/\/www.andelutech.com\/es\/wp-json\/wp\/v2\/types\/product"}],"replies":[{"embeddable":true,"href":"https:\/\/www.andelutech.com\/es\/wp-json\/wp\/v2\/comments?post=1837"}],"wp:featuredmedia":[{"embeddable":true,"href":"https:\/\/www.andelutech.com\/es\/wp-json\/wp\/v2\/media\/1845"}],"wp:attachment":[{"href":"https:\/\/www.andelutech.com\/es\/wp-json\/wp\/v2\/media?parent=1837"}],"wp:term":[{"taxonomy":"product_brand","embeddable":true,"href":"https:\/\/www.andelutech.com\/es\/wp-json\/wp\/v2\/product_brand?post=1837"},{"taxonomy":"product_cat","embeddable":true,"href":"https:\/\/www.andelutech.com\/es\/wp-json\/wp\/v2\/product_cat?post=1837"},{"taxonomy":"product_tag","embeddable":true,"href":"https:\/\/www.andelutech.com\/es\/wp-json\/wp\/v2\/product_tag?post=1837"}],"curies":[{"name":"wp","href":"https:\/\/api.w.org\/{rel}","templated":true}]}}