{"id":1826,"date":"2025-04-11T17:07:55","date_gmt":"2025-04-11T09:07:55","guid":{"rendered":"https:\/\/www.andelutech.com\/?post_type=product&#038;p=1826"},"modified":"2026-01-16T10:20:45","modified_gmt":"2026-01-16T02:20:45","slug":"and-dtg-e6-high-temperature-dynamically-tuned-gyroscope","status":"publish","type":"product","link":"https:\/\/www.andelutech.com\/es\/product\/and-dtg-e6-high-temperature-dynamically-tuned-gyroscope\/","title":{"rendered":"Y DTG-E6 alta temperatura giroscopio sintonizado din\u00e1micamente"},"content":{"rendered":"<p><strong><b>Caracter\u00edsticas<\/b><\/strong><\/p>\n<p>Peso ligero;<\/p>\n<p>Peque\u00f1o volumen;<\/p>\n<p>Tiempo de inicio corto;<\/p>\n<p>Temperatura alta.<\/p>\n<p>Si est\u00e1 interesado en DTG de alta temperatura, por favor cont\u00e1ctenos:<b> <\/b><a href=\"mailto:info@joinsunny.cn\"><span style=\"color: #0000ff;\"><strong><b>info@andelutech.com<\/b><\/strong><\/span><\/a><\/p>","protected":false},"excerpt":{"rendered":"<p><strong><b>Introducci\u00f3n<\/b><\/strong><\/p>\n<p>Y DTG-E6 alta temperatura ajustada din\u00e1micamente\u00a0<span style=\"color: #0000ff;\">Giroscopio<\/span>\u00a0con alta temperatura, tama\u00f1o peque\u00f1o y tiempo de inicio corto, no solo se puede usar en la herramienta de inclin\u00f3metro de perforaci\u00f3n de aceite de temperatura de funcionamiento m\u00e1s alta, sino tambi\u00e9n en el sistema de actitud de tiros de tirantes de misiles de corto alcance y el instrumento de medici\u00f3n inercial.<\/p>","protected":false},"featured_media":1791,"comment_status":"open","ping_status":"closed","template":"","meta":[],"product_brand":[],"product_cat":[22],"product_tag":[],"class_list":{"0":"post-1826","1":"product","2":"type-product","3":"status-publish","4":"has-post-thumbnail","6":"product_cat-gyro-sensor","8":"first","9":"instock","10":"shipping-taxable","11":"product-type-simple"},"_links":{"self":[{"href":"https:\/\/www.andelutech.com\/es\/wp-json\/wp\/v2\/product\/1826","targetHints":{"allow":["GET"]}}],"collection":[{"href":"https:\/\/www.andelutech.com\/es\/wp-json\/wp\/v2\/product"}],"about":[{"href":"https:\/\/www.andelutech.com\/es\/wp-json\/wp\/v2\/types\/product"}],"replies":[{"embeddable":true,"href":"https:\/\/www.andelutech.com\/es\/wp-json\/wp\/v2\/comments?post=1826"}],"wp:featuredmedia":[{"embeddable":true,"href":"https:\/\/www.andelutech.com\/es\/wp-json\/wp\/v2\/media\/1791"}],"wp:attachment":[{"href":"https:\/\/www.andelutech.com\/es\/wp-json\/wp\/v2\/media?parent=1826"}],"wp:term":[{"taxonomy":"product_brand","embeddable":true,"href":"https:\/\/www.andelutech.com\/es\/wp-json\/wp\/v2\/product_brand?post=1826"},{"taxonomy":"product_cat","embeddable":true,"href":"https:\/\/www.andelutech.com\/es\/wp-json\/wp\/v2\/product_cat?post=1826"},{"taxonomy":"product_tag","embeddable":true,"href":"https:\/\/www.andelutech.com\/es\/wp-json\/wp\/v2\/product_tag?post=1826"}],"curies":[{"name":"wp","href":"https:\/\/api.w.org\/{rel}","templated":true}]}}