{"id":1823,"date":"2025-04-11T17:05:29","date_gmt":"2025-04-11T09:05:29","guid":{"rendered":"https:\/\/www.andelutech.com\/?post_type=product&#038;p=1823"},"modified":"2026-01-16T10:19:53","modified_gmt":"2026-01-16T02:19:53","slug":"and-dtg-e5-flexible-gyroscope","status":"publish","type":"product","link":"https:\/\/www.andelutech.com\/es\/product\/and-dtg-e5-flexible-gyroscope\/","title":{"rendered":"Y DTG-E5 Giroscopio flexible\u00a0"},"content":{"rendered":"<p><strong><b>Caracter\u00edsticas<\/b><\/strong><\/p>\n<p>Alta velocidad;<\/p>\n<p>Peso ligero;<\/p>\n<p>Peque\u00f1o volumen;<\/p>\n<p>Alta confiabilidad.<\/p>\n<p>Si est\u00e1 interesado en el giroscopio flexible de Strapdown, por favor cont\u00e1ctenos:<b> <\/b><a href=\"mailto:info@joinsunny.cn\"><span style=\"color: #0000ff;\"><strong><b>info@andelutech.com<\/b><\/strong><\/span><\/a><\/p>","protected":false},"excerpt":{"rendered":"<p><strong><b>Introducci\u00f3n<\/b><\/strong><\/p>\n<p>Sflapdown flexible\u00a0<span style=\"color: #0000ff;\">giroscopio<\/span>\u00a0con una larga vida \u00fatil, un amplio rango de medici\u00f3n y alta confiabilidad, que se ha utilizado ampliamente en la unidad de medici\u00f3n de inercia y el sistema de actitud de transportador de alto din\u00e1mico.<\/p>","protected":false},"featured_media":1825,"comment_status":"open","ping_status":"closed","template":"","meta":[],"product_brand":[],"product_cat":[22],"product_tag":[],"class_list":{"0":"post-1823","1":"product","2":"type-product","3":"status-publish","4":"has-post-thumbnail","6":"product_cat-gyro-sensor","8":"first","9":"instock","10":"shipping-taxable","11":"product-type-simple"},"_links":{"self":[{"href":"https:\/\/www.andelutech.com\/es\/wp-json\/wp\/v2\/product\/1823","targetHints":{"allow":["GET"]}}],"collection":[{"href":"https:\/\/www.andelutech.com\/es\/wp-json\/wp\/v2\/product"}],"about":[{"href":"https:\/\/www.andelutech.com\/es\/wp-json\/wp\/v2\/types\/product"}],"replies":[{"embeddable":true,"href":"https:\/\/www.andelutech.com\/es\/wp-json\/wp\/v2\/comments?post=1823"}],"wp:featuredmedia":[{"embeddable":true,"href":"https:\/\/www.andelutech.com\/es\/wp-json\/wp\/v2\/media\/1825"}],"wp:attachment":[{"href":"https:\/\/www.andelutech.com\/es\/wp-json\/wp\/v2\/media?parent=1823"}],"wp:term":[{"taxonomy":"product_brand","embeddable":true,"href":"https:\/\/www.andelutech.com\/es\/wp-json\/wp\/v2\/product_brand?post=1823"},{"taxonomy":"product_cat","embeddable":true,"href":"https:\/\/www.andelutech.com\/es\/wp-json\/wp\/v2\/product_cat?post=1823"},{"taxonomy":"product_tag","embeddable":true,"href":"https:\/\/www.andelutech.com\/es\/wp-json\/wp\/v2\/product_tag?post=1823"}],"curies":[{"name":"wp","href":"https:\/\/api.w.org\/{rel}","templated":true}]}}