{"id":1820,"date":"2025-04-11T16:59:47","date_gmt":"2025-04-11T08:59:47","guid":{"rendered":"https:\/\/www.andelutech.com\/?post_type=product&#038;p=1820"},"modified":"2026-01-16T10:15:00","modified_gmt":"2026-01-16T02:15:00","slug":"and-dtg-e4-strapdown-dynamically-tuned-gyroscope","status":"publish","type":"product","link":"https:\/\/www.andelutech.com\/es\/product\/and-dtg-e4-strapdown-dynamically-tuned-gyroscope\/","title":{"rendered":"Y DTG-E4 Strapdown Gyroscope sintonizado din\u00e1micamente"},"content":{"rendered":"<p><strong><b>Caracter\u00edsticas<\/b><\/strong><\/p>\n<p>Alta precisi\u00f3n;<\/p>\n<p>Peso ligero;<\/p>\n<p>Peque\u00f1o volumen;<\/p>\n<p>Alta fiabilidad<\/p>\n<p>Si est\u00e1 interesado en el giroscopio sintonizado din\u00e1micamente Strapdown, PLS Cont\u00e1ctenos:<span style=\"color: #0000ff;\"><b> <\/b><a href=\"mailto:info@joinsunny.cn\"><strong><b>info@andelutech.com<\/b><\/strong><\/a><\/span><\/p>","protected":false},"excerpt":{"rendered":"<p><strong><b>Introducci\u00f3n<\/b><\/strong><\/p>\n<p>Estampado\u00a0<span style=\"color: #0000ff;\">Giroscopio sintonizado din\u00e1micamente\u00a0<\/span>con ventajas de alta precisi\u00f3n, larga vida \u00fatil, amplio rango din\u00e1mico y alta confiabilidad, y ahora se ha utilizado ampliamente en el sistema de superficie de agua y tirantes de la tierra, instrumento de b\u00fasqueda r\u00e1pida y verdadera de la norte, plataforma de gu\u00eda de luz de helic\u00f3pteros, rastreador de antenas de televisi\u00f3n, etc. El giroscopio tambi\u00e9n se puede utilizar en el sistema de inercia de la correa de vuelo espacial y el sistema de actitud de tipos de plataforma y actitud de tipo de plataforma de tierra, mar, aviaci\u00f3n, transportador de vuelo espacial.<\/p>","protected":false},"featured_media":1822,"comment_status":"open","ping_status":"closed","template":"","meta":[],"product_brand":[],"product_cat":[22],"product_tag":[],"class_list":{"0":"post-1820","1":"product","2":"type-product","3":"status-publish","4":"has-post-thumbnail","6":"product_cat-gyro-sensor","8":"first","9":"instock","10":"shipping-taxable","11":"product-type-simple"},"_links":{"self":[{"href":"https:\/\/www.andelutech.com\/es\/wp-json\/wp\/v2\/product\/1820","targetHints":{"allow":["GET"]}}],"collection":[{"href":"https:\/\/www.andelutech.com\/es\/wp-json\/wp\/v2\/product"}],"about":[{"href":"https:\/\/www.andelutech.com\/es\/wp-json\/wp\/v2\/types\/product"}],"replies":[{"embeddable":true,"href":"https:\/\/www.andelutech.com\/es\/wp-json\/wp\/v2\/comments?post=1820"}],"wp:featuredmedia":[{"embeddable":true,"href":"https:\/\/www.andelutech.com\/es\/wp-json\/wp\/v2\/media\/1822"}],"wp:attachment":[{"href":"https:\/\/www.andelutech.com\/es\/wp-json\/wp\/v2\/media?parent=1820"}],"wp:term":[{"taxonomy":"product_brand","embeddable":true,"href":"https:\/\/www.andelutech.com\/es\/wp-json\/wp\/v2\/product_brand?post=1820"},{"taxonomy":"product_cat","embeddable":true,"href":"https:\/\/www.andelutech.com\/es\/wp-json\/wp\/v2\/product_cat?post=1820"},{"taxonomy":"product_tag","embeddable":true,"href":"https:\/\/www.andelutech.com\/es\/wp-json\/wp\/v2\/product_tag?post=1820"}],"curies":[{"name":"wp","href":"https:\/\/api.w.org\/{rel}","templated":true}]}}