{"id":1809,"date":"2025-04-11T16:39:21","date_gmt":"2025-04-11T08:39:21","guid":{"rendered":"https:\/\/www.andelutech.com\/?post_type=product&#038;p=1809"},"modified":"2026-01-13T14:00:11","modified_gmt":"2026-01-13T06:00:11","slug":"and-ma-5-high-accuracy-mems-accelerometer-alternative-of-ms1000","status":"publish","type":"product","link":"https:\/\/www.andelutech.com\/es\/product\/and-ma-5-high-accuracy-mems-accelerometer-alternative-of-ms1000\/","title":{"rendered":"Y -MA -5 Aceler\u00f3metro MEMS de alta precisi\u00f3n (alternativa de MS1000)"},"content":{"rendered":"<p><strong><b>Aplicaciones<\/b><\/strong><\/p>\n<p>Y -MA -5 Aceler\u00f3metro MEMS de alta precisi\u00f3n (alternativa de MS1000)<br \/>\nMedici\u00f3n inercial: orientaci\u00f3n inercial, medici\u00f3n de sobrecarga, navegaci\u00f3n combinada<br \/>\nMedici\u00f3n de inclinaci\u00f3n: actitud de antena, medici\u00f3n de plataforma, prueba de inmersi\u00f3n<br \/>\nMedici\u00f3n de vibraci\u00f3n: equipo mec\u00e1nico, presa de puente, prueba de seguridad<\/p>\n<p>Si est\u00e1 interesado en el aceler\u00f3metro MEMS de alta precisi\u00f3n (sustituto de MS1000), por favor cont\u00e1ctenos:<strong><b>\u00a0<\/b><\/strong><a href=\"mailto:info@joinsunny.cn\"><span style=\"color: #0000ff;\"><strong><b>info@joinsunny.cn<\/b><\/strong><\/span><\/a><\/p>","protected":false},"excerpt":{"rendered":"<p>El aceler\u00f3metro es un sensor inercial, que puede medir la aceleraci\u00f3n lineal debido a la gravedad. El aceler\u00f3metro MEMS tiene las caracter\u00edsticas del peque\u00f1o volumen, el peso ligero y el bajo consumo de energ\u00eda que puede usarse ampliamente en la detecci\u00f3n de vibraciones, control de actitud, alarma de seguridad, aplicaciones de consumo, reconocimiento de movimiento y registro de estado. Los aceler\u00f3metros se combinan con giroscopios y magnet\u00f3metros para crear IMU (unidades de medici\u00f3n inerciales).<\/p>\n<p>Aplicaciones<br \/>\nY -MA -5 Aceler\u00f3metro MEMS de alta precisi\u00f3n (alternativa de MS1000)<br \/>\nMedici\u00f3n inercial: orientaci\u00f3n inercial, medici\u00f3n de sobrecarga, navegaci\u00f3n combinada<br \/>\nMedici\u00f3n de inclinaci\u00f3n: actitud de antena, medici\u00f3n de plataforma, prueba de inmersi\u00f3n<br \/>\nMedici\u00f3n de vibraci\u00f3n: equipo mec\u00e1nico, presa de puente, prueba de seguridad<\/p>","protected":false},"featured_media":1811,"comment_status":"open","ping_status":"closed","template":"","meta":[],"product_brand":[],"product_cat":[25],"product_tag":[],"class_list":{"0":"post-1809","1":"product","2":"type-product","3":"status-publish","4":"has-post-thumbnail","6":"product_cat-accelerometer","8":"first","9":"instock","10":"shipping-taxable","11":"product-type-simple"},"_links":{"self":[{"href":"https:\/\/www.andelutech.com\/es\/wp-json\/wp\/v2\/product\/1809","targetHints":{"allow":["GET"]}}],"collection":[{"href":"https:\/\/www.andelutech.com\/es\/wp-json\/wp\/v2\/product"}],"about":[{"href":"https:\/\/www.andelutech.com\/es\/wp-json\/wp\/v2\/types\/product"}],"replies":[{"embeddable":true,"href":"https:\/\/www.andelutech.com\/es\/wp-json\/wp\/v2\/comments?post=1809"}],"wp:featuredmedia":[{"embeddable":true,"href":"https:\/\/www.andelutech.com\/es\/wp-json\/wp\/v2\/media\/1811"}],"wp:attachment":[{"href":"https:\/\/www.andelutech.com\/es\/wp-json\/wp\/v2\/media?parent=1809"}],"wp:term":[{"taxonomy":"product_brand","embeddable":true,"href":"https:\/\/www.andelutech.com\/es\/wp-json\/wp\/v2\/product_brand?post=1809"},{"taxonomy":"product_cat","embeddable":true,"href":"https:\/\/www.andelutech.com\/es\/wp-json\/wp\/v2\/product_cat?post=1809"},{"taxonomy":"product_tag","embeddable":true,"href":"https:\/\/www.andelutech.com\/es\/wp-json\/wp\/v2\/product_tag?post=1809"}],"curies":[{"name":"wp","href":"https:\/\/api.w.org\/{rel}","templated":true}]}}