{"id":1801,"date":"2025-04-11T16:33:38","date_gmt":"2025-04-11T08:33:38","guid":{"rendered":"https:\/\/www.andelutech.com\/?post_type=product&#038;p=1801"},"modified":"2026-01-13T13:58:45","modified_gmt":"2026-01-13T05:58:45","slug":"and-mns-05-cost-efficient-triaxial-mems-north-seeker","status":"publish","type":"product","link":"https:\/\/www.andelutech.com\/es\/product\/and-mns-05-cost-efficient-triaxial-mems-north-seeker\/","title":{"rendered":"Y MEMS Triaxial Mems North Mems North Mems North de MNS-05"},"content":{"rendered":"<p><strong><b>1. Caracter\u00edsticas t\u00e9cnicas<\/b><\/strong><\/p>\n<p>Triaxial mems gyro y aceler\u00f3metro<\/p>\n<p>Compensaci\u00f3n de temperatura completa<\/p>\n<p>Alto rendimiento y mini tama\u00f1o<\/p>\n<p>Peso ligero, bajo consumo de energ\u00eda<\/p>\n<p>-45 \u2103 a +80 \u2103 compensaci\u00f3n de escala de temperatura completa<\/p>\n<p>Muestreo de alta velocidad de 4kHz<\/p>\n<p>Resistente al entorno mec\u00e1nico duro<\/p>\n<p>Tener una funci\u00f3n de actualizaci\u00f3n en l\u00ednea de software<\/p>\n<p><strong><b>2. Ventajas t\u00e9cnicas<\/b><\/strong><\/p>\n<p><strong><b>1) La precisi\u00f3n se puede personalizar, tambi\u00e9n se puede usar ampliamente en muchos campos<\/b><\/strong><\/p>\n<p>Y MEMS Triaxial MEMS de MNS-05 North Seeker es una combinaci\u00f3n altamente confiable y rentable de sensores de inercia MEMS de seis ejes, que pueden usarse ampliamente en los campos de navegaci\u00f3n, control y medici\u00f3n representados por la navegaci\u00f3n inercial y la estabilizaci\u00f3n de actitud. Y MEMS de 3 Axis MEMS de 3 eje North Seeker se puede configurar con diferentes hardware y software de acuerdo con las necesidades de los usuarios, a fin de satisfacer las necesidades de diferentes usuarios.<\/p>\n<p><strong><b>2)<\/b><\/strong>\u00a0<strong><b>Proceso y tecnolog\u00eda avanzados<\/b><\/strong><\/p>\n<p>El Seeker de North MEMS North MEMS de 3 eje-MNS-MNS integra el giroscopio MEMS de alto rendimiento y el aceler\u00f3metro MEMS en una estructura independiente. El giroscopio y el aceler\u00f3metro seleccionado en el m\u00f3dulo representan el nivel principal de dispositivos inerciales del proceso MEMS. El giroscopio MEMS de tres ejes es sensible al movimiento angular del portador, y el aceler\u00f3metro MEMS de tres ejes es sensible a la aceleraci\u00f3n lineal del portador. La posici\u00f3n cero, el factor de escala, el error no ortogonal y los t\u00e9rminos relacionados con la aceleraci\u00f3n de todo el par\u00e1metro de temperatura se compensan dentro del m\u00f3dulo. Tambi\u00e9n puede mantener una alta precisi\u00f3n de medici\u00f3n durante mucho tiempo. Al mismo tiempo, el m\u00f3dulo adopta la reducci\u00f3n general de la vibraci\u00f3n, el dise\u00f1o de sellado y otras medidas para garantizar que el producto a\u00fan pueda medir con precisi\u00f3n los par\u00e1metros de movimiento angular y lineal del portador en el entorno duro, a fin de proporcionar a los usuarios una soluci\u00f3n de confiabilidad de bajo costo y alta confiabilidad.<\/p>\n<p><strong><b>3)<\/b><\/strong>\u00a0<strong><b>Componentes de alta precisi\u00f3n Fabricaci\u00f3n y tecnolog\u00eda de compensaci\u00f3n de calibraci\u00f3n del sistema.<\/b><\/strong><\/p>\n<p>Hemos acumulado una serie de tecnolog\u00edas clave en el proceso de investigaci\u00f3n y desarrollo de este proyecto para garantizar el alto rendimiento de los productos. Al mismo tiempo, el sistema adopta un muestreo de alta velocidad, compensaci\u00f3n de errores est\u00e1ticos (posici\u00f3n cero, factor de escala, error de instalaci\u00f3n y otra compensaci\u00f3n fina en toda la zona de temperatura), compensaci\u00f3n de errores din\u00e1micos y otras tecnolog\u00edas, para garantizar que el producto durante el proceso de uso para lograr el mejor rendimiento.<\/p>\n<p><strong><b>4)<\/b><\/strong>\u00a0<strong><b>Alta calidad y confiabilidad<\/b><\/strong><\/p>\n<p>A trav\u00e9s del control integral de los procesos y tecnolog\u00edas aguas arriba y aguas abajo, la empresa puede mejorar efectivamente la calidad del producto y reducir los costos del sistema. Al mismo tiempo, la compa\u00f1\u00eda implementa los sistemas de calidad ISO9001 y GJB adoptan procesos estrictos para garantizar la confiabilidad y consistencia del rendimiento del producto.<\/p>\n<p>Especialmente en el desierto y otras \u00e1reas al aire libre, la precisi\u00f3n de los esquemas tradicionales de b\u00fasqueda geomagn\u00e9tica del norte no es alta. Y MEMS Triaxial MEMS del Norte producido por nuestra empresa tiene las caracter\u00edsticas de estar libre de interferencias ambientales, medici\u00f3n de alta precisi\u00f3n, tama\u00f1o peque\u00f1o y bajo consumo de energ\u00eda, que puede cumplir bien los requisitos anteriores.<\/p>\n<p><strong><b>3.Applications<\/b><\/strong><\/p>\n<p>Buscador norte<\/p>\n<p>Navegaci\u00f3n y control<\/p>\n<p>Sistema de referencia de actitud<\/p>\n<p>Gu\u00eda<\/p>\n<p>Medici\u00f3n de actitud de veh\u00edculos y naves<\/p>\n<p>Inercial integrado \/satellite Sistema de navegaci\u00f3n<\/p>\n<p>Sistemas de perforaci\u00f3n y producci\u00f3n<\/p>\n<p>Sistema de mapeo m\u00f3vil<\/p>\n<p>En el movimiento<\/p>\n<p>Si est\u00e1 interesado en el Finder Triaxial Mems North rentable, por favor cont\u00e1ctenos:<strong><b>\u00a0<\/b><\/strong><a href=\"mailto:info@joinsunny.cn\"><span style=\"color: #0000ff;\"><strong><b>info@joinsunny.cn<\/b><\/strong><\/span><\/a><\/p>","protected":false},"excerpt":{"rendered":"<p><strong><b>Aplicaciones<br \/>\nBuscador norte<br \/>\nNavegaci\u00f3n y control<br \/>\nSistema de referencia de actitud<br \/>\nGu\u00eda<br \/>\nMedici\u00f3n de actitud de veh\u00edculos y naves<br \/>\nInercial integrado \/satellite Sistema de navegaci\u00f3n<br \/>\nSistemas de perforaci\u00f3n y producci\u00f3n<br \/>\nSistema de mapeo m\u00f3vil<br \/>\nEn el movimiento<\/b><\/strong><\/p>","protected":false},"featured_media":1803,"comment_status":"open","ping_status":"closed","template":"","meta":[],"product_brand":[],"product_cat":[25],"product_tag":[],"class_list":{"0":"post-1801","1":"product","2":"type-product","3":"status-publish","4":"has-post-thumbnail","6":"product_cat-accelerometer","8":"first","9":"instock","10":"shipping-taxable","11":"product-type-simple"},"_links":{"self":[{"href":"https:\/\/www.andelutech.com\/es\/wp-json\/wp\/v2\/product\/1801","targetHints":{"allow":["GET"]}}],"collection":[{"href":"https:\/\/www.andelutech.com\/es\/wp-json\/wp\/v2\/product"}],"about":[{"href":"https:\/\/www.andelutech.com\/es\/wp-json\/wp\/v2\/types\/product"}],"replies":[{"embeddable":true,"href":"https:\/\/www.andelutech.com\/es\/wp-json\/wp\/v2\/comments?post=1801"}],"wp:featuredmedia":[{"embeddable":true,"href":"https:\/\/www.andelutech.com\/es\/wp-json\/wp\/v2\/media\/1803"}],"wp:attachment":[{"href":"https:\/\/www.andelutech.com\/es\/wp-json\/wp\/v2\/media?parent=1801"}],"wp:term":[{"taxonomy":"product_brand","embeddable":true,"href":"https:\/\/www.andelutech.com\/es\/wp-json\/wp\/v2\/product_brand?post=1801"},{"taxonomy":"product_cat","embeddable":true,"href":"https:\/\/www.andelutech.com\/es\/wp-json\/wp\/v2\/product_cat?post=1801"},{"taxonomy":"product_tag","embeddable":true,"href":"https:\/\/www.andelutech.com\/es\/wp-json\/wp\/v2\/product_tag?post=1801"}],"curies":[{"name":"wp","href":"https:\/\/api.w.org\/{rel}","templated":true}]}}