{"id":1796,"date":"2025-04-11T16:16:31","date_gmt":"2025-04-11T08:16:31","guid":{"rendered":"https:\/\/www.andelutech.com\/?post_type=product&#038;p=1796"},"modified":"2026-01-09T11:25:05","modified_gmt":"2026-01-09T03:25:05","slug":"gsy-mns-04-economical-mems-north-seeker","status":"publish","type":"product","link":"https:\/\/www.andelutech.com\/es\/product\/gsy-mns-04-economical-mems-north-seeker\/","title":{"rendered":"AND-MNS-04\u00a0Economical MEMS North Seeker"},"content":{"rendered":"<p><strong><b>Aplicaciones<\/b><\/strong><\/p>\n<p>Buscador del norte<\/p>\n<p>Navegaci\u00f3n y control<\/p>\n<p>Sistema de referencia de actitud<\/p>\n<p>Gu\u00eda<\/p>\n<p>Medici\u00f3n de actitud de veh\u00edculos y naves<\/p>\n<p>Inercial integrado \/satellite Sistema de navegaci\u00f3n<\/p>\n<p>Sistema de perforaci\u00f3n y producci\u00f3n<\/p>\n<p>Sistema de mapeo m\u00f3vil<\/p>\n<p>En el movimiento<\/p>\n<p>Si est\u00e1 interesado en MEMS de bajo costo North Seeker (0.5 \u00b0 -1 \u00b0), por favor cont\u00e1ctenos:<strong><b>\u00a0<\/b><\/strong><a href=\"mailto:info@joinsunny.cn\"><span style=\"color: #0000ff;\"><strong><b>info@joinsunny.cn<\/b><\/strong><\/span><\/a><\/p>","protected":false},"excerpt":{"rendered":"<p><strong><b>Introducci\u00f3n<\/b><\/strong><\/p>\n<p>Y mns-04 econ\u00f3mico\u00a0<span style=\"color: #0000ff;\">Mems North Seeker<\/span>\u2002 Tiene caracter\u00edsticas de miniatura, bajo consumo de energ\u00eda, larga vida \u00fatil, alta confiabilidad.<\/p>\n<p>Los productos se usan ampliamente en miner\u00eda de carb\u00f3n, perforaci\u00f3n de petr\u00f3leo, construcci\u00f3n de t\u00faneles y geodesia, tambi\u00e9n se pueden usar para la alineaci\u00f3n inicial est\u00e1tica y el control de direcci\u00f3n de radar, antena, veh\u00edculo y otros objetos.<\/p>","protected":false},"featured_media":1800,"comment_status":"open","ping_status":"closed","template":"","meta":[],"product_brand":[],"product_cat":[25],"product_tag":[],"class_list":{"0":"post-1796","1":"product","2":"type-product","3":"status-publish","4":"has-post-thumbnail","6":"product_cat-accelerometer","8":"first","9":"instock","10":"shipping-taxable","11":"product-type-simple"},"_links":{"self":[{"href":"https:\/\/www.andelutech.com\/es\/wp-json\/wp\/v2\/product\/1796","targetHints":{"allow":["GET"]}}],"collection":[{"href":"https:\/\/www.andelutech.com\/es\/wp-json\/wp\/v2\/product"}],"about":[{"href":"https:\/\/www.andelutech.com\/es\/wp-json\/wp\/v2\/types\/product"}],"replies":[{"embeddable":true,"href":"https:\/\/www.andelutech.com\/es\/wp-json\/wp\/v2\/comments?post=1796"}],"wp:featuredmedia":[{"embeddable":true,"href":"https:\/\/www.andelutech.com\/es\/wp-json\/wp\/v2\/media\/1800"}],"wp:attachment":[{"href":"https:\/\/www.andelutech.com\/es\/wp-json\/wp\/v2\/media?parent=1796"}],"wp:term":[{"taxonomy":"product_brand","embeddable":true,"href":"https:\/\/www.andelutech.com\/es\/wp-json\/wp\/v2\/product_brand?post=1796"},{"taxonomy":"product_cat","embeddable":true,"href":"https:\/\/www.andelutech.com\/es\/wp-json\/wp\/v2\/product_cat?post=1796"},{"taxonomy":"product_tag","embeddable":true,"href":"https:\/\/www.andelutech.com\/es\/wp-json\/wp\/v2\/product_tag?post=1796"}],"curies":[{"name":"wp","href":"https:\/\/api.w.org\/{rel}","templated":true}]}}