{"id":1792,"date":"2025-04-11T15:38:35","date_gmt":"2025-04-11T07:38:35","guid":{"rendered":"https:\/\/www.andelutech.com\/?post_type=product&#038;p=1792"},"modified":"2026-01-16T10:09:29","modified_gmt":"2026-01-16T02:09:29","slug":"and-dtg-e2-oil-and-gas-dtg-gyroscope","status":"publish","type":"product","link":"https:\/\/www.andelutech.com\/es\/product\/and-dtg-e2-oil-and-gas-dtg-gyroscope\/","title":{"rendered":"Y DTG-E2 Giroscopio DTG de petr\u00f3leo y gas DTG"},"content":{"rendered":"<p><strong><b>Caracter\u00edsticas<\/b><\/strong><\/p>\n<p>Temperatura de trabajo hasta 100 grados Celsius<\/p>\n<p>Mejor aplicado a los campos de perforaci\u00f3n<\/p>\n<p>Fuerte adaptabilidad<\/p>\n<p>Si est\u00e1 interesado en el giroscopio DTG de petr\u00f3leo y gas, por favor cont\u00e1ctenos:<strong><b> info@andelutech.com<\/b><\/strong><\/p>","protected":false},"excerpt":{"rendered":"<p><strong><b>Introducci\u00f3n<\/b><\/strong><\/p>\n<p>Petr\u00f3leo y gas<span style=\"color: #0000ff;\">\u00a0Giroscopio DTG<\/span>\u00a0est\u00e1 dise\u00f1ado espec\u00edficamente para los campos de perforaci\u00f3n. Despu\u00e9s de resolver muchos problemas t\u00e9cnicos, su temperatura de trabajo ahora puede alcanzar hasta 100 grados Celsius.<\/p>\n<p>En los campos de perforaci\u00f3n, los dispositivos inerciales son mayores y m\u00e1s adaptables que los campos voladores, debido a sus condiciones de trabajo dif\u00edciles, especialmente las temperaturas ambientales m\u00e1s altas. Por lo tanto, la temperatura de la adaptaci\u00f3n y los requisitos de vida son muy graves.<\/p>","protected":false},"featured_media":1794,"comment_status":"open","ping_status":"closed","template":"","meta":[],"product_brand":[],"product_cat":[22],"product_tag":[],"class_list":{"0":"post-1792","1":"product","2":"type-product","3":"status-publish","4":"has-post-thumbnail","6":"product_cat-gyro-sensor","8":"first","9":"instock","10":"shipping-taxable","11":"product-type-simple"},"_links":{"self":[{"href":"https:\/\/www.andelutech.com\/es\/wp-json\/wp\/v2\/product\/1792","targetHints":{"allow":["GET"]}}],"collection":[{"href":"https:\/\/www.andelutech.com\/es\/wp-json\/wp\/v2\/product"}],"about":[{"href":"https:\/\/www.andelutech.com\/es\/wp-json\/wp\/v2\/types\/product"}],"replies":[{"embeddable":true,"href":"https:\/\/www.andelutech.com\/es\/wp-json\/wp\/v2\/comments?post=1792"}],"wp:featuredmedia":[{"embeddable":true,"href":"https:\/\/www.andelutech.com\/es\/wp-json\/wp\/v2\/media\/1794"}],"wp:attachment":[{"href":"https:\/\/www.andelutech.com\/es\/wp-json\/wp\/v2\/media?parent=1792"}],"wp:term":[{"taxonomy":"product_brand","embeddable":true,"href":"https:\/\/www.andelutech.com\/es\/wp-json\/wp\/v2\/product_brand?post=1792"},{"taxonomy":"product_cat","embeddable":true,"href":"https:\/\/www.andelutech.com\/es\/wp-json\/wp\/v2\/product_cat?post=1792"},{"taxonomy":"product_tag","embeddable":true,"href":"https:\/\/www.andelutech.com\/es\/wp-json\/wp\/v2\/product_tag?post=1792"}],"curies":[{"name":"wp","href":"https:\/\/api.w.org\/{rel}","templated":true}]}}