{"id":1789,"date":"2025-04-11T15:22:32","date_gmt":"2025-04-11T07:22:32","guid":{"rendered":"https:\/\/www.andelutech.com\/?post_type=product&#038;p=1789"},"modified":"2026-01-16T10:09:02","modified_gmt":"2026-01-16T02:09:02","slug":"and-dtg-e1-small-size-21-4mm-dtg-gyroscope","status":"publish","type":"product","link":"https:\/\/www.andelutech.com\/es\/product\/and-dtg-e1-small-size-21-4mm-dtg-gyroscope\/","title":{"rendered":"Y dtg-e1 giroscopio DTG de tama\u00f1o peque\u00f1o (21.4 mm)"},"content":{"rendered":"<p><strong><b>Caracter\u00edsticas<\/b><\/strong><\/p>\n<p>Fuerte resistencia al choque<\/p>\n<p>Tama\u00f1o muy peque\u00f1o<\/p>\n<p>Ampliamente utilizado en herramientas de encuesta de orificio giroscopias y herramientas de registro de pozos<\/p>\n<p>Orientaci\u00f3n y posicionamiento din\u00e1micos<\/p>\n<p>Si est\u00e1 interesado en el giroscopio DTG de tama\u00f1o peque\u00f1o (21.4 mm), por favor cont\u00e1ctenos:<strong><b> info@andelutech.com<\/b><\/strong><\/p>","protected":false},"excerpt":{"rendered":"<p><strong><b>Introducci\u00f3n<\/b><\/strong><\/p>\n<p>Y DTG-E1 peque\u00f1o (21.4 mm)\u00a0<span style=\"color: #0000ff;\">Dtg gyro<\/span>\u00a0est\u00e1 dise\u00f1ado para posicionamiento y orientaci\u00f3n din\u00e1mica en los campos de perforaci\u00f3n, con peque\u00f1a dimensi\u00f3n, peso ligero y alta temperatura de trabajo, que se usa principalmente en herramientas de encuestas de giroscopios, herramientas de registro de pozo y muchos otros sistemas para la b\u00fasqueda u orientaci\u00f3n del norte.<\/p>","protected":false},"featured_media":1791,"comment_status":"open","ping_status":"closed","template":"","meta":[],"product_brand":[],"product_cat":[22],"product_tag":[],"class_list":{"0":"post-1789","1":"product","2":"type-product","3":"status-publish","4":"has-post-thumbnail","6":"product_cat-gyro-sensor","8":"first","9":"instock","10":"shipping-taxable","11":"product-type-simple"},"_links":{"self":[{"href":"https:\/\/www.andelutech.com\/es\/wp-json\/wp\/v2\/product\/1789","targetHints":{"allow":["GET"]}}],"collection":[{"href":"https:\/\/www.andelutech.com\/es\/wp-json\/wp\/v2\/product"}],"about":[{"href":"https:\/\/www.andelutech.com\/es\/wp-json\/wp\/v2\/types\/product"}],"replies":[{"embeddable":true,"href":"https:\/\/www.andelutech.com\/es\/wp-json\/wp\/v2\/comments?post=1789"}],"wp:featuredmedia":[{"embeddable":true,"href":"https:\/\/www.andelutech.com\/es\/wp-json\/wp\/v2\/media\/1791"}],"wp:attachment":[{"href":"https:\/\/www.andelutech.com\/es\/wp-json\/wp\/v2\/media?parent=1789"}],"wp:term":[{"taxonomy":"product_brand","embeddable":true,"href":"https:\/\/www.andelutech.com\/es\/wp-json\/wp\/v2\/product_brand?post=1789"},{"taxonomy":"product_cat","embeddable":true,"href":"https:\/\/www.andelutech.com\/es\/wp-json\/wp\/v2\/product_cat?post=1789"},{"taxonomy":"product_tag","embeddable":true,"href":"https:\/\/www.andelutech.com\/es\/wp-json\/wp\/v2\/product_tag?post=1789"}],"curies":[{"name":"wp","href":"https:\/\/api.w.org\/{rel}","templated":true}]}}