{"id":1782,"date":"2025-04-11T14:21:08","date_gmt":"2025-04-11T06:21:08","guid":{"rendered":"https:\/\/www.andelutech.com\/?post_type=product&#038;p=1782"},"modified":"2026-01-13T13:55:50","modified_gmt":"2026-01-13T05:55:50","slug":"and-fns-03-low-cost-3-axis-fog-north-seeker","status":"publish","type":"product","link":"https:\/\/www.andelutech.com\/es\/product\/and-fns-03-low-cost-3-axis-fog-north-seeker\/","title":{"rendered":"Y-FNS-03 bajo costo 3 eje Fog North Seeker"},"content":{"rendered":"<p><strong><b>Introducci\u00f3n<\/b><\/strong><\/p>\n<p>Y FNS-03 bajo costo\u00a0<span style=\"color: #0000ff;\">Fog Gyro North Seeker<\/span>\u00a0adopta el giroscopio de fibra \u00f3ptica de circuito cerrado como componente central. Se compone principalmente de la Unidad de Medici\u00f3n de Inercia (IMU), la Unidad de Procesamiento de se\u00f1ales digitales y las organizaciones de las piezas mec\u00e1nicas. Puede proporcionar al portador un verdadero \u00e1ngulo de acimut norte.<\/p>\n<p>Los productos se utilizan ampliamente en miner\u00eda de carb\u00f3n, perforaci\u00f3n de petr\u00f3leo, construcci\u00f3n de t\u00faneles y geodesia, tambi\u00e9n se pueden usar para la alineaci\u00f3n inicial est\u00e1tica del lanzamiento de misiles, la orientaci\u00f3n de armas y el control de direcci\u00f3n de radar, antena, veh\u00edculo y otros objetos.<\/p>\n<p>Si est\u00e1 interesado en el buscador North North de bajo costo de 3 eje, por favor cont\u00e1ctenos:<strong><b>\u00a0<\/b><\/strong><a href=\"mailto:info@joinsunny.cn\"><span style=\"color: #0000ff;\"><strong><b>info@joinsunny.cn<\/b><\/strong><\/span><\/a><\/p>","protected":false},"excerpt":{"rendered":"<p><strong><b>Aplicaciones<\/b><\/strong><\/p>\n<p>Buscador del norte<\/p>\n<p>Navegaci\u00f3n y control<\/p>\n<p>Sistema de referencia de actitud<\/p>\n<p>Gu\u00eda<\/p>\n<p>Medici\u00f3n de actitud de veh\u00edculos y naves<\/p>\n<p>Inercial integrado \/satellite Sistema de navegaci\u00f3n<\/p>\n<p>Sistemas de perforaci\u00f3n y producci\u00f3n<\/p>\n<p>Sistema de mapeo m\u00f3vil<\/p>\n<p>En el movimiento<\/p>","protected":false},"featured_media":1783,"comment_status":"open","ping_status":"closed","template":"","meta":[],"product_brand":[],"product_cat":[25],"product_tag":[],"class_list":{"0":"post-1782","1":"product","2":"type-product","3":"status-publish","4":"has-post-thumbnail","6":"product_cat-accelerometer","8":"first","9":"instock","10":"shipping-taxable","11":"product-type-simple"},"_links":{"self":[{"href":"https:\/\/www.andelutech.com\/es\/wp-json\/wp\/v2\/product\/1782","targetHints":{"allow":["GET"]}}],"collection":[{"href":"https:\/\/www.andelutech.com\/es\/wp-json\/wp\/v2\/product"}],"about":[{"href":"https:\/\/www.andelutech.com\/es\/wp-json\/wp\/v2\/types\/product"}],"replies":[{"embeddable":true,"href":"https:\/\/www.andelutech.com\/es\/wp-json\/wp\/v2\/comments?post=1782"}],"wp:featuredmedia":[{"embeddable":true,"href":"https:\/\/www.andelutech.com\/es\/wp-json\/wp\/v2\/media\/1783"}],"wp:attachment":[{"href":"https:\/\/www.andelutech.com\/es\/wp-json\/wp\/v2\/media?parent=1782"}],"wp:term":[{"taxonomy":"product_brand","embeddable":true,"href":"https:\/\/www.andelutech.com\/es\/wp-json\/wp\/v2\/product_brand?post=1782"},{"taxonomy":"product_cat","embeddable":true,"href":"https:\/\/www.andelutech.com\/es\/wp-json\/wp\/v2\/product_cat?post=1782"},{"taxonomy":"product_tag","embeddable":true,"href":"https:\/\/www.andelutech.com\/es\/wp-json\/wp\/v2\/product_tag?post=1782"}],"curies":[{"name":"wp","href":"https:\/\/api.w.org\/{rel}","templated":true}]}}