{"id":1779,"date":"2025-04-11T14:09:32","date_gmt":"2025-04-11T06:09:32","guid":{"rendered":"https:\/\/www.andelutech.com\/?post_type=product&#038;p=1779"},"modified":"2026-01-13T13:54:10","modified_gmt":"2026-01-13T05:54:10","slug":"and-fns-02-high-precision-fog-north-seeker-0-02-0-1","status":"publish","type":"product","link":"https:\/\/www.andelutech.com\/es\/product\/and-fns-02-high-precision-fog-north-seeker-0-02-0-1\/","title":{"rendered":"Y FNS-02 Fog North Seeker de alta precisi\u00f3n (0.02 \u00b0 -0.1 \u00b0)"},"content":{"rendered":"<p><strong><b>Introducci\u00f3n<\/b><\/strong><\/p>\n<p>Y FNS-02 alta precisi\u00f3n\u00a0<span style=\"color: #0000ff;\">Fog North Seeker\u00a0<\/span>(0.02 \u00b0 -0.1 \u00b0) se compone principalmente de niebla de circuito cerrado, unidad de medici\u00f3n de inercia, unidad de procesamiento de se\u00f1al digital y la parte mec\u00e1nica. Proporciona informaci\u00f3n verdadera de acimut norte de alta precisi\u00f3n a los transportistas.<\/p>\n<p>Los productos se utilizan principalmente en la alineaci\u00f3n inicial est\u00e1tica del lanzamiento de misiles, la orientaci\u00f3n de armas y el control de direcci\u00f3n del radar, la antena y el veh\u00edculo blindado, tambi\u00e9n se pueden usar para la miner\u00eda de carb\u00f3n, la perforaci\u00f3n de petr\u00f3leo, la construcci\u00f3n del t\u00fanel y la geodesia.<\/p>\n<p>Si est\u00e1 interesado en Fog North Finder de alta precisi\u00f3n, cont\u00e1ctenos:<strong><b>\u00a0<\/b><\/strong><a href=\"mailto:info@joinsunny.cn\"><span style=\"color: #0000ff;\"><strong><b>info@joinsunny.cn<\/b><\/strong><\/span><\/a><\/p>","protected":false},"excerpt":{"rendered":"<p>Aplicaciones<br \/>\nBuscador del norte<br \/>\nNavegaci\u00f3n y control<br \/>\nSistema de referencia de actitud<br \/>\nGu\u00eda<br \/>\nMedici\u00f3n de actitud de veh\u00edculos y naves<br \/>\nInercial integrado \/satellite Sistema de navegaci\u00f3n<br \/>\nSistema de perforaci\u00f3n y producci\u00f3n<br \/>\nSistema de mapeo m\u00f3vil<br \/>\nEn el movimiento<\/p>","protected":false},"featured_media":1781,"comment_status":"open","ping_status":"closed","template":"","meta":[],"product_brand":[],"product_cat":[25],"product_tag":[],"class_list":{"0":"post-1779","1":"product","2":"type-product","3":"status-publish","4":"has-post-thumbnail","6":"product_cat-accelerometer","8":"first","9":"instock","10":"shipping-taxable","11":"product-type-simple"},"_links":{"self":[{"href":"https:\/\/www.andelutech.com\/es\/wp-json\/wp\/v2\/product\/1779","targetHints":{"allow":["GET"]}}],"collection":[{"href":"https:\/\/www.andelutech.com\/es\/wp-json\/wp\/v2\/product"}],"about":[{"href":"https:\/\/www.andelutech.com\/es\/wp-json\/wp\/v2\/types\/product"}],"replies":[{"embeddable":true,"href":"https:\/\/www.andelutech.com\/es\/wp-json\/wp\/v2\/comments?post=1779"}],"wp:featuredmedia":[{"embeddable":true,"href":"https:\/\/www.andelutech.com\/es\/wp-json\/wp\/v2\/media\/1781"}],"wp:attachment":[{"href":"https:\/\/www.andelutech.com\/es\/wp-json\/wp\/v2\/media?parent=1779"}],"wp:term":[{"taxonomy":"product_brand","embeddable":true,"href":"https:\/\/www.andelutech.com\/es\/wp-json\/wp\/v2\/product_brand?post=1779"},{"taxonomy":"product_cat","embeddable":true,"href":"https:\/\/www.andelutech.com\/es\/wp-json\/wp\/v2\/product_cat?post=1779"},{"taxonomy":"product_tag","embeddable":true,"href":"https:\/\/www.andelutech.com\/es\/wp-json\/wp\/v2\/product_tag?post=1779"}],"curies":[{"name":"wp","href":"https:\/\/api.w.org\/{rel}","templated":true}]}}