{"id":3144,"date":"2025-08-14T16:50:08","date_gmt":"2025-08-14T08:50:08","guid":{"rendered":"https:\/\/www.andelutech.com\/?post_type=product&#038;p=3144"},"modified":"2026-03-26T15:05:21","modified_gmt":"2026-03-26T07:05:21","slug":"micro-photonic-integrated-fiber-optic-gyroscope-and109","status":"publish","type":"product","link":"https:\/\/www.andelutech.com\/de\/product\/micro-photonic-integrated-fiber-optic-gyroscope-and109\/","title":{"rendered":"AND109 Micro photonic integrated fiber optic gyroscope"},"content":{"rendered":"<p>Hauptleistungsindikatoren<\/p>\n<p>Zero-Bias-Stabilit\u00e4t: &lt;10\u00b0\/h (10s, 1\u03c3)<\/p>\n<p>Zero Bias Wiederholbarkeit: \u226410\u00b0\/h<\/p>\n<p>Variable Temperaturstabilit\u00e4t: \u226450\u00b0\/h<\/p>\n<p>Skalafaktor Nichtlinearit\u00e4t: \u22645000ppm<\/p>\n<p>Volle Temperaturskala Wiederholbarkeit: \u22645% (p-p)<\/p>\n<p>Dynamischer Bereich: \u00b1600\u00b0\/s<\/p>\n<p>Zuf\u00e4lliges Wandern: \u00b1600\u00b0\/s<\/p>\n<p>Physikalische Eigenschaften<\/p>\n<p>Abmessungen: \u03a624mm \u00d7 50mm<\/p>\n<p>Gewicht: 35g \u00b1 5g<\/p>\n<p>Umweltanpassungsf\u00e4higkeit<\/p>\n<p>Betriebstemperatur: -50\u2103- 75\u2103<\/p>\n<p>Lagertemperatur: -55\u2103- 85\u2103<\/p>\n<p>Schlagfest: 500g<\/p>\n<p>Widerstand gegen zuf\u00e4llige Vibrationen: 20g<\/p>\n<p>Beschleunigungswiderstand: 70g<\/p>\n<p>Produktschnittstelle<\/p>\n<p>Stromversorgungsanforderungen: + 5V<\/p>\n<p>Ausgangsform: Analoge Spannung<\/p>","protected":false},"excerpt":{"rendered":"<p>Produkteigenschaften<\/p>\n<p>Kleine Gr\u00f6\u00dfe, geringer Stromverbrauch, niedrige Kosten, hohe Zuverl\u00e4ssigkeit<\/p>\n<p>Anwendungen: Seeker, Haltungskontrolle<\/p>","protected":false},"featured_media":3145,"comment_status":"closed","ping_status":"closed","template":"","meta":[],"product_brand":[],"product_cat":[22],"product_tag":[],"class_list":{"0":"post-3144","1":"product","2":"type-product","3":"status-publish","4":"has-post-thumbnail","6":"product_cat-gyro-sensor","8":"first","9":"instock","10":"shipping-taxable","11":"product-type-simple"},"_links":{"self":[{"href":"https:\/\/www.andelutech.com\/de\/wp-json\/wp\/v2\/product\/3144","targetHints":{"allow":["GET"]}}],"collection":[{"href":"https:\/\/www.andelutech.com\/de\/wp-json\/wp\/v2\/product"}],"about":[{"href":"https:\/\/www.andelutech.com\/de\/wp-json\/wp\/v2\/types\/product"}],"replies":[{"embeddable":true,"href":"https:\/\/www.andelutech.com\/de\/wp-json\/wp\/v2\/comments?post=3144"}],"wp:featuredmedia":[{"embeddable":true,"href":"https:\/\/www.andelutech.com\/de\/wp-json\/wp\/v2\/media\/3145"}],"wp:attachment":[{"href":"https:\/\/www.andelutech.com\/de\/wp-json\/wp\/v2\/media?parent=3144"}],"wp:term":[{"taxonomy":"product_brand","embeddable":true,"href":"https:\/\/www.andelutech.com\/de\/wp-json\/wp\/v2\/product_brand?post=3144"},{"taxonomy":"product_cat","embeddable":true,"href":"https:\/\/www.andelutech.com\/de\/wp-json\/wp\/v2\/product_cat?post=3144"},{"taxonomy":"product_tag","embeddable":true,"href":"https:\/\/www.andelutech.com\/de\/wp-json\/wp\/v2\/product_tag?post=3144"}],"curies":[{"name":"wp","href":"https:\/\/api.w.org\/{rel}","templated":true}]}}