{"id":3128,"date":"2025-08-07T14:59:28","date_gmt":"2025-08-07T06:59:28","guid":{"rendered":"https:\/\/www.andelutech.com\/?post_type=product&#038;p=3128"},"modified":"2025-08-27T15:56:48","modified_gmt":"2025-08-27T07:56:48","slug":"grt-series-high-temperature-electrical-connector-2","status":"publish","type":"product","link":"https:\/\/www.andelutech.com\/de\/product\/grt-series-high-temperature-electrical-connector-2\/","title":{"rendered":"GRT -Serie Hochtemperatur -elektrischer Stecker"},"content":{"rendered":"","protected":false},"excerpt":{"rendered":"<p><b>Produkteinf\u00fchrung <\/b><\/p>\n<p>Edelstahlschale<\/p>\n<p>Gewindeverbindung<\/p>\n<p>Verschiedene Schnittstellen und Montagegr\u00f6\u00dfen sind bequem f\u00fcr den Benutzer, Modelle zu w\u00e4hlen<\/p>\n<p>Es kann in -55 \u2103-500 \u2103 verwendet werden, und Teilprodukte sind versiegelt<\/p>\n<p>Das Produkt entspricht den Anforderungen der HB 8477 und der Unternehmensstandard 3E0 204<\/p>\n<p>065JT<\/p>","protected":false},"featured_media":3129,"comment_status":"closed","ping_status":"closed","template":"","meta":[],"product_brand":[],"product_cat":[36],"product_tag":[],"class_list":{"0":"post-3128","1":"product","2":"type-product","3":"status-publish","4":"has-post-thumbnail","6":"product_cat-electrical-connector","8":"first","9":"instock","10":"shipping-taxable","11":"product-type-simple"},"_links":{"self":[{"href":"https:\/\/www.andelutech.com\/de\/wp-json\/wp\/v2\/product\/3128","targetHints":{"allow":["GET"]}}],"collection":[{"href":"https:\/\/www.andelutech.com\/de\/wp-json\/wp\/v2\/product"}],"about":[{"href":"https:\/\/www.andelutech.com\/de\/wp-json\/wp\/v2\/types\/product"}],"replies":[{"embeddable":true,"href":"https:\/\/www.andelutech.com\/de\/wp-json\/wp\/v2\/comments?post=3128"}],"wp:featuredmedia":[{"embeddable":true,"href":"https:\/\/www.andelutech.com\/de\/wp-json\/wp\/v2\/media\/3129"}],"wp:attachment":[{"href":"https:\/\/www.andelutech.com\/de\/wp-json\/wp\/v2\/media?parent=3128"}],"wp:term":[{"taxonomy":"product_brand","embeddable":true,"href":"https:\/\/www.andelutech.com\/de\/wp-json\/wp\/v2\/product_brand?post=3128"},{"taxonomy":"product_cat","embeddable":true,"href":"https:\/\/www.andelutech.com\/de\/wp-json\/wp\/v2\/product_cat?post=3128"},{"taxonomy":"product_tag","embeddable":true,"href":"https:\/\/www.andelutech.com\/de\/wp-json\/wp\/v2\/product_tag?post=3128"}],"curies":[{"name":"wp","href":"https:\/\/api.w.org\/{rel}","templated":true}]}}