{"id":3124,"date":"2025-08-07T14:36:22","date_gmt":"2025-08-07T06:36:22","guid":{"rendered":"https:\/\/www.andelutech.com\/?post_type=product&#038;p=3124"},"modified":"2025-08-27T14:55:49","modified_gmt":"2025-08-27T06:55:49","slug":"gp-series-circular-electrical-connector-2","status":"publish","type":"product","link":"https:\/\/www.andelutech.com\/de\/product\/gp-series-circular-electrical-connector-2\/","title":{"rendered":"GP Series Circular Electrical Stecker"},"content":{"rendered":"","protected":false},"excerpt":{"rendered":"<p>Modifiziertes Produkt des elektrischen Steckers P.<\/p>\n<p>Die Montage- und Positionierungsgr\u00f6\u00dfe stimmt voll und ganz mit p \u00fcberein<\/p>\n<p>10 Schalengr\u00f6\u00dfen und 5 Kontaktspezifikationen<\/p>\n<p>Bayonet Schnellverbindung<\/p>\n<p>F\u00fcnf-Tasten-Positionierung mit Blindeinf\u00fcgungsfunktion<\/p>\n<p>F\u00fcnf-Schl\u00fcssel-Positionierungsidentifikation kann falsches Einf\u00fcgen verhindern<\/p>\n<p>Hochzuverl\u00e4ssige doppelgekr\u00fcmmte springtac TM<\/p>\n<p>Vollverzerrte Biegekabelklemme ist mit anti-rotierender Funktion<\/p>\n<p>PIN -Kontakt- und Sockelkontakt sind f\u00fcr Stecker und Sockel erh\u00e4ltlich<\/p>","protected":false},"featured_media":3125,"comment_status":"closed","ping_status":"closed","template":"","meta":[],"product_brand":[],"product_cat":[36],"product_tag":[],"class_list":{"0":"post-3124","1":"product","2":"type-product","3":"status-publish","4":"has-post-thumbnail","6":"product_cat-electrical-connector","8":"first","9":"instock","10":"shipping-taxable","11":"product-type-simple"},"_links":{"self":[{"href":"https:\/\/www.andelutech.com\/de\/wp-json\/wp\/v2\/product\/3124","targetHints":{"allow":["GET"]}}],"collection":[{"href":"https:\/\/www.andelutech.com\/de\/wp-json\/wp\/v2\/product"}],"about":[{"href":"https:\/\/www.andelutech.com\/de\/wp-json\/wp\/v2\/types\/product"}],"replies":[{"embeddable":true,"href":"https:\/\/www.andelutech.com\/de\/wp-json\/wp\/v2\/comments?post=3124"}],"wp:featuredmedia":[{"embeddable":true,"href":"https:\/\/www.andelutech.com\/de\/wp-json\/wp\/v2\/media\/3125"}],"wp:attachment":[{"href":"https:\/\/www.andelutech.com\/de\/wp-json\/wp\/v2\/media?parent=3124"}],"wp:term":[{"taxonomy":"product_brand","embeddable":true,"href":"https:\/\/www.andelutech.com\/de\/wp-json\/wp\/v2\/product_brand?post=3124"},{"taxonomy":"product_cat","embeddable":true,"href":"https:\/\/www.andelutech.com\/de\/wp-json\/wp\/v2\/product_cat?post=3124"},{"taxonomy":"product_tag","embeddable":true,"href":"https:\/\/www.andelutech.com\/de\/wp-json\/wp\/v2\/product_tag?post=3124"}],"curies":[{"name":"wp","href":"https:\/\/api.w.org\/{rel}","templated":true}]}}