{"id":3078,"date":"2025-08-07T10:26:59","date_gmt":"2025-08-07T02:26:59","guid":{"rendered":"https:\/\/www.andelutech.com\/?post_type=product&#038;p=3078"},"modified":"2025-08-26T13:30:58","modified_gmt":"2025-08-26T05:30:58","slug":"2px-series-electrical-connector-2","status":"publish","type":"product","link":"https:\/\/www.andelutech.com\/de\/product\/2px-series-electrical-connector-2\/","title":{"rendered":"2px -Serie Elektrischer Stecker"},"content":{"rendered":"","protected":false},"excerpt":{"rendered":"<p>2PM und 2PM\u0414 kleine kreisf\u00f6rmige elektrische Stecker wird f\u00fcr die elektrische Verbindung von elektrischen Ger\u00e4ten und Funkager\u00e4ten verwendet. Der Stecker und die Steckdose werden mittels Gewindemutter verbunden.<\/p>\n<p>2PM\u0393 und 2PM\u0414\u0393 sind versiegelter Typ. 2PM\u0413\u041f und 2PM\u0413\u041f\u0414 sind durchwanddicht.<\/p>\n<p>Inl\u00e4ndisches Modell: 2px<\/p>\n<p>(14.00 Uhr 2 PMetz -Serie haben das einheitliche Modell von 2px mit dem einheitlichen Kombinationscode)<\/p>","protected":false},"featured_media":3079,"comment_status":"closed","ping_status":"closed","template":"","meta":[],"product_brand":[],"product_cat":[36],"product_tag":[],"class_list":{"0":"post-3078","1":"product","2":"type-product","3":"status-publish","4":"has-post-thumbnail","6":"product_cat-electrical-connector","8":"first","9":"instock","10":"shipping-taxable","11":"product-type-simple"},"_links":{"self":[{"href":"https:\/\/www.andelutech.com\/de\/wp-json\/wp\/v2\/product\/3078","targetHints":{"allow":["GET"]}}],"collection":[{"href":"https:\/\/www.andelutech.com\/de\/wp-json\/wp\/v2\/product"}],"about":[{"href":"https:\/\/www.andelutech.com\/de\/wp-json\/wp\/v2\/types\/product"}],"replies":[{"embeddable":true,"href":"https:\/\/www.andelutech.com\/de\/wp-json\/wp\/v2\/comments?post=3078"}],"wp:featuredmedia":[{"embeddable":true,"href":"https:\/\/www.andelutech.com\/de\/wp-json\/wp\/v2\/media\/3079"}],"wp:attachment":[{"href":"https:\/\/www.andelutech.com\/de\/wp-json\/wp\/v2\/media?parent=3078"}],"wp:term":[{"taxonomy":"product_brand","embeddable":true,"href":"https:\/\/www.andelutech.com\/de\/wp-json\/wp\/v2\/product_brand?post=3078"},{"taxonomy":"product_cat","embeddable":true,"href":"https:\/\/www.andelutech.com\/de\/wp-json\/wp\/v2\/product_cat?post=3078"},{"taxonomy":"product_tag","embeddable":true,"href":"https:\/\/www.andelutech.com\/de\/wp-json\/wp\/v2\/product_tag?post=3078"}],"curies":[{"name":"wp","href":"https:\/\/api.w.org\/{rel}","templated":true}]}}