{"id":3018,"date":"2025-07-31T11:19:19","date_gmt":"2025-07-31T03:19:19","guid":{"rendered":"https:\/\/www.andelutech.com\/?post_type=product&#038;p=3018"},"modified":"2026-03-26T16:18:19","modified_gmt":"2026-03-26T08:18:19","slug":"micro-photonic-integrated-fiber-optic-gyroscope-and112","status":"publish","type":"product","link":"https:\/\/www.andelutech.com\/de\/product\/micro-photonic-integrated-fiber-optic-gyroscope-and112\/","title":{"rendered":"AND112 Micro photonic integrated fiber optic gyroscope"},"content":{"rendered":"","protected":false},"excerpt":{"rendered":"<p>Hauptleistungsindikatoren<\/p>\n<p>Zero-Bias-Stabilit\u00e4t: \u22642\u00b0\/h (10s, 1\u03c3)<\/p>\n<p>Zero Bias Wiederholbarkeit: \u22642\u00b0\/h<\/p>\n<p>Variable Temperaturstabilit\u00e4t: \u226430\u00b0\/h<\/p>\n<p>Skalafaktor Nichtlinearit\u00e4t: \u22641000ppm<\/p>\n<p>Volle Temperaturskala Wiederholbarkeit: \u22641% (p-p)<\/p>\n<p>Dynamischer Bereich: \u00b1500\u00b0\/s<\/p>\n<p>Zuf\u00e4lliges Wandern: \u22640.0015\u00b0\/\u221ah<\/p>\n<p>Physikalische Eigenschaften<\/p>\n<p>Abmessungen: 25mm \u00d7 25mm \u00d7 50mm<\/p>\n<p>Gewicht: 50g \u00b1 5g<\/p>\n<p>Produktschnittstelle<\/p>\n<p>Stromversorgungsanforderungen: \u00b15V<\/p>\n<p>Ausgangsform: Ausgang RS422<\/p>\n<p>Umweltanpassungsf\u00e4higkeit<\/p>\n<p>Betriebstemperatur: -50\u2103- 75\u2103<\/p>\n<p>Lagertemperatur: -55 \u2103 - 85 \u2103<\/p>\n<p>Schlagfest: 500g<\/p>\n<p>Widerstand gegen zuf\u00e4llige Vibrationen: 20g<\/p>\n<p>Beschleunigungswiderstand: 50g<\/p>\n<p>Produkteigenschaften<\/p>\n<p>Eigenschaften: Kleine Gr\u00f6\u00dfe, geringer Stromverbrauch, niedrige Kosten, hohe Zuverl\u00e4ssigkeit Anwendungen: Sucher, Haltungskontrolle<\/p>","protected":false},"featured_media":3305,"comment_status":"closed","ping_status":"closed","template":"","meta":[],"product_brand":[],"product_cat":[22],"product_tag":[],"class_list":{"0":"post-3018","1":"product","2":"type-product","3":"status-publish","4":"has-post-thumbnail","6":"product_cat-gyro-sensor","8":"first","9":"instock","10":"shipping-taxable","11":"product-type-simple"},"_links":{"self":[{"href":"https:\/\/www.andelutech.com\/de\/wp-json\/wp\/v2\/product\/3018","targetHints":{"allow":["GET"]}}],"collection":[{"href":"https:\/\/www.andelutech.com\/de\/wp-json\/wp\/v2\/product"}],"about":[{"href":"https:\/\/www.andelutech.com\/de\/wp-json\/wp\/v2\/types\/product"}],"replies":[{"embeddable":true,"href":"https:\/\/www.andelutech.com\/de\/wp-json\/wp\/v2\/comments?post=3018"}],"wp:featuredmedia":[{"embeddable":true,"href":"https:\/\/www.andelutech.com\/de\/wp-json\/wp\/v2\/media\/3305"}],"wp:attachment":[{"href":"https:\/\/www.andelutech.com\/de\/wp-json\/wp\/v2\/media?parent=3018"}],"wp:term":[{"taxonomy":"product_brand","embeddable":true,"href":"https:\/\/www.andelutech.com\/de\/wp-json\/wp\/v2\/product_brand?post=3018"},{"taxonomy":"product_cat","embeddable":true,"href":"https:\/\/www.andelutech.com\/de\/wp-json\/wp\/v2\/product_cat?post=3018"},{"taxonomy":"product_tag","embeddable":true,"href":"https:\/\/www.andelutech.com\/de\/wp-json\/wp\/v2\/product_tag?post=3018"}],"curies":[{"name":"wp","href":"https:\/\/api.w.org\/{rel}","templated":true}]}}