{"id":3014,"date":"2025-07-31T11:11:35","date_gmt":"2025-07-31T03:11:35","guid":{"rendered":"https:\/\/www.andelutech.com\/?post_type=product&#038;p=3014"},"modified":"2026-03-26T16:25:08","modified_gmt":"2026-03-26T08:25:08","slug":"photonics-integrated-dual-axis-fiber-optic-gyro-and213","status":"publish","type":"product","link":"https:\/\/www.andelutech.com\/de\/product\/photonics-integrated-dual-axis-fiber-optic-gyro-and213\/","title":{"rendered":"AND213 Photonics integrated dual-axis fiber optic gyro"},"content":{"rendered":"","protected":false},"excerpt":{"rendered":"<p>Hauptleistungsindikatoren<\/p>\n<p>Zero-Bias-Stabilit\u00e4t: \u22642\u00b0\/h (10s, 1\u03c3)<\/p>\n<p>Zero Bias Wiederholbarkeit: \u22642\u00b0\/h<\/p>\n<p>Variable Temperaturstabilit\u00e4t: \u226430\u00b0\/h<\/p>\n<p>Skalafaktor Nichtlinearit\u00e4t: \u22641000ppm<\/p>\n<p>Volle Temperaturskala Wiederholbarkeit: \u22641% (p-p)<\/p>\n<p>Dynamischer Bereich: \u00b1500\u00b0\/s<\/p>\n<p>Zuf\u00e4lliges Wandern: \u22640.0015\u00b0\/\u221ah<\/p>\n<p>Physikalische Eigenschaften<\/p>\n<p>Abmessungen: 74mm \u00d7 69mm \u00d7 55mm<\/p>\n<p>Gewicht: 300g\u00b110g<\/p>\n<p>Produktschnittstelle<\/p>\n<p>Stromversorgungsanforderungen : +5V<\/p>\n<p>Ausgangsform: Ausgang RS422<\/p>\n<p>Umweltanpassungsf\u00e4higkeit<\/p>\n<p>Betriebstemperatur: -50 \u2103 - 75 \u2103<\/p>\n<p>Lagertemperatur: -55 \u2103 - 85 \u2103<\/p>\n<p>Schlagfest: 500g<\/p>\n<p>Widerstand gegen zuf\u00e4llige Vibrationen: 20g<\/p>\n<p>Beschleunigungswiderstand: 50g<\/p>\n<p>Produkteigenschaften<\/p>\n<p>Kleine Gr\u00f6\u00dfe, geringer Stromverbrauch, niedrige Kosten, hohe Zuverl\u00e4ssigkeit<\/p>\n<p>Anwendungen: Seeker, Haltungskontrolle<\/p>","protected":false},"featured_media":3310,"comment_status":"closed","ping_status":"closed","template":"","meta":[],"product_brand":[],"product_cat":[22],"product_tag":[],"class_list":{"0":"post-3014","1":"product","2":"type-product","3":"status-publish","4":"has-post-thumbnail","6":"product_cat-gyro-sensor","8":"first","9":"instock","10":"shipping-taxable","11":"product-type-simple"},"_links":{"self":[{"href":"https:\/\/www.andelutech.com\/de\/wp-json\/wp\/v2\/product\/3014","targetHints":{"allow":["GET"]}}],"collection":[{"href":"https:\/\/www.andelutech.com\/de\/wp-json\/wp\/v2\/product"}],"about":[{"href":"https:\/\/www.andelutech.com\/de\/wp-json\/wp\/v2\/types\/product"}],"replies":[{"embeddable":true,"href":"https:\/\/www.andelutech.com\/de\/wp-json\/wp\/v2\/comments?post=3014"}],"wp:featuredmedia":[{"embeddable":true,"href":"https:\/\/www.andelutech.com\/de\/wp-json\/wp\/v2\/media\/3310"}],"wp:attachment":[{"href":"https:\/\/www.andelutech.com\/de\/wp-json\/wp\/v2\/media?parent=3014"}],"wp:term":[{"taxonomy":"product_brand","embeddable":true,"href":"https:\/\/www.andelutech.com\/de\/wp-json\/wp\/v2\/product_brand?post=3014"},{"taxonomy":"product_cat","embeddable":true,"href":"https:\/\/www.andelutech.com\/de\/wp-json\/wp\/v2\/product_cat?post=3014"},{"taxonomy":"product_tag","embeddable":true,"href":"https:\/\/www.andelutech.com\/de\/wp-json\/wp\/v2\/product_tag?post=3014"}],"curies":[{"name":"wp","href":"https:\/\/api.w.org\/{rel}","templated":true}]}}