{"id":3012,"date":"2025-07-31T10:55:22","date_gmt":"2025-07-31T02:55:22","guid":{"rendered":"https:\/\/www.andelutech.com\/?post_type=product&#038;p=3012"},"modified":"2026-03-26T16:29:36","modified_gmt":"2026-03-26T08:29:36","slug":"ultra-high-precision-laser-gyroscope-type-120","status":"publish","type":"product","link":"https:\/\/www.andelutech.com\/de\/product\/ultra-high-precision-laser-gyroscope-type-120\/","title":{"rendered":"AND120 Ultra-high precision laser gyroscope Type"},"content":{"rendered":"","protected":false},"excerpt":{"rendered":"<p>Leistungsmetriken<\/p>\n<p>Zero-Bias-Stabilit\u00e4t: \u22640,001 \u00b0 \/ h<\/p>\n<p>Zero-Bias-Wiederholbarkeit: \u22640,0005\u00b0\/h<\/p>\n<p>Wiederholbarkeit der Skalafaktoren: \u22641ppm<\/p>\n<p>Skalafaktor nicht linear: \u22641ppm<\/p>\n<p>Dynamischer Bereich: \u00b1400\u00b0\/s<\/p>\n<p>Physikalische Eigenschaften<\/p>\n<p>Sensortyp<strong><b>\uff1a<\/b><\/strong><\/p>\n<p>Gr\u00f6\u00dfe: 149mm \u00d7 132mm \u00d7 31mm<\/p>\n<p>Gewicht: 1,02 kg<\/p>\n<p>Digitaler Typ<strong><b>\uff1a<\/b><\/strong><\/p>\n<p>Gr\u00f6\u00dfe: 169mm \u00d7 154mm \u00d7 59mm<\/p>\n<p>Gewicht: 3kg<\/p>\n<p>Schnittstellenfunktionen<\/p>\n<p>Sensortyp<strong><b>\uff1a<\/b><\/strong><\/p>\n<p>Ausgangsmodus: analoges Signal<\/p>\n<p>Digitaler Typ<strong><b>\uff1a<\/b><\/strong><\/p>\n<p>Ausgabemethode: TTL<\/p>\n<p>Datenschnittstelle: Standardverbinder<\/p>\n<p>Anwendungen<\/p>\n<p>See-, Land-, Luft- und Raumpr\u00e4zisionslaser-Strap-Down-Tr\u00e4gheitsf\u00fchrungssystem, Positionierungs- und Orientierungssystem<\/p>\n<p>Umweltanpassungsf\u00e4higkeit<\/p>\n<p>Betriebstemperatur: -45 \u2103 ~ 70 \u2103<\/p>\n<p>Zuf\u00e4llige Vibration: 7g (20 ~ 2000Hz)<\/p>","protected":false},"featured_media":3312,"comment_status":"closed","ping_status":"closed","template":"","meta":[],"product_brand":[],"product_cat":[22],"product_tag":[],"class_list":{"0":"post-3012","1":"product","2":"type-product","3":"status-publish","4":"has-post-thumbnail","6":"product_cat-gyro-sensor","8":"first","9":"instock","10":"shipping-taxable","11":"product-type-simple"},"_links":{"self":[{"href":"https:\/\/www.andelutech.com\/de\/wp-json\/wp\/v2\/product\/3012","targetHints":{"allow":["GET"]}}],"collection":[{"href":"https:\/\/www.andelutech.com\/de\/wp-json\/wp\/v2\/product"}],"about":[{"href":"https:\/\/www.andelutech.com\/de\/wp-json\/wp\/v2\/types\/product"}],"replies":[{"embeddable":true,"href":"https:\/\/www.andelutech.com\/de\/wp-json\/wp\/v2\/comments?post=3012"}],"wp:featuredmedia":[{"embeddable":true,"href":"https:\/\/www.andelutech.com\/de\/wp-json\/wp\/v2\/media\/3312"}],"wp:attachment":[{"href":"https:\/\/www.andelutech.com\/de\/wp-json\/wp\/v2\/media?parent=3012"}],"wp:term":[{"taxonomy":"product_brand","embeddable":true,"href":"https:\/\/www.andelutech.com\/de\/wp-json\/wp\/v2\/product_brand?post=3012"},{"taxonomy":"product_cat","embeddable":true,"href":"https:\/\/www.andelutech.com\/de\/wp-json\/wp\/v2\/product_cat?post=3012"},{"taxonomy":"product_tag","embeddable":true,"href":"https:\/\/www.andelutech.com\/de\/wp-json\/wp\/v2\/product_tag?post=3012"}],"curies":[{"name":"wp","href":"https:\/\/api.w.org\/{rel}","templated":true}]}}