{"id":3009,"date":"2025-07-31T10:43:47","date_gmt":"2025-07-31T02:43:47","guid":{"rendered":"https:\/\/www.andelutech.com\/?post_type=product&#038;p=3009"},"modified":"2026-03-26T16:35:04","modified_gmt":"2026-03-26T08:35:04","slug":"miniaturized-digital-laser-gyroscope-type-50","status":"publish","type":"product","link":"https:\/\/www.andelutech.com\/de\/product\/miniaturized-digital-laser-gyroscope-type-50\/","title":{"rendered":"AND50 Miniaturized digital laser gyroscope"},"content":{"rendered":"","protected":false},"excerpt":{"rendered":"<p>Leistungsmetriken<\/p>\n<p>Zero-Bias-Stabilit\u00e4t: \u22640,007 \u00b0 \/ h<\/p>\n<p>Zero-Bias-Wiederholbarkeit: \u22640,007 \u00b0 \/ h<\/p>\n<p>Wiederholbarkeit der Skalafaktoren: \u22645ppm<\/p>\n<p>Skalafaktor nicht linear: \u22645ppm<\/p>\n<p>Dynamischer Bereich: \u00b1400\u00b0\/s<\/p>\n<p>Physikalische Eigenschaften<\/p>\n<p>Sensortyp<strong><b>\uff1a<\/b><\/strong><\/p>\n<p>Gr\u00f6\u00dfe: 76mm \u00d7 73mm \u00d7 25,5mm<\/p>\n<p>Gewicht: 0,25 kg<\/p>\n<p>Digitaler Typ<strong><b>\uff1a<\/b><\/strong><\/p>\n<p>Verpackungsgr\u00f6\u00dfe: \u03a694mm \u00d7 48mm<\/p>\n<p>Gewicht: 0,55 kg<\/p>\n<p>Schnittstellenfunktionen<\/p>\n<p>Sensortyp<strong><b>\uff1a<\/b><\/strong><\/p>\n<p>Ausgangsmodus: analoges Signal<\/p>\n<p>Digitaler Typ<strong><b>\uff1a<\/b><\/strong><\/p>\n<p>Ausgangsmethode: RS422<\/p>\n<p>Datenschnittstelle: Standardverbinder<\/p>\n<p>Anwendungen<\/p>\n<p>Miniaturisiertes Laser-Strap-Down-Tr\u00e4gheitsf\u00fchrungssystem<\/p>\n<p>Umweltanpassungsf\u00e4higkeit<\/p>\n<p>Betriebstemperatur: -45 \u2103 ~ 70 \u2103<\/p>\n<p>Zuf\u00e4llige Vibration: 7g (20 ~ 2000Hz)<\/p>","protected":false},"featured_media":3315,"comment_status":"closed","ping_status":"closed","template":"","meta":[],"product_brand":[],"product_cat":[22],"product_tag":[],"class_list":{"0":"post-3009","1":"product","2":"type-product","3":"status-publish","4":"has-post-thumbnail","6":"product_cat-gyro-sensor","8":"first","9":"instock","10":"shipping-taxable","11":"product-type-simple"},"_links":{"self":[{"href":"https:\/\/www.andelutech.com\/de\/wp-json\/wp\/v2\/product\/3009","targetHints":{"allow":["GET"]}}],"collection":[{"href":"https:\/\/www.andelutech.com\/de\/wp-json\/wp\/v2\/product"}],"about":[{"href":"https:\/\/www.andelutech.com\/de\/wp-json\/wp\/v2\/types\/product"}],"replies":[{"embeddable":true,"href":"https:\/\/www.andelutech.com\/de\/wp-json\/wp\/v2\/comments?post=3009"}],"wp:featuredmedia":[{"embeddable":true,"href":"https:\/\/www.andelutech.com\/de\/wp-json\/wp\/v2\/media\/3315"}],"wp:attachment":[{"href":"https:\/\/www.andelutech.com\/de\/wp-json\/wp\/v2\/media?parent=3009"}],"wp:term":[{"taxonomy":"product_brand","embeddable":true,"href":"https:\/\/www.andelutech.com\/de\/wp-json\/wp\/v2\/product_brand?post=3009"},{"taxonomy":"product_cat","embeddable":true,"href":"https:\/\/www.andelutech.com\/de\/wp-json\/wp\/v2\/product_cat?post=3009"},{"taxonomy":"product_tag","embeddable":true,"href":"https:\/\/www.andelutech.com\/de\/wp-json\/wp\/v2\/product_tag?post=3009"}],"curies":[{"name":"wp","href":"https:\/\/api.w.org\/{rel}","templated":true}]}}