{"id":2941,"date":"2025-07-30T13:27:15","date_gmt":"2025-07-30T05:27:15","guid":{"rendered":"https:\/\/www.andelutech.com\/?post_type=product&#038;p=2941"},"modified":"2026-03-26T16:47:39","modified_gmt":"2026-03-26T08:47:39","slug":"motion-reference-unit-series-and-mru-c","status":"publish","type":"product","link":"https:\/\/www.andelutech.com\/de\/product\/motion-reference-unit-series-and-mru-c\/","title":{"rendered":"AND-MRU-C Motion reference unit series"},"content":{"rendered":"","protected":false},"excerpt":{"rendered":"<p>AND-MRU ist ein Motion Reference Unit (MRU) Produkt, das eine hochpr\u00e4zise MEMS IMU als Kernsensor verwendet und fortgeschrittene hochpr\u00e4zise Haltungs- und Steig- und Fallalgorithmen kombiniert. Dieses Ger\u00e4t kann Echtzeit-Messinformationen von Objekten in Richtung H\u00f6he, Rolle, Anstieg und Einstellung liefern und wird weit verbreitet in Szenarien verwendet, die eine hochpr\u00e4zise Bewegungs\u00fcberwachung erfordern. In Marineanwendungen werden MRUs verwendet, um die dynamische Haltung von Schiffen und Offshore-Strukturen zu \u00fcberwachen, um ihr Gleichgewicht und ihre Stabilit\u00e4t in komplexen Umgebungen wie Wellen und Wind zu gew\u00e4hrleisten.<\/p>\n<p>Produktleistungsindikatoren<br \/>\nArbeitstemperatur: -40\u00b0C ~ 80\u00b0C<br \/>\nLagertemperatur: -45\u00b0C ~ 85\u00b0C<br \/>\nSpannung: 6V ~ 30V<br \/>\nStromverbrauch: \u22643.0W<\/p>","protected":false},"featured_media":3332,"comment_status":"closed","ping_status":"closed","template":"","meta":[],"product_brand":[],"product_cat":[26],"product_tag":[],"class_list":{"0":"post-2941","1":"product","2":"type-product","3":"status-publish","4":"has-post-thumbnail","6":"product_cat-imu-mems-ins","8":"first","9":"instock","10":"shipping-taxable","11":"product-type-simple"},"_links":{"self":[{"href":"https:\/\/www.andelutech.com\/de\/wp-json\/wp\/v2\/product\/2941","targetHints":{"allow":["GET"]}}],"collection":[{"href":"https:\/\/www.andelutech.com\/de\/wp-json\/wp\/v2\/product"}],"about":[{"href":"https:\/\/www.andelutech.com\/de\/wp-json\/wp\/v2\/types\/product"}],"replies":[{"embeddable":true,"href":"https:\/\/www.andelutech.com\/de\/wp-json\/wp\/v2\/comments?post=2941"}],"wp:featuredmedia":[{"embeddable":true,"href":"https:\/\/www.andelutech.com\/de\/wp-json\/wp\/v2\/media\/3332"}],"wp:attachment":[{"href":"https:\/\/www.andelutech.com\/de\/wp-json\/wp\/v2\/media?parent=2941"}],"wp:term":[{"taxonomy":"product_brand","embeddable":true,"href":"https:\/\/www.andelutech.com\/de\/wp-json\/wp\/v2\/product_brand?post=2941"},{"taxonomy":"product_cat","embeddable":true,"href":"https:\/\/www.andelutech.com\/de\/wp-json\/wp\/v2\/product_cat?post=2941"},{"taxonomy":"product_tag","embeddable":true,"href":"https:\/\/www.andelutech.com\/de\/wp-json\/wp\/v2\/product_tag?post=2941"}],"curies":[{"name":"wp","href":"https:\/\/api.w.org\/{rel}","templated":true}]}}