{"id":2938,"date":"2025-07-30T11:34:35","date_gmt":"2025-07-30T03:34:35","guid":{"rendered":"https:\/\/www.andelutech.com\/?post_type=product&#038;p=2938"},"modified":"2026-03-26T16:48:19","modified_gmt":"2026-03-26T08:48:19","slug":"anti-interference-antenna-and-receiver-series-and-dr100","status":"publish","type":"product","link":"https:\/\/www.andelutech.com\/de\/product\/anti-interference-antenna-and-receiver-series-and-dr100\/","title":{"rendered":"AND-DR100 Anti-interference antenna and receiver series"},"content":{"rendered":"<p>Produktleistungsindikatoren<br \/>\nBetriebstemperatur: -40\u00b0C ~ 85\u00b0C<br \/>\nLagertemperatur: -45 \u00b0 C ~ 85 \u00b0 C<br \/>\nSpannung: 9V ~ 36V<br \/>\nStromverbrauch: \u226412.0W<br \/>\nVolumen: \u2264100mm \u00d7 100mm \u00d7 30mm<br \/>\nGewicht: \u22643000g<br \/>\nKommunikationsschnittstelle: R5422<\/p>","protected":false},"excerpt":{"rendered":"<p>AND-DR100 Anti-Interferenz-Empf\u00e4nger integriert 4-Kanal-Array-Antenne-Anti-Interferenz und hochdynamischen Satellitenempf\u00e4nger, der BDS B11 und GPS L1 Frequenzpunktsignale empfangen kann, die die technischen Anforderungen verschiedener hochdynamischer Tr\u00e4ger und hochdynamischer Anwendungen erf\u00fcllen k\u00f6nnen und das integrierte Design von Antennenvibrationsquelle, RF, Anti-Interferenzmodul, Satellitenempf\u00e4nger-Basisband und L\u00f6sung in einer sehr kleinen Gr\u00f6\u00dfe realisieren k\u00f6nnen und den Bed\u00fcrfnissen von zuverl\u00e4ssigen und kosteng\u00fcnstigen Anwendungen gerecht werden.<br \/>\nEs hat die F\u00e4higkeit, allen Arten von unterdr\u00fcckten St\u00f6rungen zu widerstehen, einschlie\u00dflich, aber nicht beschr\u00e4nkt auf Einzeltr\u00e4ger, gefegte Frequenz, Puls, Breitbandmodulation, S\u00e4gezahnwelle, Dreieckswelle und andere Arten von St\u00f6rungen und jede Kombination von St\u00f6rungen.<\/p>\n<p>&nbsp;<\/p>","protected":false},"featured_media":2939,"comment_status":"closed","ping_status":"closed","template":"","meta":[],"product_brand":[],"product_cat":[26],"product_tag":[],"class_list":{"0":"post-2938","1":"product","2":"type-product","3":"status-publish","4":"has-post-thumbnail","6":"product_cat-imu-mems-ins","8":"first","9":"instock","10":"shipping-taxable","11":"product-type-simple"},"_links":{"self":[{"href":"https:\/\/www.andelutech.com\/de\/wp-json\/wp\/v2\/product\/2938","targetHints":{"allow":["GET"]}}],"collection":[{"href":"https:\/\/www.andelutech.com\/de\/wp-json\/wp\/v2\/product"}],"about":[{"href":"https:\/\/www.andelutech.com\/de\/wp-json\/wp\/v2\/types\/product"}],"replies":[{"embeddable":true,"href":"https:\/\/www.andelutech.com\/de\/wp-json\/wp\/v2\/comments?post=2938"}],"wp:featuredmedia":[{"embeddable":true,"href":"https:\/\/www.andelutech.com\/de\/wp-json\/wp\/v2\/media\/2939"}],"wp:attachment":[{"href":"https:\/\/www.andelutech.com\/de\/wp-json\/wp\/v2\/media?parent=2938"}],"wp:term":[{"taxonomy":"product_brand","embeddable":true,"href":"https:\/\/www.andelutech.com\/de\/wp-json\/wp\/v2\/product_brand?post=2938"},{"taxonomy":"product_cat","embeddable":true,"href":"https:\/\/www.andelutech.com\/de\/wp-json\/wp\/v2\/product_cat?post=2938"},{"taxonomy":"product_tag","embeddable":true,"href":"https:\/\/www.andelutech.com\/de\/wp-json\/wp\/v2\/product_tag?post=2938"}],"curies":[{"name":"wp","href":"https:\/\/api.w.org\/{rel}","templated":true}]}}